{"id":242450,"date":"2025-05-30T11:19:48","date_gmt":"2025-05-30T11:19:48","guid":{"rendered":"https:\/\/eu.intelligentlabs.org\/product\/otroske-zivljenjske-kulture\/"},"modified":"2025-09-27T17:23:23","modified_gmt":"2025-09-27T16:23:23","slug":"probiotiki-in-prebiotiki-za-otroke","status":"publish","type":"product","link":"https:\/\/eu.intelligentlabs.org\/sl-si\/product\/probiotiki-in-prebiotiki-za-otroke\/","title":{"rendered":"Probiotiki in prebiotiki za otroke"},"content":{"rendered":"","protected":false},"excerpt":{"rendered":"<p>Podpira prebavo, imunski siste, in kognitivno zdravje<\/p>\n<ul>\n<li>Super okus, \u017eve\u010dljive tablete, ki jih otroci imajo radi.<\/li>\n<li>100% brez sladkorja (ve\u010dina prehranskih dodatkov za otroke je polna sladkorja)<\/li>\n<li>Minimalno 6 milijard CFU na tableto<\/li>\n<li>Vsaka tableta vsebuje vlaknine Sunfiber\u00ae in FOS<\/li>\n<li>Vsebina stekleni\u010dke: 60 kapsul (za 60 dni)<\/li>\n<li>Brez-GSO, soje, p\u0161enice, mle\u010dnih proizvodov, jajc in \u017eivalskih derivatov<\/li>\n<li>100% garancija na vra\u010dilo denarja<\/li>\n<li>Brezpla\u010dna po\u0161tnina<\/li>\n<\/ul>\n","protected":false},"featured_media":242451,"comment_status":"closed","ping_status":"closed","template":"","meta":{"_kad_blocks_custom_css":"","_kad_blocks_head_custom_js":"","_kad_blocks_body_custom_js":"","_kad_blocks_footer_custom_js":"","_kad_post_transparent":"default","_kad_post_title":"","_kad_post_layout":"default","_kad_post_sidebar_id":"","_kad_post_content_style":"default","_kad_post_vertical_padding":"default","_kad_post_feature":"","_kad_post_feature_position":"","_kad_post_header":false,"_kad_post_footer":false,"_kad_post_classname":""},"product_brand":[],"product_cat":[3221],"product_tag":[3231,3229,3230,3232],"class_list":{"0":"post-242450","1":"product","2":"type-product","3":"status-publish","4":"has-post-thumbnail","6":"product_cat-zivljenjske-kulture","7":"product_tag-otroski-probiotiki-in-prebiotiki","8":"product_tag-prebiotiki","9":"product_tag-probiotik-za-dojencke","10":"product_tag-sunfiberf-sl-si","11":"has-subscription-plans","13":"first","14":"instock","15":"taxable","16":"shipping-taxable","17":"purchasable","18":"product-type-simple","19":"entry","20":"content-bg","21":"loop-entry"},"taxonomy_info":{"product_cat":[{"value":3221,"label":"\u017divljenjske kulture"}],"product_tag":[{"value":3231,"label":"otro\u0161ki probiotiki in prebiotiki"},{"value":3229,"label":"prebiotiki"},{"value":3230,"label":"probiotik za dojen\u010dke"},{"value":3232,"label":"sunfiberf"}]},"featured_image_src_large":["https:\/\/eu.intelligentlabs.org\/wp-content\/uploads\/2025\/05\/kidpro-main.jpg",1000,1000,false],"author_info":[],"comment_info":0,"wpml":{"language":"sl-si","is_original":false,"original_post_id":133306,"translations":{"bg-bg":{"id":225510,"language":"bg-bg","is_original":false},"cs-cz":{"id":221935,"language":"cs-cz","is_original":false},"da-dk":{"id":222817,"language":"da-dk","is_original":false},"de-at":{"id":167690,"language":"de-at","is_original":false},"de-de":{"id":133306,"language":"de-de","is_original":true},"el-cy":{"id":229418,"language":"el-cy","is_original":false},"el-gr":{"id":229080,"language":"el-gr","is_original":false},"en-ie":{"id":167104,"language":"en-ie","is_original":false},"en-mt":{"id":167379,"language":"en-mt","is_original":false},"et-ee":{"id":229649,"language":"et-ee","is_original":false},"fi-fi":{"id":237985,"language":"fi-fi","is_original":false},"fr-lu":{"id":221752,"language":"fr-lu","is_original":false},"hu-hu":{"id":224457,"language":"hu-hu","is_original":false},"lt-lt":{"id":237344,"language":"lt-lt","is_original":false},"lv-lv":{"id":230284,"language":"lv-lv","is_original":false},"nl-be":{"id":217960,"language":"nl-be","is_original":false},"nl-nl":{"id":216129,"language":"nl-nl","is_original":false},"pl-pl":{"id":171262,"language":"pl-pl","is_original":false},"ro-ro":{"id":237659,"language":"ro-ro","is_original":false},"sk-sk":{"id":250681,"language":"sk-sk","is_original":false},"sl-si":{"id":242450,"language":"sl-si","is_original":false},"sv-se":{"id":223299,"language":"sv-se","is_original":false}}},"_links":{"self":[{"href":"https:\/\/eu.intelligentlabs.org\/sl-si\/wp-json\/wp\/v2\/product\/242450","targetHints":{"allow":["GET"]}}],"collection":[{"href":"https:\/\/eu.intelligentlabs.org\/sl-si\/wp-json\/wp\/v2\/product"}],"about":[{"href":"https:\/\/eu.intelligentlabs.org\/sl-si\/wp-json\/wp\/v2\/types\/product"}],"replies":[{"embeddable":true,"href":"https:\/\/eu.intelligentlabs.org\/sl-si\/wp-json\/wp\/v2\/comments?post=242450"}],"wp:featuredmedia":[{"embeddable":true,"href":"https:\/\/eu.intelligentlabs.org\/sl-si\/wp-json\/wp\/v2\/media\/242451"}],"wp:attachment":[{"href":"https:\/\/eu.intelligentlabs.org\/sl-si\/wp-json\/wp\/v2\/media?parent=242450"}],"wp:term":[{"taxonomy":"product_brand","embeddable":true,"href":"https:\/\/eu.intelligentlabs.org\/sl-si\/wp-json\/wp\/v2\/product_brand?post=242450"},{"taxonomy":"product_cat","embeddable":true,"href":"https:\/\/eu.intelligentlabs.org\/sl-si\/wp-json\/wp\/v2\/product_cat?post=242450"},{"taxonomy":"product_tag","embeddable":true,"href":"https:\/\/eu.intelligentlabs.org\/sl-si\/wp-json\/wp\/v2\/product_tag?post=242450"}],"curies":[{"name":"wp","href":"https:\/\/api.w.org\/{rel}","templated":true}]}}