{"id":253865,"date":"2025-08-07T09:10:14","date_gmt":"2025-08-07T08:10:14","guid":{"rendered":"https:\/\/eu.intelligentlabs.org\/pogoji-uporabe\/"},"modified":"2025-09-24T08:03:28","modified_gmt":"2025-09-24T07:03:28","slug":"pogoji-uporabe","status":"publish","type":"page","link":"https:\/\/eu.intelligentlabs.org\/sl-si\/pogoji-uporabe\/","title":{"rendered":"Pogoji Uporabe"},"content":{"rendered":"\n<p>Prosimo pozorno preberite Pogoje Uporabe (\u201cPogoji\u201d, \u201cPogoji Uporabe\u201d) pred uporabo <a href=\"https:\/\/eu.intelligentlabs.org\/\">https:\/\/si.intelligentlabs.org<\/a> spletne strani (\u201cDejavnost\u201d) z katero posluje Rad One LTD (\u201cmi\u201d, \u201cnas\u201d, or \u201cna\u0161e\u201d).<\/p>\n\n<p>Va\u0161 dostop in uporaba dejavnosti je pogojevana s sprejemom in upo\u0161tevanjem teh Pogojev. Te Pogoji veljajo za vse obiskovalce, uporabnike in druge, ki Dejavnost uporabljajo. <\/p>\n\n<p><strong>S pristopom in uporabo Dejavnosti se strinjate in ste zavezani za upo\u0161tevanje Pogojev. \u010ce se ne strinjate s Pogoji, do Dejavnosti ne boste imeli dostopa. <\/strong><\/p>\n\n<p><strong>Nakupi<\/strong><\/p>\n\n<p><strong>Spodbujamo vas, da se seznanite s svojimi pravicami kot so zapisene v Sale of Goods Act 1979, Unfair Contract Terms Act 1977 in v Unfair Terms in Consumer Contracts Regulations 1999.<\/strong><\/p>\n\n<p>\u010ce \u017eelite opraviti nakup kateregakoli izdelka ali storitve, ki jo ponuja Dejavnost (\u201dNakup\u201d), od vas lahko zahtevamo dolo\u010dene podatke v povezavi z nakupom, kot je \u0161tevilka kreditne kartice, rok poteka kreditne kartice, va\u0161 naslov in podatki za po\u0161iljanje.<\/p>\n\n<p>You represent and warrant that: (i) imate pravico uporabiti katerokoli kreditno kartico, ali druge na\u010dine pla\u010devanja v povezavi z katerimkoli nakupom; ter da (ii) so vsi podatki, katere nam posredujete resni\u010dni, pravilni in popolni. Izrecno se strinjate s tem, da Rad One LTD ne nosi odgovornosti za posledice v slu\u010daju, da so podatki, katere nam posredujete neresni\u010dni ali napa\u010dni.   <\/p>\n\n<p>Z posredovanjem teh podatkov nam dajete pravico da jih posredujemo drugim dru\u017ebam z namenom zaklju\u010devanja nakupa.<\/p>\n\n<p>Pridr\u017eujemo si pravico kadarkoli zavrniti ali preklicati va\u0161e naro\u010dilo iz slede\u010dih razlogov: raspolo\u017eljivost izdelka, napake v opisu ali ceni izdelka ali storitve, napaka pri va\u0161em naro\u010dilu ali drugi razlogi. Izrecno se strinjate s tem, da Rad One LTD ne more sprejeti odgovornost za izgubo premo\u017eenja ali za \u0161kodo, ki lahko nastane pri preklicu naro\u010dila. <\/p>\n\n<p>Pridr\u017eujemo si pravico zavrniti ali preklicati va\u0161e naro\u010dilo v slu\u010daju da sumimo na prevaro, nedovoljen ali nelegalen na\u010din pla\u010dila.<\/p>\n\n<p>Ponujamo vra\u010dilo denarja 30 dni po nakupu izdelka na vse izdelke. Prosimo <a href=\"https:\/\/eu.intelligentlabs.org\/sl-si\/kontaktirajte-nas\/\">kontaktirajte nas<\/a> na <a href=\"mailto:support@intelligentlabs.org\">support@intelligentlabs.org<\/a> s \u0161tevilko va\u0161ega naro\u010dila za ve\u010d informacij. <\/p>\n\n<p>Ponujamo tri mo\u017enosti za dostavo:<\/p>\n\n<ul class=\"wp-block-list\">\n<li>Priporo\u010deno (1-2 Dni)<\/li>\n\n\n\n<li>Standardno (5-7 Dni)<\/li>\n\n\n\n<li>Hitro (2-5 Dni)<\/li>\n<\/ul>\n\n<p><strong>Vra\u010dilo denarja<\/strong><\/p>\n\n<p>\u010ce niste 100% zadovoljni s svojim nakupom, lahko vrnete izdelek in dobite vra\u010dilo celotnega zneska ali ga zamenjate za katerikoli drug izdelek.<\/p>\n\n<p>Izdelek lahko vrnete do 30 dni od datuma nakupa.<\/p>\n\n<p>Prosimo kontaktirajte nas na <a href=\"mailto:support@intelligentlabs.org\">support@intelligentlabs.org<\/a> da bi dobili vra\u010dilo denarja.<\/p>\n\n<p><strong>Raspolo\u017eljivost, Napake in Neto\u010dnosti<\/strong><\/p>\n\n<p>Storitve in izdelki, ki jih ponujamo v Dejavnosti so pogosto posodobljeni. Storitve ali izdelki, ki se nahajajo na na\u0161i Dejavnosti imajo lahko napa\u010dno ceno, so neto\u010dno opisani ali niso na zalogi. Prav tako se lahko spopadamo s te\u017eavami in zamudami pri posodabljanju podatkov na Dejavnosti in na na\u0161ih oglasih na drugih spletnih straneh. Izrecno se strinjate, da taka ponudba izdelka ali storitve ne predstavlja legalne ponudbe, ki je lahko predmet pravnih posledic.  <\/p>\n\n<p><strong>Nagradne igre, tekmovanja in Promocije<\/strong><\/p>\n\n<p>Kakr\u0161ne koli nagradne igre ali druga\u010dne promocije (skupaj, \u201cPromocije\u201d), ki jih omogo\u010damo preko Dejavnosti imajo lahko druga\u010dna pravila, kot ta opisana v teh Pogojih Poslovanja. V slu\u010daju, da sodelujete v kakr\u0161nikoli Promociji, prosimo preverite z njimi povezana pravila, kot tudi naso Politiko Zasebnosti. V slu\u010daju odstopanj pravil Promocije od Pogojev Poslovanja, veljajo pravila Promocije. Pogoji in pravila kakr\u0161nekoli druge \u201dPromocije\u201d so neodvisna od tega sporazuma.<br\/>   <\/p>\n<style>.wp-block-kadence-advancedheading.kt-adv-heading218522_2c5331-11, .wp-block-kadence-advancedheading.kt-adv-heading218522_2c5331-11[data-kb-block=\"kb-adv-heading218522_2c5331-11\"]{font-style:normal;}.wp-block-kadence-advancedheading.kt-adv-heading218522_2c5331-11 mark.kt-highlight, .wp-block-kadence-advancedheading.kt-adv-heading218522_2c5331-11[data-kb-block=\"kb-adv-heading218522_2c5331-11\"] mark.kt-highlight{font-style:normal;color:#f76a0c;-webkit-box-decoration-break:clone;box-decoration-break:clone;padding-top:0px;padding-right:0px;padding-bottom:0px;padding-left:0px;}.wp-block-kadence-advancedheading.kt-adv-heading218522_2c5331-11 img.kb-inline-image, .wp-block-kadence-advancedheading.kt-adv-heading218522_2c5331-11[data-kb-block=\"kb-adv-heading218522_2c5331-11\"] img.kb-inline-image{width:150px;vertical-align:baseline;}<\/style>\n<p class=\"kt-adv-heading218522_2c5331-11 wp-block-kadence-advancedheading\" data-kb-block=\"kb-adv-heading218522_2c5331-11\">Vsi popusti, promocijske kode ali posebne ponudbe, ki jih ponuja Intelligent Labs, niso prenosljivi in \u200b\u200bjih ni mogo\u010de kombinirati, se\u0161tevati ali uporabljati skupaj z drugimi popusti, promocijami ali ponudbami, razen \u010de je izrecno navedeno druga\u010de.<\/p>\n<style>.wp-block-kadence-advancedheading.kt-adv-heading218522_31aecd-29, .wp-block-kadence-advancedheading.kt-adv-heading218522_31aecd-29[data-kb-block=\"kb-adv-heading218522_31aecd-29\"]{font-style:normal;}.wp-block-kadence-advancedheading.kt-adv-heading218522_31aecd-29 mark.kt-highlight, .wp-block-kadence-advancedheading.kt-adv-heading218522_31aecd-29[data-kb-block=\"kb-adv-heading218522_31aecd-29\"] mark.kt-highlight{font-style:normal;color:#f76a0c;-webkit-box-decoration-break:clone;box-decoration-break:clone;padding-top:0px;padding-right:0px;padding-bottom:0px;padding-left:0px;}.wp-block-kadence-advancedheading.kt-adv-heading218522_31aecd-29 img.kb-inline-image, .wp-block-kadence-advancedheading.kt-adv-heading218522_31aecd-29[data-kb-block=\"kb-adv-heading218522_31aecd-29\"] img.kb-inline-image{width:150px;vertical-align:baseline;}<\/style>\n<p class=\"kt-adv-heading218522_31aecd-29 wp-block-kadence-advancedheading\" data-kb-block=\"kb-adv-heading218522_31aecd-29\">Kode za popust ne veljajo za izdelke, ki so \u017ee v akciji ali so vklju\u010deni v katero koli drugo promocijsko ceno.<\/p>\n<style>.wp-block-kadence-advancedheading.kt-adv-heading218522_af85ad-70, .wp-block-kadence-advancedheading.kt-adv-heading218522_af85ad-70[data-kb-block=\"kb-adv-heading218522_af85ad-70\"]{font-style:normal;}.wp-block-kadence-advancedheading.kt-adv-heading218522_af85ad-70 mark.kt-highlight, .wp-block-kadence-advancedheading.kt-adv-heading218522_af85ad-70[data-kb-block=\"kb-adv-heading218522_af85ad-70\"] mark.kt-highlight{font-style:normal;color:#f76a0c;-webkit-box-decoration-break:clone;box-decoration-break:clone;padding-top:0px;padding-right:0px;padding-bottom:0px;padding-left:0px;}.wp-block-kadence-advancedheading.kt-adv-heading218522_af85ad-70 img.kb-inline-image, .wp-block-kadence-advancedheading.kt-adv-heading218522_af85ad-70[data-kb-block=\"kb-adv-heading218522_af85ad-70\"] img.kb-inline-image{width:150px;vertical-align:baseline;}<\/style>\n<p class=\"kt-adv-heading218522_af85ad-70 wp-block-kadence-advancedheading\" data-kb-block=\"kb-adv-heading218522_af85ad-70\">Vsak poskus uporabe ve\u010d popustov ali kode za popust za artikle v akciji lahko povzro\u010di preklic naro\u010dila ali prilagoditev kon\u010dne cene, da odra\u017ea pravilno upravi\u010denost do popusta. Intelligent Labs si pridr\u017euje pravico, da po lastni presoji in brez predhodnega obvestila spremeni ali prekine katero koli promocijsko ponudbo. <\/p>\n\n<p><strong>Uporabni\u0161ki Ra\u010duni<\/strong><\/p>\n\n<p>Kadar pri nas ustvarite uporabni\u0161ki ra\u010dun nam morate priskrbeti podatke, ki so to\u010dni, popolni in veljavni v sedanjem \u010dasu. V nasprotnem primeru je to kr\u0161itev Pogojev, kar lahko pomeni takoj\u0161njo izklju\u010ditev va\u0161ega uporabni\u0161kega ra\u010duna iz na\u0161e Dejavnosti. <\/p>\n\n<p>Va\u0161a odgovornost je varovati geslo, ki ga uporabljate za dostop do Dejavnosti ali kakr\u0161nihkoli drugih dejanj, ki jih po\u010dnete s pomo\u010djo gesla, ne glede na to ali je geslo za na\u0161o Dejavnost ali za tretje ponudnike.<\/p>\n\n<p>Strinjate se s tem, da ne boste raskazovali svoje geslo drugim osebam ali dejavnostim. Obvestiti nas morate takoj v slu\u010daju kr\u0161itve varnosti ali nedovoljene uporabe va\u0161ega uporabni\u0161kega ra\u010duna. <\/p>\n\n<p>Za svoje uporabni\u0161ko ime ne smete uporabiti imena drugih oseb, imena, ki niso legalno dovoljena, imena znamk, ki so lahko predmet legalnih omejitev ali ime, ki bi lahko bilo vulgarno, \u017ealjivo ali nespodobno. Izrecno se strinjate, da mi ne nosimo materialno odgovornost v slu\u010daju kr\u0161itve ali nerazumevanja tega pravila. <\/p>\n\n<p><strong>Intelektualna Lastnina<\/strong><\/p>\n\n<p>Dejavnost in pripadajo\u010da vsebina, lastnosti in funkcije so in bodo ostali lastnina Rad One LTD in njihovih dajalcev licenc. Dejavnost je za\u0161\u010ditena z avtorskimi pravicami, pravicami znamke in drugimi zakoni v Zedinjenem Kraljevstvu in tujih dr\u017eavah. Na\u0161a znamka in izgled se ne sme uporabljati v povezavi z kakr\u0161nimkoli izdelkom ali storitvijo brez pisnega dovoljenja Rad One LTD.  <\/p>\n\n<p><strong>Povezave h Drugim Spletnim Stranem<\/strong><\/p>\n\n<p>Na\u0161a Dejavnost lahko vsebuje povezave (linke) h tretjim dejavnostim ali spletnim stranem, ki niso v lasti ali pod nadzorom Rad One LTD.<\/p>\n\n<p>Rad One LTD nima kontrole nad in ne prevzema odgovornosti za vsebino, politiko zasebnosti ali prakse tretjih dru\u017eb, spletnih strani ali storitev. Strinjate se tudi s tem, da ne bo materijalno ali druga\u010de odgovoren za materijalno ali druga\u010dno \u0161kodo, ki je lahko posledica uporabe in oslanjanja na tako vsebino, izdelke ali storitve, ki so na voljo na ali preko takih spletnih strani ali dejavnosti. <\/p>\n\n<p>Mo\u010dno priporo\u010damo, da preverite pogoje poslovanja in politike zasebnosti vseh tretjih dru\u017eb ali spletnih strani, ki jih obi\u0161\u010dete.<\/p>\n\n<p><strong>Od\u0161kodnina<\/strong><\/p>\n\n<p>Strinjate se s tem, da ne boste zahtevali od\u0161kodnino ali krivico od Rad One LTD, njihovih podru\u017enic, dajalcev licence, zaposlenih, podogbenikov, agentov, uradnikov in direktorjev glede vseh terjatev, materijalnih in finan\u010dnih \u0161kod, obveznosti, izgube, zadol\u017eitve in stro\u0161kov (vklju\u010dno s sodnimi stro\u0161ki in stro\u0161ki odvetnikov), ki lahko nastanejo zaradi a) uporabe in dostopa h Dejavnosti, vas ali drugega uporabnika z va\u0161im uporabni\u0161kim imenom in geslon ali b) kr\u0161itve teh Pogojev.  <\/p>\n\n<p><strong>Omejitve Odgovornosti<\/strong><\/p>\n\n<p>Rad One LTD vklju\u010dno z njihovimi direktorji, zaposlenimi, partnerji, agenti, dobavitelji ali pogodbeniki ne bo prevzel odgovornosti za kakr\u0161nekoli direktne, indirektne, slu\u010dajne, posledi\u010dne ali kaznene posledice vklju\u010dno z ampak ne omejeno na izgubo dobi\u010dka, podatkov, uporabe, dobre volje ali drugih nematerijalnih izgub, ki so lahko posledica (i) va\u0161ega dostopa ali nezmo\u017enosti dostopanja h Dejavnosti in uporabi le te; (ii) obna\u0161anja ali vsebine tretjih dru\u017eb na Dejavnosti; (iii) vsake vsebine pridobljene na Dejavnosti; (iv) nedovoljenega dostopa, uporabe ali spremembe va\u0161ih prenosov ali vsebine, ki lahko temeljijo na garanciji, pogodbi, \u0161kodnih dejanjih (vklju\u010dno z malomarnostjo) ali drugo pravno snovjo, tudi v slu\u010daju, da smo bili seznanjeni z mo\u017enostjo takih posledic in tudi \u010de ponujena re\u0161itev ni koristila osnovnemu namenu.    <\/p>\n\n<p><strong>Pravno obvestilo<\/strong><\/p>\n\n<p>Uporabljate Dejavnost na lastno odgovornost. Dejavnost omogo\u010damo na bazi \u201dKOT JE\u201d ali \u201dKOT RASPOLO\u017dLJIVO\u201d. Dejavnost omogo\u010damo brez kakr\u0161nihkoli garancij vklju\u010dno, z ampak ne omejeno na, garancijo prodajne kakovosti, primernosti za dolo\u010den namen, nevme\u0161avanja ali poteka izvajanja.  <\/p>\n\n<p>Rad One LTD, njihove odvisne dru\u017ebe, podru\u017enice in dajalci licenc ne zagotavljajo da a) bo Dejavnost delovala neprekinjeno, varno in bo dostopna v dolo\u010denem \u010dasu ali mestu; b) bodo kakr\u0161nekoli napake ali hibe popravljene; c) je Dejavnost brez virusov sli drugih \u0161kodljivih komponent; ali d) bodo rezultati uporabe Dejavnosti v skladanju z va\u0161imi pri\u010dakovanji.    <\/p>\n\n<p><strong>Izjeme<\/strong><\/p>\n\n<p>Brez da bi omejili splo\u0161nost in kljub katerikoli drugi dolo\u010dbi v teh pogojih, Rad One LTD nikoli ni in v nobenem slu\u010daju ne bo ogovoren vam ali drugim osebam za nedirektne, slu\u010dajne, posledi\u010dne, posebne, kaznene ali eksemplari\u010dne izgube in \u0161kode, ki lahko nastanejo iz ali so povezane z va\u0161o uporabo Dejavnosti, teh Pogojev ali snovi teh Pogojev, razvezo teh Pogojev ali druga\u010de, vklju\u010dno z in ne omejeno na osebne po\u0161kodbe, izgubo podatkov, posla, trgov, var\u010devanj, zaslu\u017ekov, profita, uporabe, proizvodnje, ugleda ali dobre bolje, predvideno ali ne, ali ekonomsko izgubo pod kakr\u0161nokoli teorijo odgovornosti (pogodbeni, \u0161kodni, objektivni odgovornosti ali drugi zakonski uredbi) ne glede na malomarnost, drugo krivico ali kr\u0161itev (vklju\u010dno z hudo malomarnostjo in bistvenimi kr\u0161itvami) iz strani Rad One LTD ali katerekoli osebe za katero je Rad One LTD odgovoren, \u010detudi je bil Rad One LTD opozorjen na mo\u017enost take izgube ali \u0161kode.<\/p>\n\n<p><strong>Veljavni Zakoni<\/strong><\/p>\n\n<p>Na\u0161i Pogoji uporabe temeljijo na zakonih v Angliji in Walesu ne glede na kolizije pravnih pristojnosti.<\/p>\n\n<p>Tudi \u010de sami ne bomo izvr\u0161evali pravice ali dolo\u010dbe v teh Pogojih to ne pomeni oprostitve teh pravic. V slu\u010daju, da so kakr\u0161nikoli pogoji v na\u0161ih Pogojih Poslovanja neveljavni ali neizvr\u0161ljivi na sodi\u0161\u010du, preostali pogoji \u0161e vedno ostanejo veljavni. Na\u0161i Pogoji Poslovanja snujejo celotni dogovor med Dejavnostjo in uporabnikom glede na\u0161e Dejavnosti in nadomestijo kakr\u0161nekoli predhodnje dogovore, ki jih lahko imamo z Vami glede Dejavnosti.  <\/p>\n\n<p><strong>Spremembe<\/strong><\/p>\n\n<p>Pridr\u017eujemo si pravico spremeniti ali nadomestiti te Pogoje kadarkoli. V slu\u010daju, da sprememba Pogojev nese materijalni pomen vas bomo o tem obvestili najmanj 30 dni preden novi Pogoji stopijo v veljavo. Kaj predstavlja materijalni pomen dolo\u010dimo sami.  <\/p>\n\n<p>S tem, da nadaljujete dostopati h na\u0161i Dejavnosti po tem, ko te spremembe stopijo v veljavo, se strinjate in ste obvezani h upo\u0161tevanju novih Pogojev Poslovanja. V slu\u010daju, da se z novimi Pogoji Poslovanja ne strinjate, morate prenehati uporabljati Dejavnost. <\/p>\n\n<p><strong>Politika o Zasebnosti in Politika o Pi\u0161kotkih<\/strong><\/p>\n\n<p>Prosimo preberite na\u0161o Politiko Zasebnosti in <a href=\"https:\/\/eu.intelligentlabs.org\/sl-si\/politika-varstva-osebnih-podatkov\/\">Politiko o Pi\u0161kotkih<\/a>. Strinjate se s tem, da so del teh Pogojev. Obvezno morate prebrati na\u0161o Politiko Zasebnosti in Politiko uporabe Pi\u0161kotkov pred uporabo Dejavnosti.  <\/p>\n\n<p><strong>Kontaktirajte nas<\/strong><\/p>\n\n<p>\u010ce imate kakr\u0161nakoli vpra\u0161anja glede teh Pogojev nas prosimo <a href=\"https:\/\/eu.intelligentlabs.org\/sl-si\/kontaktirajte-nas\/\">kontaktirajte.<\/a><\/p>\n","protected":false},"excerpt":{"rendered":"<p>Prosimo pozorno preberite Pogoje Uporabe (\u201cPogoji\u201d, \u201cPogoji Uporabe\u201d) pred uporabo https:\/\/si.intelligentlabs.org spletne strani (\u201cDejavnost\u201d) z katero posluje Rad One LTD (\u201cmi\u201d, \u201cnas\u201d, or \u201cna\u0161e\u201d). Va\u0161 dostop in uporaba dejavnosti je pogojevana s sprejemom in upo\u0161tevanjem teh Pogojev. Te Pogoji veljajo za vse obiskovalce, uporabnike in druge, ki Dejavnost uporabljajo. S pristopom in uporabo Dejavnosti se&#8230;<\/p>\n","protected":false},"author":3,"featured_media":0,"parent":0,"menu_order":0,"comment_status":"closed","ping_status":"closed","template":"","meta":{"_kad_blocks_custom_css":"","_kad_blocks_head_custom_js":"","_kad_blocks_body_custom_js":"","_kad_blocks_footer_custom_js":"","_kad_post_transparent":"","_kad_post_title":"","_kad_post_layout":"","_kad_post_sidebar_id":"","_kad_post_content_style":"","_kad_post_vertical_padding":"","_kad_post_feature":"","_kad_post_feature_position":"","_kad_post_header":false,"_kad_post_footer":false,"_kad_post_classname":"","footnotes":""},"coauthors":[2461],"class_list":["post-253865","page","type-page","status-publish","hentry"],"taxonomy_info":[],"featured_image_src_large":false,"author_info":{"display_name":"tejaswini","author_link":"https:\/\/eu.intelligentlabs.org\/sl-si\/author\/tejaswini\/"},"comment_info":0,"wpml":{"language":"sl-si","is_original":false,"original_post_id":218522,"translations":{"bg-bg":{"id":225309,"language":"bg-bg","is_original":false},"cs-cz":{"id":225278,"language":"cs-cz","is_original":false},"da-dk":{"id":225281,"language":"da-dk","is_original":false},"de-at":{"id":225299,"language":"de-at","is_original":false},"de-de":{"id":218627,"language":"de-de","is_original":false},"el-cy":{"id":229298,"language":"el-cy","is_original":false},"el-gr":{"id":229203,"language":"el-gr","is_original":false},"en-gb":{"id":218522,"language":"en-gb","is_original":true},"en-ie":{"id":225311,"language":"en-ie","is_original":false},"en-mt":{"id":225291,"language":"en-mt","is_original":false},"es-es":{"id":218632,"language":"es-es","is_original":false},"et-ee":{"id":229240,"language":"et-ee","is_original":false},"fi-fi":{"id":237878,"language":"fi-fi","is_original":false},"fr-fr":{"id":218622,"language":"fr-fr","is_original":false},"fr-lu":{"id":221654,"language":"fr-lu","is_original":false},"hu-hu":{"id":225302,"language":"hu-hu","is_original":false},"it-it":{"id":218630,"language":"it-it","is_original":false},"lt-lt":{"id":230798,"language":"lt-lt","is_original":false},"lv-lv":{"id":230271,"language":"lv-lv","is_original":false},"nl-be":{"id":225286,"language":"nl-be","is_original":false},"nl-nl":{"id":225289,"language":"nl-nl","is_original":false},"pl-pl":{"id":225315,"language":"pl-pl","is_original":false},"pt-pt":{"id":225297,"language":"pt-pt","is_original":false},"ro-ro":{"id":237613,"language":"ro-ro","is_original":false},"sk-sk":{"id":242339,"language":"sk-sk","is_original":false},"sl-si":{"id":253865,"language":"sl-si","is_original":false},"sv-se":{"id":225305,"language":"sv-se","is_original":false}}},"_links":{"self":[{"href":"https:\/\/eu.intelligentlabs.org\/sl-si\/wp-json\/wp\/v2\/pages\/253865","targetHints":{"allow":["GET"]}}],"collection":[{"href":"https:\/\/eu.intelligentlabs.org\/sl-si\/wp-json\/wp\/v2\/pages"}],"about":[{"href":"https:\/\/eu.intelligentlabs.org\/sl-si\/wp-json\/wp\/v2\/types\/page"}],"author":[{"embeddable":true,"href":"https:\/\/eu.intelligentlabs.org\/sl-si\/wp-json\/wp\/v2\/users\/3"}],"replies":[{"embeddable":true,"href":"https:\/\/eu.intelligentlabs.org\/sl-si\/wp-json\/wp\/v2\/comments?post=253865"}],"version-history":[{"count":1,"href":"https:\/\/eu.intelligentlabs.org\/sl-si\/wp-json\/wp\/v2\/pages\/253865\/revisions"}],"predecessor-version":[{"id":253866,"href":"https:\/\/eu.intelligentlabs.org\/sl-si\/wp-json\/wp\/v2\/pages\/253865\/revisions\/253866"}],"wp:attachment":[{"href":"https:\/\/eu.intelligentlabs.org\/sl-si\/wp-json\/wp\/v2\/media?parent=253865"}],"wp:term":[{"taxonomy":"author","embeddable":true,"href":"https:\/\/eu.intelligentlabs.org\/sl-si\/wp-json\/wp\/v2\/coauthors?post=253865"}],"curies":[{"name":"wp","href":"https:\/\/api.w.org\/{rel}","templated":true}]}}