{"id":253858,"date":"2025-08-04T09:10:27","date_gmt":"2025-08-04T08:10:27","guid":{"rendered":"https:\/\/eu.intelligentlabs.org\/partnerski-program\/"},"modified":"2025-09-24T07:03:44","modified_gmt":"2025-09-24T06:03:44","slug":"partnerski-program","status":"publish","type":"page","link":"https:\/\/eu.intelligentlabs.org\/sl-si\/partnerski-program\/","title":{"rendered":"Partnerski program"},"content":{"rendered":"\n<h1 class=\"wp-block-heading has-text-align-center has-40-font-size has-xxlarge-font-size\" style=\"text-transform:uppercase\">Pridru\u017eite se na\u0161emu partnerskemu programu<\/h1>\n\n<h2 class=\"wp-block-heading has-25-font-size\">Partnerstvo z Intelligent Labs<\/h2>\n\n<p class=\"has--font-size has-text-color has-link-color wp-elements-d4648c62250b1015c988127ab81a3413\" style=\"color:#6c6c6c\">V podjetju Intelligent Labs zdru\u017eujemo nasvete o prehrani in \u017eivljenjskem slogu z najbolj\u0161imi prehranskimi dopolnili, ki potro\u0161nikom pomagajo prevzeti nadzor nad svojim zdravjem in \u017eiveti zdrav na\u010din \u017eivljenja. \u010ce i\u0161\u010dete partnerja z vodilnim ponudnikom prehranskih dopolnil na trgu, ki svojim partnerjem ponuja konkuren\u010den partnerski program, ste na pravem mestu!  <\/p>\n\n<p class=\"has--font-size has-text-color has-link-color wp-elements-910be6d5e2fe9cc5000eaf1919d9a05a\" style=\"color:#6c6c6c\">Na\u0161a ekipa je razvila vrsto vrhunskih prehranskih dopolnil, namenjenih ljudem, ki i\u0161\u010dejo najbolj\u0161e in najbolj zaupanja vredne izdelke.<\/p>\n\n<h2 class=\"wp-block-heading\">Poudarki programa<\/h2>\n\n<div class=\"wp-block-columns is-layout-flex wp-container-core-columns-is-layout-9d6595d7 wp-block-columns-is-layout-flex\">\n<div class=\"wp-block-column is-layout-flow wp-block-column-is-layout-flow\">\n<p class=\"has-text-color has-link-color wp-elements-713da8770536f20d579cce095ab1b802\" style=\"color:#6c6c6c\"><strong>\u2713<\/strong> Velikodu\u0161na provizija: 10 %<br\/><strong>\u2713<\/strong> Visoka AOV, ki vam zagotavlja znatne prihodke.<br\/><strong>\u2713<\/strong> Kuponi po meri in kreativni materiali.<br\/><strong>\u2713<\/strong> 45-dnevni pi\u0161kotek.<\/p>\n<\/div>\n\n\n\n<div class=\"wp-block-column is-layout-flow wp-block-column-is-layout-flow\">\n<p class=\"has-text-color has-link-color wp-elements-fbcbc5701a0b95791ab1917b21de93c0\" style=\"color:#6c6c6c\"><strong>\u2713<\/strong> Redne promocije in paketi izdelkov za ohranjanje sve\u017eine va\u0161ih ponudb.<br\/><strong>\u2713<\/strong> Dodatne spodbude za visoko uspe\u0161ne partnerje.<br\/><strong>\u2713<\/strong> Individualna podpora va\u0161ega namenskega vodje programa.<br\/><strong>\u2713<\/strong> Mese\u010dno glasilo z novimi promocijami, vsebinami in predstavitvami izdelkov.<\/p>\n<\/div>\n<\/div>\n\n<h2 class=\"wp-block-heading has-25-font-size\">Kako za\u010deti<\/h2>\n\n<p class=\"has--font-size has-text-color has-link-color wp-elements-bc4431b6014be48a083761c90d7352fd\" style=\"color:#6c6c6c\">Intelligent Labs sodeluje z Awin. Awin bo pregledal va\u0161o spletno stran in prijavo za partnerski program Intelligent Labs. O odobritvi boste obve\u0161\u010deni in imeli boste dostop do na\u0161ega logotipa, povezav in pasic ter ekskluzivnih ponudb. \u010ce imate dodatna vpra\u0161anja, nam pi\u0161ite na: <a href=\"mailto:affiliates@intelligentlabs.org\">affiliates@radoneltd.co.uk.<\/a>   <\/p>\n<style>.wp-block-kadence-advancedbtn.kb-btns216452_846945-97{gap:var(--global-kb-gap-xs, 0.5rem );justify-content:flex-start;align-items:center;}.kt-btns216452_846945-97 .kt-button{font-weight:normal;font-style:normal;}.kt-btns216452_846945-97 .kt-btn-wrap-0{margin-right:5px;}.wp-block-kadence-advancedbtn.kt-btns216452_846945-97 .kt-btn-wrap-0 .kt-button{color:#555555;border-color:#555555;}.wp-block-kadence-advancedbtn.kt-btns216452_846945-97 .kt-btn-wrap-0 .kt-button:hover, .wp-block-kadence-advancedbtn.kt-btns216452_846945-97 .kt-btn-wrap-0 .kt-button:focus{color:#ffffff;border-color:#444444;}.wp-block-kadence-advancedbtn.kt-btns216452_846945-97 .kt-btn-wrap-0 .kt-button::before{display:none;}.wp-block-kadence-advancedbtn.kt-btns216452_846945-97 .kt-btn-wrap-0 .kt-button:hover, .wp-block-kadence-advancedbtn.kt-btns216452_846945-97 .kt-btn-wrap-0 .kt-button:focus{background:#444444;}<\/style>\n<div class=\"wp-block-kadence-advancedbtn kb-buttons-wrap kb-btns216452_846945-97\"><style>ul.menu .wp-block-kadence-advancedbtn .kb-btn216452_b2a11b-2f.kb-button{width:initial;}.wp-block-kadence-advancedbtn .kb-btn216452_b2a11b-2f.kb-button{margin-top:40px;}<\/style><span class=\"kb-button kt-button button kb-btn216452_b2a11b-2f kt-btn-size-standard kt-btn-width-type-auto kb-btn-global-fill  kt-btn-has-text-true kt-btn-has-svg-false  wp-block-kadence-singlebtn\"><span class=\"kt-btn-inner-text\">PRIJAVITE SE TUKAJ<\/span><\/span><\/div>\n","protected":false},"excerpt":{"rendered":"<p>Pridru\u017eite se na\u0161emu partnerskemu programu Partnerstvo z Intelligent Labs V podjetju Intelligent Labs zdru\u017eujemo nasvete o prehrani in \u017eivljenjskem slogu z najbolj\u0161imi prehranskimi dopolnili, ki potro\u0161nikom pomagajo prevzeti nadzor nad svojim zdravjem in \u017eiveti zdrav na\u010din \u017eivljenja. \u010ce i\u0161\u010dete partnerja z vodilnim ponudnikom prehranskih dopolnil na trgu, ki svojim partnerjem ponuja konkuren\u010den partnerski program, ste&#8230;<\/p>\n","protected":false},"author":2,"featured_media":0,"parent":0,"menu_order":0,"comment_status":"closed","ping_status":"closed","template":"","meta":{"_kad_blocks_custom_css":"","_kad_blocks_head_custom_js":"","_kad_blocks_body_custom_js":"","_kad_blocks_footer_custom_js":"","_kad_post_transparent":"","_kad_post_title":"","_kad_post_layout":"","_kad_post_sidebar_id":"","_kad_post_content_style":"","_kad_post_vertical_padding":"","_kad_post_feature":"","_kad_post_feature_position":"","_kad_post_header":false,"_kad_post_footer":false,"_kad_post_classname":"","footnotes":""},"coauthors":[1016],"class_list":["post-253858","page","type-page","status-publish","hentry"],"taxonomy_info":[],"featured_image_src_large":false,"author_info":{"display_name":"David Pashley","author_link":"https:\/\/eu.intelligentlabs.org\/sl-si\/author\/david\/"},"comment_info":0,"wpml":{"language":"sl-si","is_original":false,"original_post_id":216452,"translations":{"bg-bg":{"id":225399,"language":"bg-bg","is_original":false},"cs-cz":{"id":221636,"language":"cs-cz","is_original":false},"da-dk":{"id":222072,"language":"da-dk","is_original":false},"de-at":{"id":216484,"language":"de-at","is_original":false},"de-de":{"id":216472,"language":"de-de","is_original":false},"el-cy":{"id":229301,"language":"el-cy","is_original":false},"el-gr":{"id":228558,"language":"el-gr","is_original":false},"en-gb":{"id":216452,"language":"en-gb","is_original":true},"en-ie":{"id":216478,"language":"en-ie","is_original":false},"en-mt":{"id":216479,"language":"en-mt","is_original":false},"es-es":{"id":216476,"language":"es-es","is_original":false},"et-ee":{"id":229222,"language":"et-ee","is_original":false},"fi-fi":{"id":237870,"language":"fi-fi","is_original":false},"fr-fr":{"id":216462,"language":"fr-fr","is_original":false},"fr-lu":{"id":216482,"language":"fr-lu","is_original":false},"hu-hu":{"id":223856,"language":"hu-hu","is_original":false},"it-it":{"id":216474,"language":"it-it","is_original":false},"lt-lt":{"id":230786,"language":"lt-lt","is_original":false},"lv-lv":{"id":229915,"language":"lv-lv","is_original":false},"nl-be":{"id":218526,"language":"nl-be","is_original":false},"nl-nl":{"id":216467,"language":"nl-nl","is_original":false},"pl-pl":{"id":216497,"language":"pl-pl","is_original":false},"pt-pt":{"id":216499,"language":"pt-pt","is_original":false},"ro-ro":{"id":237600,"language":"ro-ro","is_original":false},"sk-sk":{"id":242326,"language":"sk-sk","is_original":false},"sl-si":{"id":253858,"language":"sl-si","is_original":false},"sv-se":{"id":223128,"language":"sv-se","is_original":false}}},"_links":{"self":[{"href":"https:\/\/eu.intelligentlabs.org\/sl-si\/wp-json\/wp\/v2\/pages\/253858","targetHints":{"allow":["GET"]}}],"collection":[{"href":"https:\/\/eu.intelligentlabs.org\/sl-si\/wp-json\/wp\/v2\/pages"}],"about":[{"href":"https:\/\/eu.intelligentlabs.org\/sl-si\/wp-json\/wp\/v2\/types\/page"}],"author":[{"embeddable":true,"href":"https:\/\/eu.intelligentlabs.org\/sl-si\/wp-json\/wp\/v2\/users\/2"}],"replies":[{"embeddable":true,"href":"https:\/\/eu.intelligentlabs.org\/sl-si\/wp-json\/wp\/v2\/comments?post=253858"}],"version-history":[{"count":1,"href":"https:\/\/eu.intelligentlabs.org\/sl-si\/wp-json\/wp\/v2\/pages\/253858\/revisions"}],"predecessor-version":[{"id":253859,"href":"https:\/\/eu.intelligentlabs.org\/sl-si\/wp-json\/wp\/v2\/pages\/253858\/revisions\/253859"}],"wp:attachment":[{"href":"https:\/\/eu.intelligentlabs.org\/sl-si\/wp-json\/wp\/v2\/media?parent=253858"}],"wp:term":[{"taxonomy":"author","embeddable":true,"href":"https:\/\/eu.intelligentlabs.org\/sl-si\/wp-json\/wp\/v2\/coauthors?post=253858"}],"curies":[{"name":"wp","href":"https:\/\/api.w.org\/{rel}","templated":true}]}}