{"id":170832,"date":"2025-05-30T11:19:48","date_gmt":"2025-05-30T11:19:48","guid":{"rendered":"https:\/\/eu.intelligentlabs.org\/product\/culturas-vivas-com-fibras-para-adultos\/"},"modified":"2025-09-18T12:47:19","modified_gmt":"2025-09-18T11:47:19","slug":"probioticos-com-fibras-para-adulto","status":"publish","type":"product","link":"https:\/\/eu.intelligentlabs.org\/pt-pt\/produto\/probioticos-com-fibras-para-adulto\/","title":{"rendered":"Probi\u00f3ticos com Fibras Para Adulto"},"content":{"rendered":"","protected":false},"excerpt":{"rendered":"<p>Melhora a sa\u00fade digestiva e imunidade geral*<\/p>\n<ul>\n<li>Garantia min\u00edma de 50 bilh\u00f5es UFC por c\u00e1psula<\/li>\n<li>10 estirpes patenteadas resistentes a \u00e1cido e bilis<\/li>\n<li>Cada c\u00e1psula cont\u00e9m as fibras Sunfiber\u00ae e FOS<\/li>\n<li>60 dias de suplemento por embalagem<\/li>\n<li>Sem OGM, soja, trigo, lactic\u00ednios, ovo ou derivados de animais<\/li>\n<li>Ame-o, ou garantia 100% devolu\u00e7\u00e3o<\/li>\n<li>Envio gratuito<\/li>\n<\/ul>\n","protected":false},"featured_media":170833,"comment_status":"closed","ping_status":"closed","template":"","meta":{"_kad_blocks_custom_css":"","_kad_blocks_head_custom_js":"","_kad_blocks_body_custom_js":"","_kad_blocks_footer_custom_js":"","_kad_post_transparent":"default","_kad_post_title":"","_kad_post_layout":"default","_kad_post_sidebar_id":"","_kad_post_content_style":"default","_kad_post_vertical_padding":"default","_kad_post_feature":"","_kad_post_feature_position":"","_kad_post_header":false,"_kad_post_footer":false,"_kad_post_classname":""},"product_brand":[],"product_cat":[2187],"product_tag":[2189,3129],"class_list":{"0":"post-170832","1":"product","2":"type-product","3":"status-publish","4":"has-post-thumbnail","6":"product_cat-culturas-vivas","7":"product_tag-fos-pt-pt","8":"product_tag-prebioticos-pt-pt-2","9":"has-subscription-plans","11":"first","12":"instock","13":"taxable","14":"shipping-taxable","15":"purchasable","16":"product-type-simple","17":"entry","18":"content-bg","19":"loop-entry"},"taxonomy_info":{"product_cat":[{"value":2187,"label":"Culturas vivas"}],"product_tag":[{"value":2189,"label":"fos"},{"value":3129,"label":"prebi\u00f3ticos"}]},"featured_image_src_large":["https:\/\/eu.intelligentlabs.org\/wp-content\/uploads\/2025\/10\/live-cultures-with-fibers-for-adults-02-1.webp",1000,1000,false],"author_info":[],"comment_info":0,"wpml":{"language":"pt-pt","is_original":false,"original_post_id":135867,"translations":{"es-es":{"id":135867,"language":"es-es","is_original":true},"pt-pt":{"id":170832,"language":"pt-pt","is_original":false}}},"_links":{"self":[{"href":"https:\/\/eu.intelligentlabs.org\/pt-pt\/wp-json\/wp\/v2\/product\/170832","targetHints":{"allow":["GET"]}}],"collection":[{"href":"https:\/\/eu.intelligentlabs.org\/pt-pt\/wp-json\/wp\/v2\/product"}],"about":[{"href":"https:\/\/eu.intelligentlabs.org\/pt-pt\/wp-json\/wp\/v2\/types\/product"}],"replies":[{"embeddable":true,"href":"https:\/\/eu.intelligentlabs.org\/pt-pt\/wp-json\/wp\/v2\/comments?post=170832"}],"wp:featuredmedia":[{"embeddable":true,"href":"https:\/\/eu.intelligentlabs.org\/pt-pt\/wp-json\/wp\/v2\/media\/170833"}],"wp:attachment":[{"href":"https:\/\/eu.intelligentlabs.org\/pt-pt\/wp-json\/wp\/v2\/media?parent=170832"}],"wp:term":[{"taxonomy":"product_brand","embeddable":true,"href":"https:\/\/eu.intelligentlabs.org\/pt-pt\/wp-json\/wp\/v2\/product_brand?post=170832"},{"taxonomy":"product_cat","embeddable":true,"href":"https:\/\/eu.intelligentlabs.org\/pt-pt\/wp-json\/wp\/v2\/product_cat?post=170832"},{"taxonomy":"product_tag","embeddable":true,"href":"https:\/\/eu.intelligentlabs.org\/pt-pt\/wp-json\/wp\/v2\/product_tag?post=170832"}],"curies":[{"name":"wp","href":"https:\/\/api.w.org\/{rel}","templated":true}]}}