{"id":170730,"date":"2025-05-30T11:19:49","date_gmt":"2025-05-30T11:19:49","guid":{"rendered":"https:\/\/eu.intelligentlabs.org\/product\/complexo-de-magnesio-magenhance\/"},"modified":"2026-02-08T20:35:20","modified_gmt":"2026-02-08T20:35:20","slug":"complexo-de-magnesio-magenhance","status":"publish","type":"product","link":"https:\/\/eu.intelligentlabs.org\/pt-pt\/produto\/complexo-de-magnesio-magenhance\/","title":{"rendered":"Complexo de Magn\u00e9sio MagEnhance"},"content":{"rendered":"","protected":false},"excerpt":{"rendered":"<p>Auxilia a fun\u00e7\u00e3o cognitiva, muscular e do sistema nervoso*<\/p>\n<ul>\n<li>Tr\u00eas formas de magn\u00e9sio de f\u00e1cil absor\u00e7\u00e3o com menor probabilidade de efeitos secund\u00e1rios<\/li>\n<li>L-Treonato de Magn\u00e9sio promove a aprendizagem e a mem\u00f3ria*<\/li>\n<li>Taurato de Magn\u00e9sio acalma os nervos e auxilia o sono*<\/li>\n<li>Glicinato de Magn\u00e9sio previne os baixos n\u00edveis de magn\u00e9sio no organismo*<\/li>\n<li>30 doses por embalagem<\/li>\n<li>Pol\u00edtica justa de devolu\u00e7\u00f5es e reembolsos<\/li>\n<li>Envio gratuito<\/li>\n<\/ul>\n","protected":false},"featured_media":255475,"comment_status":"closed","ping_status":"closed","template":"","meta":{"_kad_blocks_custom_css":"","_kad_blocks_head_custom_js":"","_kad_blocks_body_custom_js":"","_kad_blocks_footer_custom_js":"","_kad_post_transparent":"default","_kad_post_title":"","_kad_post_layout":"default","_kad_post_sidebar_id":"","_kad_post_content_style":"default","_kad_post_vertical_padding":"default","_kad_post_feature":"","_kad_post_feature_position":"","_kad_post_header":false,"_kad_post_footer":false,"_kad_post_classname":""},"product_brand":[],"product_cat":[2183],"product_tag":[],"class_list":{"0":"post-170730","1":"product","2":"type-product","3":"status-publish","4":"has-post-thumbnail","6":"product_cat-humor-sono","7":"has-subscription-plans","9":"first","10":"instock","11":"taxable","12":"shipping-taxable","13":"purchasable","14":"product-type-simple","15":"entry","16":"content-bg","17":"loop-entry"},"taxonomy_info":{"product_cat":[{"value":2183,"label":"Humor\/sono"}]},"featured_image_src_large":["https:\/\/eu.intelligentlabs.org\/wp-content\/uploads\/2025\/05\/MagEnhance_ES-Front-White-BG.png",1000,1000,false],"author_info":[],"comment_info":0,"wpml":{"language":"pt-pt","is_original":false,"original_post_id":133864,"translations":{"es-es":{"id":133864,"language":"es-es","is_original":true},"pt-pt":{"id":170730,"language":"pt-pt","is_original":false}}},"_links":{"self":[{"href":"https:\/\/eu.intelligentlabs.org\/pt-pt\/wp-json\/wp\/v2\/product\/170730","targetHints":{"allow":["GET"]}}],"collection":[{"href":"https:\/\/eu.intelligentlabs.org\/pt-pt\/wp-json\/wp\/v2\/product"}],"about":[{"href":"https:\/\/eu.intelligentlabs.org\/pt-pt\/wp-json\/wp\/v2\/types\/product"}],"replies":[{"embeddable":true,"href":"https:\/\/eu.intelligentlabs.org\/pt-pt\/wp-json\/wp\/v2\/comments?post=170730"}],"wp:featuredmedia":[{"embeddable":true,"href":"https:\/\/eu.intelligentlabs.org\/pt-pt\/wp-json\/wp\/v2\/media\/255475"}],"wp:attachment":[{"href":"https:\/\/eu.intelligentlabs.org\/pt-pt\/wp-json\/wp\/v2\/media?parent=170730"}],"wp:term":[{"taxonomy":"product_brand","embeddable":true,"href":"https:\/\/eu.intelligentlabs.org\/pt-pt\/wp-json\/wp\/v2\/product_brand?post=170730"},{"taxonomy":"product_cat","embeddable":true,"href":"https:\/\/eu.intelligentlabs.org\/pt-pt\/wp-json\/wp\/v2\/product_cat?post=170730"},{"taxonomy":"product_tag","embeddable":true,"href":"https:\/\/eu.intelligentlabs.org\/pt-pt\/wp-json\/wp\/v2\/product_tag?post=170730"}],"curies":[{"name":"wp","href":"https:\/\/api.w.org\/{rel}","templated":true}]}}