{"id":170711,"date":"2025-05-30T11:19:49","date_gmt":"2025-05-30T11:19:49","guid":{"rendered":"https:\/\/eu.intelligentlabs.org\/product\/glutationa-lipossomal-e-vitamina-c\/"},"modified":"2025-11-17T18:17:43","modified_gmt":"2025-11-17T18:17:43","slug":"glutationa-lipossomal-vitamina-c","status":"publish","type":"product","link":"https:\/\/eu.intelligentlabs.org\/pt-pt\/produto\/glutationa-lipossomal-vitamina-c\/","title":{"rendered":"Glutationa Lipossomal + Vitamina C"},"content":{"rendered":"","protected":false},"excerpt":{"rendered":"<p><span data-sheets-root=\"1\" data-sheets-value=\"{\" data-sheets-userformat=\"{\">Potente dupla antioxidante para combater o stress oxidativo*<\/span><\/p>\n<ul>\n<li><span data-sheets-root=\"1\" data-sheets-value=\"{\" data-sheets-userformat=\"{\">L-Glutationa reduzida em lipossomas<\/span><\/li>\n<li><span data-sheets-root=\"1\" data-sheets-value=\"{\" data-sheets-userformat=\"{\">Desintoxica\u00e7\u00e3o celular avan\u00e7ada com vitamina C<\/span><\/li>\n<li><span data-sheets-root=\"1\" data-sheets-value=\"{\" data-sheets-userformat=\"{\">Suplemento l\u00edquido de glutationa com aroma a morango<\/span><\/li>\n<li><span data-sheets-root=\"1\" data-sheets-value=\"{\" data-sheets-userformat=\"{\">300 ml por embalagem (v\u00e1lido para 30 doses)<\/span><\/li>\n<li><span data-sheets-root=\"1\" data-sheets-value=\"{\" data-sheets-userformat=\"{\">Sem soja, sem gl\u00faten e sem OGM<\/span><\/li>\n<li><span data-sheets-root=\"1\" data-sheets-value=\"{\" data-sheets-userformat=\"{\">Pol\u00edtica justa de devolu\u00e7\u00f5es e reembolsos<\/span><\/li>\n<li><span data-sheets-root=\"1\" data-sheets-value=\"{\" data-sheets-userformat=\"{\">Envio gratuito<br \/>\n<\/span><\/li>\n<\/ul>\n","protected":false},"featured_media":255471,"comment_status":"closed","ping_status":"closed","template":"","meta":{"_kad_blocks_custom_css":"","_kad_blocks_head_custom_js":"","_kad_blocks_body_custom_js":"","_kad_blocks_footer_custom_js":"","_kad_post_transparent":"default","_kad_post_title":"","_kad_post_layout":"default","_kad_post_sidebar_id":"","_kad_post_content_style":"default","_kad_post_vertical_padding":"default","_kad_post_feature":"","_kad_post_feature_position":"","_kad_post_header":false,"_kad_post_footer":false,"_kad_post_classname":""},"product_brand":[],"product_cat":[2182],"product_tag":[],"class_list":{"0":"post-170711","1":"product","2":"type-product","3":"status-publish","4":"has-post-thumbnail","6":"product_cat-antioxidantes","7":"has-subscription-plans","9":"first","10":"instock","11":"taxable","12":"shipping-taxable","13":"purchasable","14":"product-type-simple","15":"entry","16":"content-bg","17":"loop-entry"},"taxonomy_info":{"product_cat":[{"value":2182,"label":"Antioxidantes"}]},"featured_image_src_large":["https:\/\/eu.intelligentlabs.org\/wp-content\/uploads\/2025\/05\/Liposomal-Glutathione-VItamin-C-ES-Front-White-BG.png",1000,1000,false],"author_info":[],"comment_info":0,"wpml":{"language":"pt-pt","is_original":false,"original_post_id":133863,"translations":{"es-es":{"id":133863,"language":"es-es","is_original":true},"pt-pt":{"id":170711,"language":"pt-pt","is_original":false}}},"_links":{"self":[{"href":"https:\/\/eu.intelligentlabs.org\/pt-pt\/wp-json\/wp\/v2\/product\/170711","targetHints":{"allow":["GET"]}}],"collection":[{"href":"https:\/\/eu.intelligentlabs.org\/pt-pt\/wp-json\/wp\/v2\/product"}],"about":[{"href":"https:\/\/eu.intelligentlabs.org\/pt-pt\/wp-json\/wp\/v2\/types\/product"}],"replies":[{"embeddable":true,"href":"https:\/\/eu.intelligentlabs.org\/pt-pt\/wp-json\/wp\/v2\/comments?post=170711"}],"wp:featuredmedia":[{"embeddable":true,"href":"https:\/\/eu.intelligentlabs.org\/pt-pt\/wp-json\/wp\/v2\/media\/255471"}],"wp:attachment":[{"href":"https:\/\/eu.intelligentlabs.org\/pt-pt\/wp-json\/wp\/v2\/media?parent=170711"}],"wp:term":[{"taxonomy":"product_brand","embeddable":true,"href":"https:\/\/eu.intelligentlabs.org\/pt-pt\/wp-json\/wp\/v2\/product_brand?post=170711"},{"taxonomy":"product_cat","embeddable":true,"href":"https:\/\/eu.intelligentlabs.org\/pt-pt\/wp-json\/wp\/v2\/product_cat?post=170711"},{"taxonomy":"product_tag","embeddable":true,"href":"https:\/\/eu.intelligentlabs.org\/pt-pt\/wp-json\/wp\/v2\/product_tag?post=170711"}],"curies":[{"name":"wp","href":"https:\/\/api.w.org\/{rel}","templated":true}]}}