{"id":225297,"date":"2025-08-07T09:10:14","date_gmt":"2025-08-07T08:10:14","guid":{"rendered":"https:\/\/eu.intelligentlabs.org\/https-eu-intelligentlabs-org-pt-pt-termos-e-condicoes\/"},"modified":"2025-09-05T10:23:08","modified_gmt":"2025-09-05T09:23:08","slug":"termos-e-condicoes","status":"publish","type":"page","link":"https:\/\/eu.intelligentlabs.org\/pt-pt\/termos-e-condicoes\/","title":{"rendered":"Termos e Condi\u00e7\u00f5es"},"content":{"rendered":"\n<p>\u00daltima atualiza\u00e7\u00e3o: 23 Janeiro, 2016<\/p>\n\n<p>Por favor leia estes Termos do Servi\u00e7o (\u201cTermos\u201d, \u201cCondi\u00e7\u00f5es do Servi\u00e7o\u201d) cuidadosamente antes de utilizar o website <a href=\"https:\/\/eu.intelligentlabs.org\/\">https:\/\/eu.intelligentlabs.org<\/a> (o \u201cServi\u00e7o\u201d) operacionado pela Rad One LTD (\u201cn\u00f3s\u201d, ou \u201co nosso\u201d).<\/p>\n\n<p>O seu acesso para e uso do Servi\u00e7o \u00e9 condicionado \u00e0 sua aceita\u00e7\u00e3o e conformidade com estes Termos. Estes Termos aplica\u00e7\u00e3o a todos os visitantes, utilizadores e outros que acessem ou utilizem o Servi\u00e7o. <\/p>\n\n<p><strong>Ao aceitar ou utilizar o Servi\u00e7o concorda em ficar vinculado por estes Termos. Se n\u00e3o concordar com alguma parte destes termos, ent\u00e3o n\u00e3o poder\u00e1 aceder ao Servi\u00e7o. <\/strong><\/p>\n\n<p><strong>Compras<\/strong><\/p>\n\n<p><strong>Encorajamos-lhe a familiarizar-se com os seus direitos contidos no Acto de Venda de Boas pr\u00e1ticas de 1979, Acto de Termo Injusto 1977 e os Termos Injustos de Contratos de Consumo 1999.<\/strong><\/p>\n\n<p>Se deseja comprar qualquer produto ou servi\u00e7o dispon\u00edvel atrav\u00e9s do Servi\u00e7o (\u201cCompra\u201d), poder\u00e1 ser-lhe pedido que forne\u00e7a certa informa\u00e7\u00e3o relavante \u00e0 sua compra, incluindo, sem limita\u00e7\u00e3o, o seu n\u00famero de cart\u00e3o de cr\u00e9dito, a data de validade do seu cart\u00e3o de cr\u00e9dito, a sua morada de cobran\u00e7a, e a sua informa\u00e7\u00e3o de envio.<\/p>\n\n<p>Representa e garante que: (i) Tem o direito legal de usar qualquer cart\u00e3o\/cart\u00f5es de cr\u00e9dito ou outro m\u00e9todo de pagamento em conec\u00e7\u00e3o com a sua compra; a que (ii) a informa\u00e7\u00e3o que nos forneceu \u00e9 verdadeira, correta e completa. Concorda expressamente que a Rad One LTD n\u00e3o \u00e9 respons\u00e1vel por qualquer perda ou dano surgindo da submiss\u00e3o de informa\u00e7\u00e3o falsa ou imprecisa.   <\/p>\n\n<p>Ao submeter tais informa\u00e7\u00f5es, garante-nos o direito de fornecer a informa\u00e7\u00e3o a terceiros com o objetivo de facilitar a conclus\u00e3o das Compras.<\/p>\n\n<p>Reservamo-nos o direito de recusar ou cancelar o seu pedido a qualquer momento por determinados motivos, incluindo, entre outros: disponibilidade do produto ou servi\u00e7o, erros na descri\u00e7\u00e3o ou no pre\u00e7o do produto ou servi\u00e7o, erro no seu pedido ou outros motivos. Voc\u00ea concorda expressamente que a Rad One LTD n\u00e3o se responsabiliza por perdas ou danos decorrentes de tal cancelamento. <\/p>\n\n<p>Reservamo-nos o direito de recusar ou cancelar seu pedido caso haja suspeita de fraude ou transa\u00e7\u00e3o n\u00e3o autorizada ou ilegal.<\/p>\n\n<p>Oferecemos uma garantia de reembolso de 30 dias em todos os produtos. Por favor <a href=\"https:\/\/eu.intelligentlabs.org\/pt-pt\/contactos\/\">contacte-nos<\/a> atrav\u00e9s do e-mail <a href=\"mailto:support@intelligentlabs.org\">support@intelligentlabs.org<\/a> com o n\u00famero do seu pedido para mais informa\u00e7\u00f5es. <\/p>\n\n<p>Oferecemos 3 tipos de envio padr\u00e3o<\/p>\n\n<ul class=\"wp-block-list\">\n<li>Priorit\u00e1rio (1-2 Dias)<\/li>\n\n\n\n<li>Padr\u00e3o (5-7 Dias)<\/li>\n\n\n\n<li>Expresso (2-5 Dias)<\/li>\n<\/ul>\n\n<p><strong>Reembolsos<\/strong><\/p>\n\n<p>Sen\u00e3o estiver 100% satisfeito com a sua comprar, poder\u00e1 devolver o produto e receber um reembolso completo ou uma troca por outro pedido, seja similar ou n\u00e3o.<\/p>\n\n<p>Pode devolver o produto at\u00e9 30 dias da data em que efetuou a sua compra.<\/p>\n\n<p>Por favor contacte-nos atrav\u00e9s do e-mail <a href=\"mailto:support@intelligentlabs.org\">support@intelligentlabs.org<\/a> para um reembolso.<\/p>\n\n<p><strong>Disponibilidade, Erros e imprecis\u00f5es<\/strong><\/p>\n\n<p>Atualizamos constantemente nossas ofertas de produtos e servi\u00e7os no Servi\u00e7o. Os produtos ou servi\u00e7os dispon\u00edveis em nosso Servi\u00e7o podem apresentar pre\u00e7os incorretos, descri\u00e7\u00f5es imprecisas ou estar indispon\u00edveis, e podemos sofrer atrasos na atualiza\u00e7\u00e3o de informa\u00e7\u00f5es no Servi\u00e7o e em nossa publicidade em outros sites. Voc\u00ea concorda expressamente que qualquer oferta de produto ou servi\u00e7o n\u00e3o constitui uma oferta legal capaz de gerar consequ\u00eancias legais.<br\/><br\/>N\u00e3o podemos nem garantimos a precis\u00e3o ou completude de qualquer informa\u00e7\u00e3o, incluindo pre\u00e7os, imagem de produtos, especifica\u00e7\u00f5es, disponibilidade, e servi\u00e7os. Reservamos o direito de alterar ou atualizar informa\u00e7\u00e3o e cometer erros, descrever incorretamente, ou omitir em qualquer momento sem aviso pr\u00e9vio. A sec\u00e7\u00e3o \u201cDisponibilidade, erros e imprecis\u00f5es\u201d existe sem preju\u00edzo dos direitos estatu\u00e1rios existentes.  <\/p>\n\n<p><strong>Concursos, Sorteios e Promo\u00e7\u00f5es<\/strong><\/p>\n\n<p>Quaisquer concursos, sorteior ou outras promo\u00e7\u00f5es (coletivamente \u201cpromo\u00e7\u00f5es\u201d) dispon\u00edvel atrav\u00e9s do Servi\u00e7o pode ser governado por leis que est\u00e3o separadas destes Termos. Se participar em qualquer promo\u00e7\u00e3o, por favor reveja as regras de participa\u00e7\u00e3o, bem como as nossas Pol\u00edticas de Privacidade. Se as regras de uma promo\u00e7\u00e3o estiverem em conflito com estes Termos e condi\u00e7\u00f5es, aplicam-se as regras da Promo\u00e7\u00e3o. Os termos e condi\u00e7\u00f5es de quasiquer outras \u201cpromo\u00e7\u00f5es\u201d s\u00e3o independentes deste acordo.   <\/p>\n\n<p><strong>Contas<\/strong><\/p>\n\n<p>Quando cria uma conta connosco, deve fornecer informa\u00e7\u00f5es que s\u00e3o precisas, completas e atuais em todo o momento. Se falhar constitui uma viola\u00e7\u00e3o dos nossos Termos, o que pode resultar no fecho imediato da sua conta no nosso Servi\u00e7o. <\/p>\n\n<p>\u00c9 respons\u00e1vel por salvaguardar a sua palavra-passe de acesso ao Servi\u00e7o e por quaisquer atividades ou a\u00e7\u00f5es sob a sua palavra-passe, quer a sua palavra-passe seja com o nosso Servi\u00e7o ou com um servi\u00e7o de terceiros.<\/p>\n\n<p>Concorda em n\u00e3o divulgar a sua palavra-passe a terceiros. Dever\u00e1 notificar-nos imediatamente ao tomar conhecimento de qualquer viola\u00e7\u00e3o de seguran\u00e7a ou uso n\u00e3o autorizado da sua conta. <\/p>\n\n<p>N\u00e3o poder\u00e1 utilizar como nome de utilizador o nome de outra pessoa ou outra entidade que n\u00e3o seja legal para uso, como um nome ou marca que est\u00e1 sujeita a quaisquer direitos de outra pessoa ou entidade al\u00e9m do seu sem autoriza\u00e7\u00e3o pr\u00e9via, ou um nome que seja ofensivo, vulgar ou obsceno. Concorda expressamente de que n\u00e3o podemos ser respons\u00e1veis por qualquer perda ou dano reusltande de declara\u00e7\u00f5es falsas de que fa\u00e7a relativamente ao ponto mencionado. <\/p>\n\n<p><strong>Propriedade Intelectual<\/strong><\/p>\n\n<p>O Servi\u00e7o e seu conte\u00fado, recursos e funcionalidades originais s\u00e3o e permanecer\u00e3o propriedade exclusiva da Rad One LTD e de seus licenciadores. O Servi\u00e7o \u00e9 protegido por direitos autorais, marcas registradas e outras leis do Reino Unido e de outros pa\u00edses. Nossas marcas registradas e identidade visual n\u00e3o podem ser usadas em conex\u00e3o com nenhum produto ou servi\u00e7o sem o consentimento pr\u00e9vio por escrito da Rad One LTD.  <\/p>\n\n<p><strong>Links para outros locais online<\/strong><\/p>\n\n<p>O nosso Servi\u00e7o poder\u00e1 conter links de p\u00e1ginas web ou servi\u00e7os de terceiros que n\u00e3o s\u00e3o propriedade ou controlados pela Rad One LTD.<\/p>\n\n<p>A Rad One LTD n\u00e3o tem controlo sobre nem assume responsabilidade pelo conte\u00fado, pol\u00edticas de privacidade, ou pr\u00e1ticas de quaisquer sites online ou servi\u00e7os de terceiros. Concorda e reconhece de que a Rad One LTD n\u00e3o deve ser respons\u00e1vel, direto ou indiretamente, por qualquer dano ou perda causada ou alegadamente causado por ou em conec\u00e7\u00e3o com o uso or relacionamento de qualquer conte\u00fado, produtos ou servi\u00e7os dispon\u00edveis em ou atrav\u00e9s de qualquer p\u00e1gina online ou servi\u00e7o destes. <\/p>\n\n<p>Aconselhamos vivamente que leia os termos e condi\u00e7\u00f5es, bem como as pol\u00edticas de privacidade de qualquer site online ou servi\u00e7o de terceiros que visite.<\/p>\n\n<p><strong>Indeniza\u00e7\u00e3o<\/strong><\/p>\n\n<p>Concorda em defender, indenizar e insentar a Rad One LTD e os seus licenciados e licenciadores, os seus empregados, contratados, agentes, executivos e diretores, de e contra quaisquer reclama\u00e7\u00f5s, danos, obriga\u00e7\u00f5es, perdas, passivos, custos, d\u00edvidas e despesas (incluindo mas n\u00e3o limitado a taxas de advogados), resultando de ou surgindo devido a a) o seu uso e acesso do Servi\u00e7o, por si ou qualquer outra pessoa utilizando a sua conta e palavra-passe, ou b) uma viola\u00e7\u00e3o destes Termos.  <\/p>\n\n<p><strong>Limita\u00e7\u00e3o da Responsabilidade<\/strong><\/p>\n\n<p>Em nenhumc a Rad One LTD, nem os seus diretores, empregados, agentes, fornecedores ou afiliados, ser\u00e3o respons\u00e1veis por quaisquer danos indiretos, especiais, consequentes ou danos punitivos, incluindo sem limta\u00e7\u00e3o, perda de lucros, dados, uso, boa-vontade, ou outras perdas, resultante de (i) o seu acesso ou uso, ou inabilidade de acesso ou uso do Servi\u00e7o; (ii) qualquer conducta ou conte\u00fado de terceiros no Servi\u00e7o; (iii) qualquer conte\u00fado obtido no Servi\u00e7o; (iv) acesso n\u00e3o autorizado, uso ou altera\u00e7\u00e3o das suas transmiss\u00f5es ou conte\u00fado, seja com base na garantia, contrato, delito (incluindo neglig\u00eancia) ou qualquer outra teoria jur\u00eddica, quer tenhamos sido ou n\u00e3o informados da possibilidade de tal dano, e inclusive se um rem\u00e9dio estabelecido neste documento falhar no seu objetivo essencial.    <\/p>\n\n<p><strong>Aviso Legal<\/strong><\/p>\n\n<p>O uso do Servi\u00e7o \u00e9 por sua conta e risco. O servi\u00e7o \u00e9 fornecido \u201cCOMO EST\u00c1\u201d, E \u201cCOMO DISPON\u00cdVEL\u201d. O Servi\u00e7o \u00e9 fornecido sem garantias de qualquer tipo, expressas ou impl\u00edcitas, incluindo, mas n\u00e3o limitado a garantias impl\u00edcitas de comercializa\u00e7\u00e3o, adequa\u00e7\u00e3o a um prop\u00f3sito espec\u00edfico, n\u00e3o viola\u00e7\u00e3o ou curso de desempenho.  <\/p>\n\n<p>A Rad One LTD, as suas subsidi\u00e1rias, afiliadas e licenciantes n\u00e3o garantem que a) o Servi\u00e7o funcionar\u00e1 initerruptamente, seguro ou dispon\u00edvel em qualquer momento ou local espec\u00edfico; b) quaisquer erros ou defeitos ser\u00e3o corrigidos; c) o Servi\u00e7o est\u00e1 livre de v\u00edrus ou outros componentes nocivos; d) os resultados do uso do Servi\u00e7o atender\u00e3o aos seus requisitos.    <\/p>\n\n<p><strong>Exclus\u00f5es<\/strong><\/p>\n\n<p>Sem limitar a generalidade do exposto e sem preju\u00edzo de qualquer outra disposi\u00e7\u00e3o destes termos, a Rad One LTD nunca ser\u00e1 respons\u00e1vel perante si ou qualquer outra pessoa por qualquer perda ou dano indireto, incidental, consequencial, especial, punitivo ou exemplar resultante, relacionado ao seu uso do Servi\u00e7o, a estes Termos, ao objeto destes Termos, a rescis\u00e3o destes Termos ou de outra forma, incluindo, mas n\u00e3o limitado a danos pessoais, perda de dados, neg\u00f3cio, mercado, poupan\u00e7as, lucros, uso, produ\u00e7\u00e3o, reputa\u00e7\u00e3o ou boa-vontade, antecipado ou n\u00e3o, ou perda econ\u00f3mica, de acordo com qualquer teoria de responsabilidade (seja em cotnrato, delito, responsabilidade estrita, ou qualquer outra teoria ou lei ou equidade), independentemente de qualquer neglig\u00eancia ou outra falha ou irregularidade (includingo, sem limita\u00e7\u00e3o, neglig\u00eancia grave e viola\u00e7\u00e3o fundamental) da Rad One LTD ou de qualquer pessoa pela qual Rad One LTD \u00e9 respons\u00e1vel, e mesmo se a Rad One LTD tenha sido avisada da possibilidade de tais perdas ou danos.<\/p>\n\n<p><strong>Lei Aplic\u00e1vel<\/strong><\/p>\n\n<p>Estes Termos ser\u00e3o regidos e interpretados de acordo com as leis de Inglaterra e do Pa\u00eds de Gales, sem levar em considera\u00e7\u00e3o o seu conflito das provis\u00f5es da lei.<\/p>\n\n<p>A nossa falha em fazer cumprir qualquer direito ou disposi\u00e7\u00e3o destes Termos n\u00e3o ser\u00e1 considerada uma ren\u00fancia a esses direitos. Se qualquer disposi\u00e7\u00e3o destes Termos for considerada inv\u00e1lida ou inexequ\u00edvel por um tribunal, as demais disposi\u00e7\u00f5es destes Termos permanecer\u00e3o em vigor. Estes Termos constuem o contrato por completo entre n\u00f3s em rela\u00e7\u00e3o ao nosso Servi\u00e7o e substituem quaisquer acordos anteriores que possamos ter entre n\u00f3s em rela\u00e7\u00e3o ao Servi\u00e7o.  <\/p>\n\n<p><strong>Altera\u00e7\u00f5es<\/strong><\/p>\n\n<p>Reservamos o direito, a nosso exclusivo crit\u00e9rio, de modificar ou substituir estes Termos a qualquer momento. Se uma revis\u00e3o for material tentaremos fornecer um aviso com pelo menos 30 dias de antecid\u00eancia para que novos termos entrem em vigor. O que constitui uma mudan\u00e7a material ser\u00e1 determinado a nosso exclusivo crit\u00e9rio.  <\/p>\n\n<p>Ao continuar a aceder ou usar o nosso Servi\u00e7o ap\u00f3s a efetiva\u00e7\u00e3o dessas revis\u00f5es, concorda em ficar vinculado aos termos revisados. Se n\u00e3o concordar com os novos termos, dever\u00e1 parar de utilizar o Servi\u00e7o. <\/p>\n\n<p><strong>Pol\u00edtica de Privacidade e Pol\u00edtica de Cookies<\/strong><\/p>\n\n<p>Consulte a nossa <a href=\"https:\/\/eu.intelligentlabs.org\/pt-pt\/politica-de-privacidade\/\">Pol\u00edtica de Privacidade <\/a>e Pol\u00edtica de Cookies. Concorda que eles fazem parte destes termos. Dever\u00e1 ler a nossa Pol\u00edtica de Privacidade e Pol\u00edticas de Cookies antes de usar o Servi\u00e7o.  <\/p>\n\n<p><strong>Contate-nos<\/strong><\/p>\n\n<p>Se tiver alguma d\u00favida sobre estes Termos, entre em <a href=\"https:\/\/eu.intelligentlabs.org\/pt-pt\/contactos\/\">contato<\/a> connosco.<\/p>\n","protected":false},"excerpt":{"rendered":"<p>\u00daltima atualiza\u00e7\u00e3o: 23 Janeiro, 2016 Por favor leia estes Termos do Servi\u00e7o (\u201cTermos\u201d, \u201cCondi\u00e7\u00f5es do Servi\u00e7o\u201d) cuidadosamente antes de utilizar o website https:\/\/eu.intelligentlabs.org (o \u201cServi\u00e7o\u201d) operacionado pela Rad One LTD (\u201cn\u00f3s\u201d, ou \u201co nosso\u201d). O seu acesso para e uso do Servi\u00e7o \u00e9 condicionado \u00e0 sua aceita\u00e7\u00e3o e conformidade com estes Termos. Estes Termos aplica\u00e7\u00e3o&#8230;<\/p>\n","protected":false},"author":3,"featured_media":0,"parent":0,"menu_order":0,"comment_status":"closed","ping_status":"closed","template":"","meta":{"_kad_blocks_custom_css":"","_kad_blocks_head_custom_js":"","_kad_blocks_body_custom_js":"","_kad_blocks_footer_custom_js":"","_kad_post_transparent":"","_kad_post_title":"","_kad_post_layout":"","_kad_post_sidebar_id":"","_kad_post_content_style":"","_kad_post_vertical_padding":"","_kad_post_feature":"","_kad_post_feature_position":"","_kad_post_header":false,"_kad_post_footer":false,"_kad_post_classname":"","footnotes":""},"coauthors":[2461],"class_list":["post-225297","page","type-page","status-publish","hentry"],"taxonomy_info":[],"featured_image_src_large":false,"author_info":{"display_name":"tejaswini","author_link":"https:\/\/eu.intelligentlabs.org\/pt-pt\/author\/tejaswini\/"},"comment_info":0,"wpml":{"language":"pt-pt","is_original":false,"original_post_id":218522,"translations":{"bg-bg":{"id":225309,"language":"bg-bg","is_original":false},"cs-cz":{"id":225278,"language":"cs-cz","is_original":false},"da-dk":{"id":225281,"language":"da-dk","is_original":false},"de-at":{"id":225299,"language":"de-at","is_original":false},"de-de":{"id":218627,"language":"de-de","is_original":false},"el-cy":{"id":229298,"language":"el-cy","is_original":false},"el-gr":{"id":229203,"language":"el-gr","is_original":false},"en-gb":{"id":218522,"language":"en-gb","is_original":true},"en-ie":{"id":225311,"language":"en-ie","is_original":false},"en-mt":{"id":225291,"language":"en-mt","is_original":false},"es-es":{"id":218632,"language":"es-es","is_original":false},"et-ee":{"id":229240,"language":"et-ee","is_original":false},"fi-fi":{"id":237878,"language":"fi-fi","is_original":false},"fr-fr":{"id":218622,"language":"fr-fr","is_original":false},"fr-lu":{"id":221654,"language":"fr-lu","is_original":false},"hu-hu":{"id":225302,"language":"hu-hu","is_original":false},"it-it":{"id":218630,"language":"it-it","is_original":false},"lt-lt":{"id":230798,"language":"lt-lt","is_original":false},"lv-lv":{"id":230271,"language":"lv-lv","is_original":false},"nl-be":{"id":225286,"language":"nl-be","is_original":false},"nl-nl":{"id":225289,"language":"nl-nl","is_original":false},"pl-pl":{"id":225315,"language":"pl-pl","is_original":false},"pt-pt":{"id":225297,"language":"pt-pt","is_original":false},"ro-ro":{"id":237613,"language":"ro-ro","is_original":false},"sk-sk":{"id":242339,"language":"sk-sk","is_original":false},"sl-si":{"id":253865,"language":"sl-si","is_original":false},"sv-se":{"id":225305,"language":"sv-se","is_original":false}}},"_links":{"self":[{"href":"https:\/\/eu.intelligentlabs.org\/pt-pt\/wp-json\/wp\/v2\/pages\/225297","targetHints":{"allow":["GET"]}}],"collection":[{"href":"https:\/\/eu.intelligentlabs.org\/pt-pt\/wp-json\/wp\/v2\/pages"}],"about":[{"href":"https:\/\/eu.intelligentlabs.org\/pt-pt\/wp-json\/wp\/v2\/types\/page"}],"author":[{"embeddable":true,"href":"https:\/\/eu.intelligentlabs.org\/pt-pt\/wp-json\/wp\/v2\/users\/3"}],"replies":[{"embeddable":true,"href":"https:\/\/eu.intelligentlabs.org\/pt-pt\/wp-json\/wp\/v2\/comments?post=225297"}],"version-history":[{"count":6,"href":"https:\/\/eu.intelligentlabs.org\/pt-pt\/wp-json\/wp\/v2\/pages\/225297\/revisions"}],"predecessor-version":[{"id":230724,"href":"https:\/\/eu.intelligentlabs.org\/pt-pt\/wp-json\/wp\/v2\/pages\/225297\/revisions\/230724"}],"wp:attachment":[{"href":"https:\/\/eu.intelligentlabs.org\/pt-pt\/wp-json\/wp\/v2\/media?parent=225297"}],"wp:term":[{"taxonomy":"author","embeddable":true,"href":"https:\/\/eu.intelligentlabs.org\/pt-pt\/wp-json\/wp\/v2\/coauthors?post=225297"}],"curies":[{"name":"wp","href":"https:\/\/api.w.org\/{rel}","templated":true}]}}