{"id":171249,"date":"2025-05-30T11:19:49","date_gmt":"2025-05-30T11:19:49","guid":{"rendered":"https:\/\/eu.intelligentlabs.org\/product\/kompleks-magnezowy-magenhance\/"},"modified":"2026-01-13T14:21:30","modified_gmt":"2026-01-13T14:21:30","slug":"kompleks-magnezowy-magenhance","status":"publish","type":"product","link":"https:\/\/eu.intelligentlabs.org\/pl-pl\/produkt\/kompleks-magnezowy-magenhance\/","title":{"rendered":"Kompleks magnezowy MagEnhance"},"content":{"rendered":"","protected":false},"excerpt":{"rendered":"<p>Z L-treonianem magnezu, glicynianem magnezu i taurynianem magnezu<\/p>\n<ul>\n<li>\u0141atwo przyswajalne formy magnezu z najni\u017cszym ryzykiem skutk\u00f3w ubocznych<\/li>\n<li>L-treonian magnezu wspomaga zdolno\u015b\u0107 uczenia si\u0119 i wydajno\u015b\u0107 pami\u0119ci*<\/li>\n<li>Taurynian magnezu uspokaja nerwy i pomaga zasn\u0105\u0107*<\/li>\n<li>Glicynian magnezu zapobiega niedoborowi magnezu w organizmie*<\/li>\n<li>30 porcji w opakowaniu<\/li>\n<li>Uczciwe warunki zwrotu i refundacji<\/li>\n<\/ul>\n","protected":false},"featured_media":255368,"comment_status":"closed","ping_status":"closed","template":"","meta":{"_kad_blocks_custom_css":"","_kad_blocks_head_custom_js":"","_kad_blocks_body_custom_js":"","_kad_blocks_footer_custom_js":"","_kad_post_transparent":"default","_kad_post_title":"","_kad_post_layout":"default","_kad_post_sidebar_id":"","_kad_post_content_style":"default","_kad_post_vertical_padding":"default","_kad_post_feature":"","_kad_post_feature_position":"","_kad_post_header":false,"_kad_post_footer":false,"_kad_post_classname":""},"product_brand":[],"product_cat":[2345],"product_tag":[],"class_list":{"0":"post-171249","1":"product","2":"type-product","3":"status-publish","4":"has-post-thumbnail","6":"product_cat-nastroj-sen","7":"has-subscription-plans","9":"first","10":"instock","11":"taxable","12":"shipping-taxable","13":"purchasable","14":"product-type-simple","15":"entry","16":"content-bg","17":"loop-entry"},"taxonomy_info":{"product_cat":[{"value":2345,"label":"Nastr\u00f3j\/sen"}]},"featured_image_src_large":["https:\/\/eu.intelligentlabs.org\/wp-content\/uploads\/2025\/05\/MagEhnahce_DE-Front-White-BG.png",1000,1000,false],"author_info":[],"comment_info":0,"wpml":{"language":"pl-pl","is_original":false,"original_post_id":133314,"translations":{"cs-cz":{"id":221902,"language":"cs-cz","is_original":false},"da-dk":{"id":222773,"language":"da-dk","is_original":false},"de-at":{"id":167711,"language":"de-at","is_original":false},"de-de":{"id":133314,"language":"de-de","is_original":true},"el-cy":{"id":229345,"language":"el-cy","is_original":false},"el-gr":{"id":228937,"language":"el-gr","is_original":false},"en-ie":{"id":167150,"language":"en-ie","is_original":false},"en-mt":{"id":167393,"language":"en-mt","is_original":false},"et-ee":{"id":229750,"language":"et-ee","is_original":false},"fi-fi":{"id":238205,"language":"fi-fi","is_original":false},"hu-hu":{"id":224516,"language":"hu-hu","is_original":false},"lt-lt":{"id":237275,"language":"lt-lt","is_original":false},"lv-lv":{"id":230446,"language":"lv-lv","is_original":false},"nl-be":{"id":217953,"language":"nl-be","is_original":false},"nl-nl":{"id":190931,"language":"nl-nl","is_original":false},"pl-pl":{"id":171249,"language":"pl-pl","is_original":false},"ro-ro":{"id":237769,"language":"ro-ro","is_original":false},"sk-sk":{"id":249095,"language":"sk-sk","is_original":false},"sl-si":{"id":242433,"language":"sl-si","is_original":false},"sv-se":{"id":223417,"language":"sv-se","is_original":false}}},"_links":{"self":[{"href":"https:\/\/eu.intelligentlabs.org\/pl-pl\/wp-json\/wp\/v2\/product\/171249","targetHints":{"allow":["GET"]}}],"collection":[{"href":"https:\/\/eu.intelligentlabs.org\/pl-pl\/wp-json\/wp\/v2\/product"}],"about":[{"href":"https:\/\/eu.intelligentlabs.org\/pl-pl\/wp-json\/wp\/v2\/types\/product"}],"replies":[{"embeddable":true,"href":"https:\/\/eu.intelligentlabs.org\/pl-pl\/wp-json\/wp\/v2\/comments?post=171249"}],"wp:featuredmedia":[{"embeddable":true,"href":"https:\/\/eu.intelligentlabs.org\/pl-pl\/wp-json\/wp\/v2\/media\/255368"}],"wp:attachment":[{"href":"https:\/\/eu.intelligentlabs.org\/pl-pl\/wp-json\/wp\/v2\/media?parent=171249"}],"wp:term":[{"taxonomy":"product_brand","embeddable":true,"href":"https:\/\/eu.intelligentlabs.org\/pl-pl\/wp-json\/wp\/v2\/product_brand?post=171249"},{"taxonomy":"product_cat","embeddable":true,"href":"https:\/\/eu.intelligentlabs.org\/pl-pl\/wp-json\/wp\/v2\/product_cat?post=171249"},{"taxonomy":"product_tag","embeddable":true,"href":"https:\/\/eu.intelligentlabs.org\/pl-pl\/wp-json\/wp\/v2\/product_tag?post=171249"}],"curies":[{"name":"wp","href":"https:\/\/api.w.org\/{rel}","templated":true}]}}