{"id":237182,"date":"2025-05-30T11:19:49","date_gmt":"2025-05-30T11:19:49","guid":{"rendered":"https:\/\/eu.intelligentlabs.org\/product\/fosfatidilserinas-100mg\/"},"modified":"2026-01-12T15:03:48","modified_gmt":"2026-01-12T15:03:48","slug":"fosfatidilserinas-100mg","status":"publish","type":"product","link":"https:\/\/eu.intelligentlabs.org\/lt-lt\/produktas\/fosfatidilserinas-100mg\/","title":{"rendered":"Fosfatidilserinas 100mg"},"content":{"rendered":"","protected":false},"excerpt":{"rendered":"<p>Skatina sveik\u0105 smegen\u0173 veikl\u0105*<\/p>\n<ul>\n<li>Klini\u0161kai patvirtintos 100 mg kapsul\u0117s<\/li>\n<li>I\u0161 saul\u0117gr\u0105\u017e\u0173 lecitino, 100 % be sojos<\/li>\n<li>\u012ekraukite savo smegenis*<\/li>\n<li>Atmin\u010diai, mokymosi geb\u0117jimams ir koncentracijai*<\/li>\n<li>90 lengvai nuryjam\u0173 vegani\u0161k\u0173 kapsuli\u0173<\/li>\n<\/ul>\n","protected":false},"featured_media":237183,"comment_status":"closed","ping_status":"closed","template":"","meta":{"_kad_blocks_custom_css":"","_kad_blocks_head_custom_js":"","_kad_blocks_body_custom_js":"","_kad_blocks_footer_custom_js":"","_kad_post_transparent":"default","_kad_post_title":"","_kad_post_layout":"default","_kad_post_sidebar_id":"","_kad_post_content_style":"default","_kad_post_vertical_padding":"default","_kad_post_feature":"","_kad_post_feature_position":"","_kad_post_header":false,"_kad_post_footer":false,"_kad_post_classname":""},"product_brand":[],"product_cat":[3059],"product_tag":[3060],"class_list":{"0":"post-237182","1":"product","2":"type-product","3":"status-publish","4":"has-post-thumbnail","6":"product_cat-nootropiniai-vaistai","7":"product_tag-fosfatidil-serinas","8":"has-subscription-plans","10":"first","11":"instock","12":"taxable","13":"shipping-taxable","14":"purchasable","15":"product-type-simple","16":"entry","17":"content-bg","18":"loop-entry"},"taxonomy_info":{"product_cat":[{"value":3059,"label":"Nootropiniai vaistai"}],"product_tag":[{"value":3060,"label":"fosfatidil serinas"}]},"featured_image_src_large":["https:\/\/eu.intelligentlabs.org\/wp-content\/uploads\/2025\/05\/phosphatidylserine-main.jpg",1000,1000,false],"author_info":[],"comment_info":0,"wpml":{"language":"lt-lt","is_original":false,"original_post_id":133311,"translations":{"bg-bg":{"id":225579,"language":"bg-bg","is_original":false},"cs-cz":{"id":221824,"language":"cs-cz","is_original":false},"da-dk":{"id":222690,"language":"da-dk","is_original":false},"de-at":{"id":167815,"language":"de-at","is_original":false},"de-de":{"id":133311,"language":"de-de","is_original":true},"el-cy":{"id":229375,"language":"el-cy","is_original":false},"el-gr":{"id":229116,"language":"el-gr","is_original":false},"en-ie":{"id":167169,"language":"en-ie","is_original":false},"en-mt":{"id":167463,"language":"en-mt","is_original":false},"et-ee":{"id":229618,"language":"et-ee","is_original":false},"fi-fi":{"id":237934,"language":"fi-fi","is_original":false},"hu-hu":{"id":224478,"language":"hu-hu","is_original":false},"lt-lt":{"id":237182,"language":"lt-lt","is_original":false},"lv-lv":{"id":230335,"language":"lv-lv","is_original":false},"nl-be":{"id":217937,"language":"nl-be","is_original":false},"nl-nl":{"id":182912,"language":"nl-nl","is_original":false},"pl-pl":{"id":171218,"language":"pl-pl","is_original":false},"ro-ro":{"id":237736,"language":"ro-ro","is_original":false},"sk-sk":{"id":248967,"language":"sk-sk","is_original":false},"sl-si":{"id":242390,"language":"sl-si","is_original":false},"sv-se":{"id":223322,"language":"sv-se","is_original":false}}},"_links":{"self":[{"href":"https:\/\/eu.intelligentlabs.org\/lt-lt\/wp-json\/wp\/v2\/product\/237182","targetHints":{"allow":["GET"]}}],"collection":[{"href":"https:\/\/eu.intelligentlabs.org\/lt-lt\/wp-json\/wp\/v2\/product"}],"about":[{"href":"https:\/\/eu.intelligentlabs.org\/lt-lt\/wp-json\/wp\/v2\/types\/product"}],"replies":[{"embeddable":true,"href":"https:\/\/eu.intelligentlabs.org\/lt-lt\/wp-json\/wp\/v2\/comments?post=237182"}],"wp:featuredmedia":[{"embeddable":true,"href":"https:\/\/eu.intelligentlabs.org\/lt-lt\/wp-json\/wp\/v2\/media\/237183"}],"wp:attachment":[{"href":"https:\/\/eu.intelligentlabs.org\/lt-lt\/wp-json\/wp\/v2\/media?parent=237182"}],"wp:term":[{"taxonomy":"product_brand","embeddable":true,"href":"https:\/\/eu.intelligentlabs.org\/lt-lt\/wp-json\/wp\/v2\/product_brand?post=237182"},{"taxonomy":"product_cat","embeddable":true,"href":"https:\/\/eu.intelligentlabs.org\/lt-lt\/wp-json\/wp\/v2\/product_cat?post=237182"},{"taxonomy":"product_tag","embeddable":true,"href":"https:\/\/eu.intelligentlabs.org\/lt-lt\/wp-json\/wp\/v2\/product_tag?post=237182"}],"curies":[{"name":"wp","href":"https:\/\/api.w.org\/{rel}","templated":true}]}}