{"id":230794,"date":"2024-08-20T10:07:44","date_gmt":"2024-08-20T09:07:44","guid":{"rendered":"https:\/\/eu.intelligentlabs.org\/privatumo-politika\/"},"modified":"2025-09-08T12:14:21","modified_gmt":"2025-09-08T11:14:21","slug":"privatumo-politika","status":"publish","type":"page","link":"https:\/\/eu.intelligentlabs.org\/lt-lt\/privatumo-politika\/","title":{"rendered":"Privatumo politika"},"content":{"rendered":"\n<h1 class=\"wp-block-heading\">Privatumo politika<\/h1>\n\n<p><span data-preserver-spaces=\"true\">Paskutin\u012f kart\u0105 atnaujinta: 2018 m. gegu\u017e\u0117s m\u0117n.<\/span><\/p>\n\n<p><span data-preserver-spaces=\"true\">Rad One LTD (\u201emes\u201c, \u201em\u016bs\u0173\u201c, \u201emus\u201c) valdo internetin\u0119 svetain\u0119 https:\/\/lt.intelligentlabs.org (\u201ePaslauga\u201c)<\/span><\/p>\n\n<p><span data-preserver-spaces=\"true\">\u0160is puslapis informuos jus apie Asmenin\u0117s Informacijos rinkimo, panaudojimo ir atskleidimo, naudojantis m\u016bs\u0173 Paslauga, politik\u0105, nustatyt\u0105 pagal Bendr\u0105j\u012f duomen\u0173 apsaugos reglament\u0105 (BDAR) 2018 m. gegu\u017e\u0119.<\/span><\/p>\n\n<p><span data-preserver-spaces=\"true\">Mes nenaudosime ir nesidalinsime j\u016bs\u0173 informacija su niekuo, i\u0161skyrus atvejus, nurodytus \u0161ioje Privatumo politikoje.<\/span><\/p>\n\n<p><span data-preserver-spaces=\"true\">Mes naudojame j\u016bs\u0173 Asmenin\u0119 informacij\u0105 suteikiant ir tobulinant Paslaug\u0105. Naudodamiesi Paslauga, j\u016bs sutinkate su \u0161ioje politikoje nurodytais informacijos rinkimu ir naudojimu. Jei Privatumo politikoje nenurodyta kitaip, terminai, naudojami \u0161ioje Privatumo politikoje rei\u0161kia t\u0105 pat\u012f kaip ir m\u016bs\u0173 Terminuose ir s\u0105lygose, kurias galite rasti https:\/\/lt.intelligentlabs.org.  <\/span><\/p>\n\n<h2 class=\"wp-block-heading\"><span data-preserver-spaces=\"true\">Informacijos rinkimas ir panaudojimas<\/span><\/h2>\n\n<p><span data-preserver-spaces=\"true\">Jums naudojantis m\u016bs\u0173 Paslauga, mes galime j\u016bs\u0173 papra\u0161yti nurodyti tam tikr\u0105 asmens identifikacijos informacij\u0105, kuri gali b\u016bti panaudota su jumis susisiekti arba jus identifikuoti. Asmens identifikacijos informacija gali b\u016bti laikoma j\u016bs\u0173 el. pa\u0161to adresas, vardas, telefono numeris, pa\u0161to kodas ar kita informacija (\u201eAsmenin\u0117 informacija\u201c). <\/span><\/p>\n\n<p><span data-preserver-spaces=\"true\">J\u016bs\u0173 informacija laikoma ir pri\u017ei\u016brima m\u016bs\u0173 sistemose nuo datos, kai naudojantis m\u016bs\u0173 paslauga buvo atlikta pirmoji j\u016bs\u0173 transakcija. Tai nekei\u010dia j\u016bs\u0173, kaip duomen\u0173 subjekto (fizinio asmens), teisi\u0173. <\/span><\/p>\n\n<h2 class=\"wp-block-heading\"><span data-preserver-spaces=\"true\">Nar\u0161ykl\u0117s duomenys<\/span><\/h2>\n\n<p><span data-preserver-spaces=\"true\">Mes taip pat galime rinkti informacij\u0105, siun\u010diam\u0105 j\u016bs\u0173 nar\u0161ykl\u0117s, Jums lankantis m\u016bs\u0173 Paslaugoje (\u201eNar\u0161ykl\u0117s duomenys\u201c). Tarp \u0161i\u0173 Nar\u0161ykl\u0117s duomen\u0173 taip pat gali b\u016bti tokia informacija kaip j\u016bs\u0173 kompiuterio Interneto protokolas (\u201eIP\u201c), adresas, nar\u0161ykl\u0117s tipas, nar\u0161ykl\u0117s versija, j\u016bs\u0173 aplankyti Paslaugos puslapiai, j\u016bs\u0173 vizito laikas ir tada, laikas, praleistas Paslaugos puslapiuose ir kita statistika. <\/span><\/p>\n\n<p><span data-preserver-spaces=\"true\">Be to, mes galime naudotis tre\u010di\u0173j\u0173 \u0161ali\u0173 paslaugomis, tokiomis kaip Google Analytics, kurios renka, kontroliuoja ir analizuoja \u0161\u012f informacijos tip\u0105 tam, kad pagerintume m\u016bs\u0173 Paslaugos funkcionalum\u0105. \u0160ie tre\u010di\u0173j\u0173 \u0161ali\u0173 paslaug\u0173 tiek\u0117jai turi savo privatumo politikas, nurodan\u010dias, kaip jie naudoja toki\u0105 informacij\u0105. <\/span><\/p>\n\n<h2 class=\"wp-block-heading\"><span data-preserver-spaces=\"true\">Slapukai<\/span><\/h2>\n\n<p><span data-preserver-spaces=\"true\">Slapukai yra failai, turintys ma\u017e\u0105 duomen\u0173 kiek\u012f, kuriuose gali b\u016bti unikalus anoniminis identifikatorius. Slapukai yra siun\u010diami \u012f j\u016bs\u0173 nar\u0161ykl\u0119 i\u0161 internetin\u0117s svetain\u0117s ir renkami j\u016bs\u0173 kompiuterio kietajame diske. <\/span><\/p>\n\n<p><span data-preserver-spaces=\"true\">Mes naudojame \u201eslapukus\u201c informacijos rinkimui. J\u016bs galite nurodyti savo nar\u0161yklei atmesti visus slapukus arba prane\u0161ti, kai siun\u010diami slapukai. Visgi, jei nenaudojate slapuk\u0173, j\u016bs negal\u0117site naudotis dalimi m\u016bs\u0173 Paslaugos.  <\/span><\/p>\n\n<h2 class=\"wp-block-heading\"><span data-preserver-spaces=\"true\">Pakartotin\u0117 elgsenos rinkodara<\/span><\/h2>\n\n<p><span data-preserver-spaces=\"true\">Rad One LTD naudoja pakartotin\u0117s rinkodaros paslaugas tam, kad jums reklamuot\u0173si tre\u010di\u0173j\u0173 \u0161ali\u0173 svetain\u0117se po to, kai apsilank\u0117te m\u016bs\u0173 Paslaugoje. Mes ir tre\u010di\u0173j\u0173 \u0161ali\u0173 pardav\u0117jai naudojame slapukus tam, kad informuotume, optimizuotume ir pateiktume reklamas atsi\u017evelgiant \u012f ankstesnius j\u016bs\u0173 vizitus m\u016bs\u0173 Paslaugoje. <\/span><\/p>\n\n<ul class=\"wp-block-list\">\n<li><span data-preserver-spaces=\"true\">GoogleGoogle Adwords pakartotin\u0117s rinkodaros paslauga yra teikiama Google Inc. J\u016bs galite atsisakyti Google Analytics Vaizdin\u0117s reklamoms ir nustatyti Google Vaizdin\u0117s Reklamos Tinkl\u0105 (Google Display Network) apsilankydami  <\/span><a class=\"_e75a791d-denali-editor-page-rtfLink\" href=\"http:\/\/www.google.com\/settings\/ads\" target=\"_blank\" rel=\"noopener noreferrer\"><span data-preserver-spaces=\"true\">Google Reklamos Nustatym\u0173<\/span><\/a><span data-preserver-spaces=\"true\"> puslapyje. Google taip pat rekomenduoja \u012fdiegti  <\/span><a class=\"_e75a791d-denali-editor-page-rtfLink\" href=\"https:\/\/tools.google.com\/dlpage\/gaoptout\" target=\"_blank\" rel=\"noopener noreferrer\"><span data-preserver-spaces=\"true\">Google Analytics Atsisakymo \u012eskiep\u012f<\/span><\/a><span data-preserver-spaces=\"true\"> Nar\u0161ykl\u0117ms j\u016bs\u0173 nar\u0161ykl\u0117je. Google Analytics Atsisakymo \u012eskiepis Nar\u0161ykl\u0117ms suteikia lankytojams teis\u0119 apsaugoti savo duomenis nuo rinkimo ir panaudojimo Google Analytics. Nor\u0117dami daugiau informacijos apie Google privatumo praktikas apsilankykite   <\/span><a class=\"_e75a791d-denali-editor-page-rtfLink\" href=\"http:\/\/www.google.com\/intl\/en\/policies\/privacy\/\" target=\"_blank\" rel=\"noopener noreferrer\"><span data-preserver-spaces=\"true\"> Google Privatumo ir S\u0105lyg\u0173 <\/span><\/a><span data-preserver-spaces=\"true\">internetiniame puslapyje.<\/span><\/li>\n<\/ul>\n\n<h2 class=\"wp-block-heading\"><span data-preserver-spaces=\"true\">Paslaug\u0173 Tiek\u0117jai<\/span><\/h2>\n\n<p><span data-preserver-spaces=\"true\">Mes galime naudotis tre\u010di\u0173j\u0173 \u0161ali\u0173 \u012fmoni\u0173 ir asmen\u0173 paslaugomis, kurios palengvina m\u016bs\u0173 Paslaugos tiekim\u0105, teikia Paslaug\u0105 u\u017e mus, atlieka kitas su Paslauga susijusias paslaugas arba padeda mums analizuoti tai, kaip naudojama m\u016bs\u0173 Paslauga.<\/span><\/p>\n\n<p><span data-preserver-spaces=\"true\">\u0160ios tre\u010diosios \u0161alys turi prieig\u0105 prie j\u016bs\u0173 Asmenin\u0117s Informacijos tik tam, kad \u012fvykdyt\u0173 \u0161ias u\u017eduotis u\u017e mus ir yra \u012fpareigotos neatskleisti ir nenaudoti jos jokiais kitais tikslais.<\/span><\/p>\n\n<h2 class=\"wp-block-heading\"><span data-preserver-spaces=\"true\">Komunikacija<\/span><\/h2>\n\n<p><span data-preserver-spaces=\"true\">Mes galime naudoti j\u016bs\u0173 Asmenin\u0119 Informacij\u0105 tam, kad su jumis susisiektume su naujienlai\u0161kiais, rinkodaros ar reklamos med\u017eiaga ir kita informacija, kuri gal\u0117t\u0173 jus dominti. J\u016bs galite atsisakyti bet kurio ar vis\u0173 \u0161i\u0173 m\u016bs\u0173 komunikacijos b\u016bd\u0173 sekdami atsisakymo nuorod\u0105 arba instrukcijas, nurodytas bet kuriame m\u016bs\u0173 si\u0173stame lai\u0161ke. <\/span><\/p>\n\n<h2 class=\"wp-block-heading\"><span data-preserver-spaces=\"true\">\u012estatym\u0173 laikymasis<\/span><\/h2>\n\n<p><span data-preserver-spaces=\"true\">Mes atskleisime j\u016bs\u0173 Asmenin\u0119 Informacij\u0105 atvejais, kai tai nurodo \u012fstatymas arba kompetentingos jurisdikcijos teismo sprendimas, arba jei manome, kad tai b\u016btina tam, kad b\u016bt\u0173 laikomasi \u012fstatymo ir pagr\u012fst\u0173 teis\u0117saugos pra\u0161ym\u0173 arba tam, kad apsaugotume Paslaugos saugum\u0105 ir vientisum\u0105.<\/span><\/p>\n\n<h2 class=\"wp-block-heading\"><span data-preserver-spaces=\"true\">Verslo operacijos<\/span><\/h2>\n\n<p><span data-preserver-spaces=\"true\">Jei Rad One LTD dalyvauja susijungime, \u012fsigijime arba turto pardavime, j\u016bs\u0173 Asmenin\u0117 Informacija gali b\u016bti perduodama. Apie tai jus informuosime prie\u0161 perduodant j\u016bs\u0173 Asmeninius Duomenis ir jiems \u012fsigaliojant kitai Privatumo Politikai. Tokio duomen\u0173 perdavimo atveju, j\u016bs\u0173 teis\u0117s, nustatytos Duomen\u0173 Apsaugos Aktu 1998, paveiktos nebus.  <\/span><\/p>\n\n<h2 class=\"wp-block-heading\"><span data-preserver-spaces=\"true\">Saugumas<\/span><\/h2>\n\n<p><span data-preserver-spaces=\"true\">Mums yra svarbus j\u016bs\u0173 Asmenin\u0117s Informacijos saugumas, bet atsiminkite, kad joks duomen\u0173 perdavimo internetu ar elektroninio saugojimo b\u016bdas n\u0117ra 100% saugus. Nors stengiam\u0117s naudoti komerci\u0161kai priimtinus b\u016bdus tam, kad apsaugotume j\u016bs\u0173 Asmenin\u0119 Informacij\u0105, mes negalime garantuoti, kad tai yra visi\u0161kai saugu. D\u0117l \u0161ios prie\u017easties neteikiame joki\u0173 garantij\u0173 apie j\u016bs\u0173 duomen\u0173 apsaugos lyg\u012f, i\u0161skyrus tai, kad mes visada elgsim\u0117s laikydamiesi aktuali\u0173 Jungtin\u0117s Karalyst\u0117s ir Europos S\u0105jungos \u012fstatym\u0173.  <\/span><\/p>\n\n<h2 class=\"wp-block-heading\"><span data-preserver-spaces=\"true\">Tarptautin\u0117s operacijos<\/span><\/h2>\n\n<p><span data-preserver-spaces=\"true\">J\u016bs\u0173 Informacija, \u012fskaitant Asmenin\u0119 Informacij\u0105, gali b\u016bti perduodama \u012f ir saugoma kompiuteriuose, esan\u010diuose u\u017e j\u016bs\u0173 valstijos, srities, \u0161alies ar kito valstybin\u0117s jurisdikcijos vieneto rib\u0173, kur duomen\u0173 apsaugos \u012fstatymai gali skirtis nuo \u012fstatym\u0173, galiojan\u010di\u0173 j\u016bs\u0173 jurisdikcijoje.<\/span><\/p>\n\n<p><span data-preserver-spaces=\"true\">Jei j\u016bs esate u\u017e Jungtin\u0117s Karalyst\u0117s rib\u0173 ir pasirinkote suteikti mums informacij\u0105, pra\u0161ome atkreipti d\u0117mes\u012f, kad mes perduosime \u0161i\u0105 informacij\u0105, \u012fskaitant Asmenin\u0119 Informacij\u0105, \u012f Jungtin\u0119 Karalyst\u0119 ir j\u0105 apdorosime \u010dia.<\/span><\/p>\n\n<p><span data-preserver-spaces=\"true\">J\u016bs\u0173 sutikimas su \u0161ia Privatumo Politika ir tokios informacijos pateikimas rei\u0161kia j\u016bs\u0173 sutikim\u0105 su \u0161iuo perdavimu.<\/span><\/p>\n\n<p><span data-preserver-spaces=\"true\">Atvejais, kai kyla gin\u010dai d\u0117l tarptautinio j\u016bs\u0173 duomen\u0173 perdavimo, j\u016bs sutinkate, kad Anglijos ir Velso teismai tur\u0117s i\u0161imtin\u0119 jurisdikcij\u0105 d\u0117l \u0161i\u0173 klausim\u0173.<\/span><\/p>\n\n<h2 class=\"wp-block-heading\"><span data-preserver-spaces=\"true\">J\u016bs\u0173 asmenin\u0117s teis\u0117s<\/span><\/h2>\n\n<h3 class=\"wp-block-heading\"><span data-preserver-spaces=\"true\">\u2013 J\u016bs\u0173 teis\u0117 b\u016bti informuotiems<\/span><\/h3>\n\n<p><span data-preserver-spaces=\"true\">\u0160is privatumo prane\u0161imas yra j\u016bs\u0173 teis\u0117s b\u016bti informuotiems proceso dalis. Jei mes renkame j\u016bs\u0173 suteikt\u0105 informacij\u0105 i\u0161 tre\u010di\u0173j\u0173 \u0161ali\u0173, \u0161i\u0105 informacij\u0105 pateiksime per priimtin\u0105 laiko period\u0105, bet ne v\u0117liau nei vien\u0105 m\u0117nes\u012f. <\/span><\/p>\n\n<h3 class=\"wp-block-heading\"><span data-preserver-spaces=\"true\">\u2013 J\u016bs\u0173 prieigos teis\u0117<\/span><\/h3>\n\n<p><span data-preserver-spaces=\"true\">J\u016bs turite teis\u0119 gauti patvirtinim\u0105 apie tai, kad j\u016bs\u0173 duomenys yra apdorojami. J\u016bs taip pat turite teis\u0119 gauti prieig\u0105 prie savo asmens duomen\u0173 ir patikrinti apdorojimo teisi\u0161kum\u0105. <\/span><\/p>\n\n<p><span data-preserver-spaces=\"true\">Bet koks pra\u0161ymas yra nemokamas, bet mes turime teis\u0119 apmokestinti perteklin\u012f pra\u0161ym\u0105. Mes taip pat turime teis\u0119 apmokestinti v\u0117lesnius pra\u0161ymus pateikti t\u0105 pa\u010di\u0105 informacij\u0105. <\/span><\/p>\n\n<p><span data-preserver-spaces=\"true\">Mes u\u017etikrinsime, kad bet koks pri\u0117jimo prie asmens duomen\u0173 pra\u0161ymas bus \u012fvykdomas per vien\u0105 m\u0117nes\u012f nuo gavimo.<\/span><\/p>\n\n<p><span data-preserver-spaces=\"true\">M\u016bs\u0173 poreikis atitinkamais b\u016bdais patvirtinti j\u016bs\u0173 tapatyb\u0119 yra dalis \u0161io proceso. \u012eprastai tai daroma pa\u0161tu ar elektroniniu b\u016bdu el. pa\u0161tu. <\/span><\/p>\n\n<h3 class=\"wp-block-heading\"><span data-preserver-spaces=\"true\">\u2013 J\u016bs\u0173 i\u0161taisymo teis\u0117<\/span><\/h3>\n\n<p><span data-preserver-spaces=\"true\">J\u016bs turite teis\u0119 pataisyti bet koki\u0105 neteising\u0105 informacij\u0105 arba j\u0105 u\u017ebaigti, jei informacija yra nepilna. Tai gali b\u016bti padaryta \u017eod\u017eiu patar\u0117jui arba ra\u0161tu. <\/span><\/p>\n\n<p><span data-preserver-spaces=\"true\">Mes pataisysime bet kokius m\u016bs\u0173 turimus duomenis per vien\u0105 m\u0117nes\u012f nuo informacijos gavimo. Mes neapmokestinsime j\u016bs\u0173 duomen\u0173 redagavimo ar taisymo, nebent tai b\u016bt\u0173 perteklinis taisymas. <\/span><\/p>\n\n<p><span data-preserver-spaces=\"true\">Mums gali reik\u0117ti patvirtinti j\u016bs\u0173 tapatyb\u0119 tam, kad atliktume norimus pakeitimus.<\/span><\/p>\n\n<p><span data-preserver-spaces=\"true\">Jei mes pateik\u0117me \u0161i\u0105 informacij\u0105 kitoms \u0161alims, individualiai susisieksime su kiekviena i\u0161 j\u0173 tam, kad j\u016bs\u0173 duomenys b\u016bt\u0173 atnaujinti.<\/span><\/p>\n\n<h3 class=\"wp-block-heading\"><span data-preserver-spaces=\"true\">\u2013 J\u016bs\u0173 i\u0161trynimo teis\u0117<\/span><\/h3>\n\n<p><span data-preserver-spaces=\"true\">J\u016bs turite teis\u0119 i\u0161trinti savo asmens duomenis. Tai dar \u017einoma kaip teis\u0117 b\u016bti pamir\u0161tam. Toks pra\u0161ymas gali b\u016bti pateiktas ra\u0161tu.  <\/span><\/p>\n\n<p><span data-preserver-spaces=\"true\">Mes atsakysime \u012f bet kok\u012f pra\u0161ym\u0105 per m\u0117nes\u012f nuo jo gavimo.<\/span><\/p>\n\n<p><span data-preserver-spaces=\"true\">Mes neapmokestinsime j\u016bs\u0173 duomen\u0173 i\u0161trynimo. Taip pat mums reik\u0117s patvirtinti kiekvieno individualaus asmens, norin\u010dio pasinaudoti teise b\u016bti pamir\u0161tam, tapatyb\u0119. <\/span><span data-preserver-spaces=\"true\"> <\/span><\/p>\n\n<h3 class=\"wp-block-heading\"><span data-preserver-spaces=\"true\">\u2013 J\u016bs\u0173 teis\u0117 apriboti apdorojim\u0105<\/span><\/h3>\n\n<p><span data-preserver-spaces=\"true\">J\u016bs turite teis\u0119 pra\u0161yti kad mes apribotume arba nustotume naudoti j\u016bs\u0173 asmenin\u0119 informacij\u0105. Mes galime toliau laikyti \u0161i\u0105 informacij\u0105, bet nustosime j\u0105 naudoti. <\/span><\/p>\n\n<p><span data-preserver-spaces=\"true\">J\u016bs\u0173 pra\u0161ymas gali b\u016bti pateiktas ra\u0161tu ir \u012f j\u012f bus atsakyta be nepagr\u012fsto delsimo ir ne v\u0117liau kaip per vien\u0105 m\u0117nes\u012f nuo jo gavimo.<\/span><\/p>\n\n<h3 class=\"wp-block-heading\"><span data-preserver-spaces=\"true\">\u2013 Teis\u0117 nesutikti<\/span><\/h3>\n\n<p><span data-preserver-spaces=\"true\">J\u016bs turite teis\u0119 nesutikti su j\u016bs\u0173 duomen\u0173 naudojimu. Jei norite, kad mes nustotume naudoti j\u016bs\u0173 asmeninius duomenis, tai padarysime be jokio delsimo. <\/span><\/p>\n\n<h3 class=\"wp-block-heading\"><span data-preserver-spaces=\"true\">\u2013 J\u016bs\u0173 teis\u0117 sk\u0173stis<\/span><span data-preserver-spaces=\"true\"> <\/span><\/h3>\n\n<p><span data-preserver-spaces=\"true\">Jei turite nusiskundim\u0105 apie tai, kaip mes naudojame j\u016bs\u0173 informacij\u0105, galite kreiptis \u012f Informacijos komisijos biur\u0105 j\u0173 internetin\u0117je svetain\u0117je www.ico.org\/concerns arba para\u0161yti jiems adresu:<\/span><span data-preserver-spaces=\"true\">  <\/span><\/p>\n\n<p><span data-preserver-spaces=\"true\">Information Commissioner\u2019s Office<\/span> <br\/><span data-preserver-spaces=\"true\">Wycliffe House<\/span><br\/><span data-preserver-spaces=\"true\">Water Lane<\/span><br\/><span data-preserver-spaces=\"true\">Wilmslow<\/span><br\/><span data-preserver-spaces=\"true\">Cheshire<\/span><br\/><span data-preserver-spaces=\"true\">SK9 5AF<\/span><br\/><span data-preserver-spaces=\"true\">United Kingdom<\/span> <\/p>\n\n<h2 class=\"wp-block-heading\"><span data-preserver-spaces=\"true\">Nuorodos \u012f kitas svetaines<\/span><\/h2>\n\n<p><span data-preserver-spaces=\"true\">M\u016bs\u0173 Paslaugoje gali b\u016bti nuorod\u0173 \u012f kitas svetaines, kuri\u0173 mes nevaldome. Jei paspaud\u017eiate ant tre\u010di\u0173j\u0173 \u0161ali\u0173 nuorod\u0173, b\u016bsite nukreipti \u012f t\u0105 tre\u010di\u0173j\u0173 \u0161ali\u0173 svetain\u0119. Mes primygtinai patariame jums per\u017ei\u016br\u0117ti kiekvienos aplankomos svetain\u0117s Privatumo Politik\u0105.  <\/span><\/p>\n\n<p><span data-preserver-spaces=\"true\">Mes niekaip nekontroliuojame ir neprisiimame jokios atsakomyb\u0117s u\u017e tre\u010di\u0173j\u0173 \u0161ali\u0173 svetaini\u0173 ar paslaug\u0173 turin\u012f, privatumo politikas ar praktikas.<\/span><\/p>\n\n<h2 class=\"wp-block-heading\"><span data-preserver-spaces=\"true\">Vaik\u0173 privatumas<\/span><\/h2>\n\n<p><span data-preserver-spaces=\"true\">M\u016bs\u0173 Paslauga niekaip nesikreipia \u012f \u017emones, jaunesnius nei 13 met\u0173 (\u201eVaikai\u201c).<\/span><\/p>\n\n<p><span data-preserver-spaces=\"true\">Mes s\u0105moningai nerenkame vaik\u0173, jaunesni\u0173 nei 13, asmen\u012f identifikuojan\u010dios informacijos. Jei esate t\u0117vas ar glob\u0117jas ir pasteb\u0117jote, kad j\u016bs\u0173 Vaikas suteik\u0117 mums savo Asmenin\u0119 Informacij\u0105, pra\u0161ome su mumis susisiekti. Jei mes pasteb\u0117sime, kad be patvirtinimo ar t\u0117v\u0173 sutikimo renkame vaiko, jaunesnio nei 13 met\u0173, asmenin\u0119 informacij\u0105, imsim\u0117s priemoni\u0173 tam, kad pa\u0161alintume \u0161i\u0105 informacij\u0105 i\u0161 savo serveri\u0173.  <\/span><\/p>\n\n<h2 class=\"wp-block-heading\"><span data-preserver-spaces=\"true\">\u0160ios Privatumo Politikos pakeitimai<\/span><\/h2>\n\n<p><span data-preserver-spaces=\"true\">Kartais mes galime atnaujinti \u0161i\u0105 Privatumo Politik\u0105. Informuosime jus apie bet kokius poky\u010dius pasidalindami nauj\u0105ja Privatumo Politika \u0161iame puslapyje. <\/span><\/p>\n\n<p><span data-preserver-spaces=\"true\">Patariame Jums periodi\u0161kai per\u017ei\u016br\u0117ti \u0161i\u0105 Privatumo Politik\u0105 d\u0117l bet koki\u0173 pakeitim\u0173. \u0160ios Privatumo Politikos pakeitimai \u012fsigalioja tada, kai yra paskelbiami \u0161iame puslapyje. <\/span><\/p>\n\n<p><span data-preserver-spaces=\"true\">Jei \u0161ioje Privatumo Politikoje atliksime bet kokius materialinius pakeitimus, apie tai jus informuosime j\u016bs\u0173 nurodytu el. pa\u0161to adresu arba paskelbdami pastebim\u0105 prane\u0161im\u0105 savo svetain\u0117je.<\/span><\/p>\n\n<h2 class=\"wp-block-heading\"><span data-preserver-spaces=\"true\">Jurisdikcija<\/span><\/h2>\n\n<p><span data-preserver-spaces=\"true\">\u0160i Politika yra valdoma ir ai\u0161kinama remiantis Anglijos ir Velso \u012fstatymais, neatsi\u017evelgiant \u012f j\u0173 prie\u0161taravim\u0105 \u012fstatym\u0173 nuo nuostatoms.<\/span><\/p>\n\n<h2 class=\"wp-block-heading\"><span data-preserver-spaces=\"true\">Susisiekite su mumis<\/span><\/h2>\n\n<p><span data-preserver-spaces=\"true\">Jei turite bet koki\u0173 klausim\u0173 apie \u0161i\u0105 Privatumo Politik\u0105, pra\u0161ome su<\/span> <a class=\"_e75a791d-denali-editor-page-rtfLink\" href=\"https:\/\/eu.intelligentlabs.org\/lt-lt\/susisiekite-su-mumis\/\" target=\"_blank\" rel=\"noopener noreferrer\"><span data-preserver-spaces=\"true\">mumis susisiekti:<\/span><\/a> <span data-preserver-spaces=\"true\">support@intelligentlabs.org<\/span><\/p>\n\n<p><span data-preserver-spaces=\"true\">Taip pat su mumis galite susisiekti pa\u0161tu, m\u016bs\u0173 adresas yra:<\/span><\/p>\n\n<p><span data-preserver-spaces=\"true\">32 Barnmead <\/span> <br\/><span data-preserver-spaces=\"true\">Haywards Heath<\/span><br\/><span data-preserver-spaces=\"true\">England<\/span><br\/><span data-preserver-spaces=\"true\">RH16 1UZ<\/span><br\/><span data-preserver-spaces=\"true\">United Kingdom<\/span><\/p>\n","protected":false},"excerpt":{"rendered":"<p>Privatumo politika Paskutin\u012f kart\u0105 atnaujinta: 2018 m. gegu\u017e\u0117s m\u0117n. Rad One LTD (\u201emes\u201c, \u201em\u016bs\u0173\u201c, \u201emus\u201c) valdo internetin\u0119 svetain\u0119 https:\/\/lt.intelligentlabs.org (\u201ePaslauga\u201c) \u0160is puslapis informuos jus apie Asmenin\u0117s Informacijos rinkimo, panaudojimo ir atskleidimo, naudojantis m\u016bs\u0173 Paslauga, politik\u0105, nustatyt\u0105 pagal Bendr\u0105j\u012f duomen\u0173 apsaugos reglament\u0105 (BDAR) 2018 m. gegu\u017e\u0119. Mes nenaudosime ir nesidalinsime j\u016bs\u0173 informacija su niekuo, i\u0161skyrus atvejus,&#8230;<\/p>\n","protected":false},"author":1,"featured_media":0,"parent":0,"menu_order":0,"comment_status":"closed","ping_status":"closed","template":"","meta":{"_kad_blocks_custom_css":"","_kad_blocks_head_custom_js":"","_kad_blocks_body_custom_js":"","_kad_blocks_footer_custom_js":"","_kad_post_transparent":"","_kad_post_title":"","_kad_post_layout":"","_kad_post_sidebar_id":"","_kad_post_content_style":"","_kad_post_vertical_padding":"","_kad_post_feature":"","_kad_post_feature_position":"","_kad_post_header":false,"_kad_post_footer":false,"_kad_post_classname":"","footnotes":""},"coauthors":[1036],"class_list":["post-230794","page","type-page","status-publish","hentry"],"taxonomy_info":[],"featured_image_src_large":false,"author_info":{"display_name":"Rus Hughes","author_link":"https:\/\/eu.intelligentlabs.org\/lt-lt\/author\/admin\/"},"comment_info":0,"wpml":{"language":"lt-lt","is_original":false,"original_post_id":129692,"translations":{"bg-bg":{"id":225423,"language":"bg-bg","is_original":false},"cs-cz":{"id":221642,"language":"cs-cz","is_original":false},"da-dk":{"id":222058,"language":"da-dk","is_original":false},"de-at":{"id":216323,"language":"de-at","is_original":false},"de-de":{"id":216294,"language":"de-de","is_original":false},"el-cy":{"id":229307,"language":"el-cy","is_original":false},"el-gr":{"id":228885,"language":"el-gr","is_original":false},"en-gb":{"id":129692,"language":"en-gb","is_original":true},"en-ie":{"id":213912,"language":"en-ie","is_original":false},"en-mt":{"id":213913,"language":"en-mt","is_original":false},"es-es":{"id":216312,"language":"es-es","is_original":false},"et-ee":{"id":229237,"language":"et-ee","is_original":false},"fi-fi":{"id":237872,"language":"fi-fi","is_original":false},"fr-fr":{"id":215154,"language":"fr-fr","is_original":false},"fr-lu":{"id":218543,"language":"fr-lu","is_original":false},"hu-hu":{"id":223887,"language":"hu-hu","is_original":false},"it-it":{"id":216316,"language":"it-it","is_original":false},"lt-lt":{"id":230794,"language":"lt-lt","is_original":false},"lv-lv":{"id":229918,"language":"lv-lv","is_original":false},"nl-be":{"id":217884,"language":"nl-be","is_original":false},"nl-nl":{"id":215151,"language":"nl-nl","is_original":false},"pl-pl":{"id":216512,"language":"pl-pl","is_original":false},"pt-pt":{"id":213907,"language":"pt-pt","is_original":false},"ro-ro":{"id":237607,"language":"ro-ro","is_original":false},"sk-sk":{"id":242329,"language":"sk-sk","is_original":false},"sl-si":{"id":253860,"language":"sl-si","is_original":false},"sv-se":{"id":223092,"language":"sv-se","is_original":false}}},"_links":{"self":[{"href":"https:\/\/eu.intelligentlabs.org\/lt-lt\/wp-json\/wp\/v2\/pages\/230794","targetHints":{"allow":["GET"]}}],"collection":[{"href":"https:\/\/eu.intelligentlabs.org\/lt-lt\/wp-json\/wp\/v2\/pages"}],"about":[{"href":"https:\/\/eu.intelligentlabs.org\/lt-lt\/wp-json\/wp\/v2\/types\/page"}],"author":[{"embeddable":true,"href":"https:\/\/eu.intelligentlabs.org\/lt-lt\/wp-json\/wp\/v2\/users\/1"}],"replies":[{"embeddable":true,"href":"https:\/\/eu.intelligentlabs.org\/lt-lt\/wp-json\/wp\/v2\/comments?post=230794"}],"version-history":[{"count":1,"href":"https:\/\/eu.intelligentlabs.org\/lt-lt\/wp-json\/wp\/v2\/pages\/230794\/revisions"}],"predecessor-version":[{"id":230795,"href":"https:\/\/eu.intelligentlabs.org\/lt-lt\/wp-json\/wp\/v2\/pages\/230794\/revisions\/230795"}],"wp:attachment":[{"href":"https:\/\/eu.intelligentlabs.org\/lt-lt\/wp-json\/wp\/v2\/media?parent=230794"}],"wp:term":[{"taxonomy":"author","embeddable":true,"href":"https:\/\/eu.intelligentlabs.org\/lt-lt\/wp-json\/wp\/v2\/coauthors?post=230794"}],"curies":[{"name":"wp","href":"https:\/\/api.w.org\/{rel}","templated":true}]}}