{"id":224478,"date":"2025-05-30T11:19:49","date_gmt":"2025-05-30T11:19:49","guid":{"rendered":"https:\/\/eu.intelligentlabs.org\/product\/foszfatidilszerin-100-mg\/"},"modified":"2026-04-13T07:07:32","modified_gmt":"2026-04-13T06:07:32","slug":"foszfatidilszerin-100-mg","status":"publish","type":"product","link":"https:\/\/eu.intelligentlabs.org\/hu-hu\/termek\/foszfatidilszerin-100-mg\/","title":{"rendered":"Foszfatidilszerin 100mg"},"content":{"rendered":"","protected":false},"excerpt":{"rendered":"<p>El\u0151seg\u00edti az eg\u00e9szs\u00e9ges agym\u0171k\u00f6d\u00e9st*<\/p>\n<ul>\n<li>Klinikailag elismert 100mg kapszula<\/li>\n<li>100%-ban sz\u00f3jamentes napraforg\u00f3 lecitinb\u0151l<\/li>\n<li>T\u00f6ltsd fel az agyad*<\/li>\n<li>T\u00e1mogatja a mem\u00f3ri\u00e1t, a tanul\u00e1si k\u00e9pess\u00e9get \u00e9s a koncentr\u00e1ci\u00f3t*<\/li>\n<li>90 k\u00f6nnyen lenyelhet\u0151 veg\u00e1n kapszula<\/li>\n<\/ul>\n","protected":false},"featured_media":224479,"comment_status":"closed","ping_status":"closed","template":"","meta":{"_kad_blocks_custom_css":"","_kad_blocks_head_custom_js":"","_kad_blocks_body_custom_js":"","_kad_blocks_footer_custom_js":"","_kad_post_transparent":"default","_kad_post_title":"","_kad_post_layout":"default","_kad_post_sidebar_id":"","_kad_post_content_style":"default","_kad_post_vertical_padding":"default","_kad_post_feature":"","_kad_post_feature_position":"","_kad_post_header":false,"_kad_post_footer":false,"_kad_post_classname":""},"product_brand":[],"product_cat":[2678],"product_tag":[2679],"class_list":{"0":"post-224478","1":"product","2":"type-product","3":"status-publish","4":"has-post-thumbnail","6":"product_cat-nootropika","7":"product_tag-foszfatidil-szerin","8":"has-subscription-plans","10":"first","11":"instock","12":"taxable","13":"shipping-taxable","14":"purchasable","15":"product-type-simple","16":"entry","17":"content-bg","18":"loop-entry"},"taxonomy_info":{"product_cat":[{"value":2678,"label":"Nootropika"}],"product_tag":[{"value":2679,"label":"foszfatidil-szerin"}]},"featured_image_src_large":["https:\/\/eu.intelligentlabs.org\/wp-content\/uploads\/2025\/05\/phosphatidylserine-main.jpg",1000,1000,false],"author_info":[],"comment_info":0,"wpml":{"language":"hu-hu","is_original":false,"original_post_id":133311,"translations":{"bg-bg":{"id":225579,"language":"bg-bg","is_original":false},"cs-cz":{"id":221824,"language":"cs-cz","is_original":false},"da-dk":{"id":222690,"language":"da-dk","is_original":false},"de-at":{"id":167815,"language":"de-at","is_original":false},"de-de":{"id":133311,"language":"de-de","is_original":true},"el-cy":{"id":229375,"language":"el-cy","is_original":false},"el-gr":{"id":229116,"language":"el-gr","is_original":false},"en-ie":{"id":167169,"language":"en-ie","is_original":false},"en-mt":{"id":167463,"language":"en-mt","is_original":false},"et-ee":{"id":229618,"language":"et-ee","is_original":false},"fi-fi":{"id":237934,"language":"fi-fi","is_original":false},"hu-hu":{"id":224478,"language":"hu-hu","is_original":false},"lt-lt":{"id":237182,"language":"lt-lt","is_original":false},"lv-lv":{"id":230335,"language":"lv-lv","is_original":false},"nl-be":{"id":217937,"language":"nl-be","is_original":false},"nl-nl":{"id":182912,"language":"nl-nl","is_original":false},"pl-pl":{"id":171218,"language":"pl-pl","is_original":false},"ro-ro":{"id":237736,"language":"ro-ro","is_original":false},"sk-sk":{"id":248967,"language":"sk-sk","is_original":false},"sl-si":{"id":242390,"language":"sl-si","is_original":false},"sv-se":{"id":223322,"language":"sv-se","is_original":false}}},"_links":{"self":[{"href":"https:\/\/eu.intelligentlabs.org\/hu-hu\/wp-json\/wp\/v2\/product\/224478","targetHints":{"allow":["GET"]}}],"collection":[{"href":"https:\/\/eu.intelligentlabs.org\/hu-hu\/wp-json\/wp\/v2\/product"}],"about":[{"href":"https:\/\/eu.intelligentlabs.org\/hu-hu\/wp-json\/wp\/v2\/types\/product"}],"replies":[{"embeddable":true,"href":"https:\/\/eu.intelligentlabs.org\/hu-hu\/wp-json\/wp\/v2\/comments?post=224478"}],"wp:featuredmedia":[{"embeddable":true,"href":"https:\/\/eu.intelligentlabs.org\/hu-hu\/wp-json\/wp\/v2\/media\/224479"}],"wp:attachment":[{"href":"https:\/\/eu.intelligentlabs.org\/hu-hu\/wp-json\/wp\/v2\/media?parent=224478"}],"wp:term":[{"taxonomy":"product_brand","embeddable":true,"href":"https:\/\/eu.intelligentlabs.org\/hu-hu\/wp-json\/wp\/v2\/product_brand?post=224478"},{"taxonomy":"product_cat","embeddable":true,"href":"https:\/\/eu.intelligentlabs.org\/hu-hu\/wp-json\/wp\/v2\/product_cat?post=224478"},{"taxonomy":"product_tag","embeddable":true,"href":"https:\/\/eu.intelligentlabs.org\/hu-hu\/wp-json\/wp\/v2\/product_tag?post=224478"}],"curies":[{"name":"wp","href":"https:\/\/api.w.org\/{rel}","templated":true}]}}