{"id":221752,"date":"2025-05-30T11:19:48","date_gmt":"2025-05-30T11:19:48","guid":{"rendered":"https:\/\/eu.intelligentlabs.org\/product\/cultures-vivantes-avec-fibres-pour-enfants\/"},"modified":"2026-02-20T09:29:29","modified_gmt":"2026-02-20T09:29:29","slug":"cultures-vivantes-avec-fibres-pour-enfants-2","status":"publish","type":"product","link":"https:\/\/eu.intelligentlabs.org\/fr-lu\/product\/cultures-vivantes-avec-fibres-pour-enfants-2\/","title":{"rendered":"Cultures vivantes avec fibres pour enfants"},"content":{"rendered":"","protected":false},"excerpt":{"rendered":"<p>Soutient la digestion, le syst\u00e8me immunitaire et la sant\u00e9 cognitive*<\/p>\n<ul>\n<li>Comprim\u00e9s \u00e0 croquer au go\u00fbt d\u00e9licieux que les enfants adorent<\/li>\n<li>100 % sans sucre (la plupart des compl\u00e9ments alimentaires pour enfants sont pleins de sucre)<\/li>\n<li>Au moins 6 milliards d&#8217;UFC par comprim\u00e9<\/li>\n<li>Chaque capsule contient des fibres Sunfiber\u00ae et FOS<\/li>\n<li>60 jours d&#8217;approvisionnement par bouteille<\/li>\n<li>Sans OGM, sans soja, sans bl\u00e9, sans produits laitiers, sans \u0153ufs et sans d\u00e9riv\u00e9s animaux<\/li>\n<li>Soit vous aimez le produit, soit vous b\u00e9n\u00e9ficiez d&#8217;une garantie de remboursement \u00e0 100 %<\/li>\n<li>Livraison gratuite<\/li>\n<\/ul>\n","protected":false},"featured_media":221753,"comment_status":"closed","ping_status":"closed","template":"","meta":{"_kad_blocks_custom_css":"","_kad_blocks_head_custom_js":"","_kad_blocks_body_custom_js":"","_kad_blocks_footer_custom_js":"","_kad_post_transparent":"default","_kad_post_title":"","_kad_post_layout":"default","_kad_post_sidebar_id":"","_kad_post_content_style":"default","_kad_post_vertical_padding":"default","_kad_post_feature":"","_kad_post_feature_position":"","_kad_post_header":false,"_kad_post_footer":false,"_kad_post_classname":""},"product_brand":[],"product_cat":[2510],"product_tag":[2517,2518,2513,2516],"class_list":{"0":"post-221752","1":"product","2":"type-product","3":"status-publish","4":"has-post-thumbnail","6":"product_cat-cultures-vivantes","7":"product_tag-infant-probiotic-fr-lu","8":"product_tag-kids-probiotics-prebiotics-fr-lu","9":"product_tag-prebiotics-fr-lu","10":"product_tag-sunfiberf-fr-lu","11":"has-subscription-plans","13":"first","14":"instock","15":"taxable","16":"shipping-taxable","17":"purchasable","18":"product-type-simple","19":"entry","20":"content-bg","21":"loop-entry"},"taxonomy_info":{"product_cat":[{"value":2510,"label":"Cultures Vivantes"}],"product_tag":[{"value":2517,"label":"infant probiotic"},{"value":2518,"label":"kids probiotics &amp; prebiotics"},{"value":2513,"label":"prebiotics"},{"value":2516,"label":"sunfiberf"}]},"featured_image_src_large":["https:\/\/eu.intelligentlabs.org\/wp-content\/uploads\/2025\/06\/cultures-vivantes-avec-fibres-pour-enfants-07.png",1000,1000,false],"author_info":[],"comment_info":0,"wpml":{"language":"fr-lu","is_original":false,"original_post_id":133306,"translations":{"bg-bg":{"id":225510,"language":"bg-bg","is_original":false},"cs-cz":{"id":221935,"language":"cs-cz","is_original":false},"da-dk":{"id":222817,"language":"da-dk","is_original":false},"de-at":{"id":167690,"language":"de-at","is_original":false},"de-de":{"id":133306,"language":"de-de","is_original":true},"el-cy":{"id":229418,"language":"el-cy","is_original":false},"el-gr":{"id":229080,"language":"el-gr","is_original":false},"en-ie":{"id":167104,"language":"en-ie","is_original":false},"en-mt":{"id":167379,"language":"en-mt","is_original":false},"et-ee":{"id":229649,"language":"et-ee","is_original":false},"fi-fi":{"id":237985,"language":"fi-fi","is_original":false},"fr-lu":{"id":221752,"language":"fr-lu","is_original":false},"hu-hu":{"id":224457,"language":"hu-hu","is_original":false},"lt-lt":{"id":237344,"language":"lt-lt","is_original":false},"lv-lv":{"id":230284,"language":"lv-lv","is_original":false},"nl-be":{"id":217960,"language":"nl-be","is_original":false},"nl-nl":{"id":216129,"language":"nl-nl","is_original":false},"pl-pl":{"id":171262,"language":"pl-pl","is_original":false},"ro-ro":{"id":237659,"language":"ro-ro","is_original":false},"sk-sk":{"id":250681,"language":"sk-sk","is_original":false},"sl-si":{"id":242450,"language":"sl-si","is_original":false},"sv-se":{"id":223299,"language":"sv-se","is_original":false}}},"_links":{"self":[{"href":"https:\/\/eu.intelligentlabs.org\/fr-lu\/wp-json\/wp\/v2\/product\/221752","targetHints":{"allow":["GET"]}}],"collection":[{"href":"https:\/\/eu.intelligentlabs.org\/fr-lu\/wp-json\/wp\/v2\/product"}],"about":[{"href":"https:\/\/eu.intelligentlabs.org\/fr-lu\/wp-json\/wp\/v2\/types\/product"}],"replies":[{"embeddable":true,"href":"https:\/\/eu.intelligentlabs.org\/fr-lu\/wp-json\/wp\/v2\/comments?post=221752"}],"wp:featuredmedia":[{"embeddable":true,"href":"https:\/\/eu.intelligentlabs.org\/fr-lu\/wp-json\/wp\/v2\/media\/221753"}],"wp:attachment":[{"href":"https:\/\/eu.intelligentlabs.org\/fr-lu\/wp-json\/wp\/v2\/media?parent=221752"}],"wp:term":[{"taxonomy":"product_brand","embeddable":true,"href":"https:\/\/eu.intelligentlabs.org\/fr-lu\/wp-json\/wp\/v2\/product_brand?post=221752"},{"taxonomy":"product_cat","embeddable":true,"href":"https:\/\/eu.intelligentlabs.org\/fr-lu\/wp-json\/wp\/v2\/product_cat?post=221752"},{"taxonomy":"product_tag","embeddable":true,"href":"https:\/\/eu.intelligentlabs.org\/fr-lu\/wp-json\/wp\/v2\/product_tag?post=221752"}],"curies":[{"name":"wp","href":"https:\/\/api.w.org\/{rel}","templated":true}]}}