{"id":129156,"date":"2024-08-21T09:07:33","date_gmt":"2024-08-21T08:07:33","guid":{"rendered":"https:\/\/eu.intelligentlabs.org\/cart\/"},"modified":"2025-08-24T12:28:20","modified_gmt":"2025-08-24T11:28:20","slug":"panier","status":"publish","type":"page","link":"https:\/\/eu.intelligentlabs.org\/fr-fr\/panier\/","title":{"rendered":"Panier"},"content":{"rendered":"\n<div data-block-name=\"woocommerce\/cart\" class=\"wp-block-woocommerce-cart alignwide is-loading\">\n<div data-block-name=\"woocommerce\/filled-cart-block\" class=\"wp-block-woocommerce-filled-cart-block\">\n<div data-block-name=\"woocommerce\/cart-items-block\" class=\"wp-block-woocommerce-cart-items-block\">\n<div data-block-name=\"woocommerce\/cart-line-items-block\" class=\"wp-block-woocommerce-cart-line-items-block\"><\/div>\n\n\n\n<div data-block-name=\"woocommerce\/cart-cross-sells-block\" class=\"wp-block-woocommerce-cart-cross-sells-block\">\n<h2 class=\"wp-block-heading has-large-font-size\">Vous pourriez \u00eatre int\u00e9ress\u00e9 par\u2026<\/h2>\n\n\n\n<div data-block-name=\"woocommerce\/cart-cross-sells-products-block\" class=\"wp-block-woocommerce-cart-cross-sells-products-block\"><\/div>\n<\/div>\n<\/div>\n\n\n\n<div data-block-name=\"woocommerce\/cart-totals-block\" class=\"wp-block-woocommerce-cart-totals-block\">\n<div data-block-name=\"woocommerce\/cart-order-summary-block\" class=\"wp-block-woocommerce-cart-order-summary-block\">\n<div data-block-name=\"woocommerce\/cart-order-summary-heading-block\" class=\"wp-block-woocommerce-cart-order-summary-heading-block\"><\/div><div data-block-name=\"woocommerce\/cart-order-summary-coupon-form-block\" class=\"wp-block-woocommerce-cart-order-summary-coupon-form-block\"><\/div><div data-block-name=\"woocommerce\/cart-order-summary-totals-block\" class=\"wp-block-woocommerce-cart-order-summary-totals-block\">\n<div data-block-name=\"woocommerce\/cart-order-summary-subtotal-block\" class=\"wp-block-woocommerce-cart-order-summary-subtotal-block\"><\/div>\n<div data-block-name=\"woocommerce\/cart-order-summary-discount-block\" class=\"wp-block-woocommerce-cart-order-summary-discount-block\"><\/div>\n<div data-block-name=\"woocommerce\/cart-order-summary-fee-block\" class=\"wp-block-woocommerce-cart-order-summary-fee-block\"><\/div>\n<div data-block-name=\"woocommerce\/cart-order-summary-shipping-block\" class=\"wp-block-woocommerce-cart-order-summary-shipping-block\"><\/div>\n<div data-block-name=\"woocommerce\/cart-order-summary-taxes-block\" class=\"wp-block-woocommerce-cart-order-summary-taxes-block\"><\/div><\/div>\n<\/div>\n\n\n\n<div data-block-name=\"woocommerce\/cart-express-payment-block\" class=\"wp-block-woocommerce-cart-express-payment-block\"><\/div>\n\n\n\n<div data-block-name=\"woocommerce\/proceed-to-checkout-block\" class=\"wp-block-woocommerce-proceed-to-checkout-block\"><\/div>\n\n\n\n<div data-block-name=\"woocommerce\/cart-accepted-payment-methods-block\" class=\"wp-block-woocommerce-cart-accepted-payment-methods-block\"><\/div>\n<\/div>\n<\/div>\n\n\n\n<div data-block-name=\"woocommerce\/empty-cart-block\" class=\"wp-block-woocommerce-empty-cart-block\">\n<h2 class=\"wp-block-heading has-text-align-center with-empty-cart-icon wc-block-cart__empty-cart__title\">Votre panier est actuellement vide !<\/h2>\n\n\n\n<hr class=\"wp-block-separator has-alpha-channel-opacity is-style-dots\"\/>\n\n\n\n<h2 class=\"wp-block-heading has-text-align-center\">Nouveau en boutique<\/h2>\n\n\n<div data-block-name=\"woocommerce\/product-new\" data-columns=\"4\" data-rows=\"1\" class=\"wc-block-grid wp-block-product-new wp-block-woocommerce-product-new wc-block-product-new has-4-columns\"><ul class=\"wc-block-grid__products\"><li class=\"wc-block-grid__product entry loop-entry content-bg woo-archive-action-on-hover woo-archive-btn-text product-loop-boxed woo-archive-image-hover-none\"><a href=\"https:\/\/eu.intelligentlabs.org\/fr-fr\/produit\/coq10-ubiquinone-200mg\/\" class=\"wc-block-grid__product-link woocommerce-loop-image-link woocommerce-LoopProduct-link woocommerce-loop-product__link\">\n\t\t\t\t\t<img loading=\"lazy\" decoding=\"async\" width=\"300\" height=\"300\" src=\"https:\/\/eu.intelligentlabs.org\/wp-content\/uploads\/2026\/03\/coq10-ubiquinone-200mg-08-510x510-1-300x300.png\" class=\"attachment-woocommerce_thumbnail size-woocommerce_thumbnail\" alt=\"CoQ10 Ubiquinone 200mg\" srcset=\"https:\/\/eu.intelligentlabs.org\/wp-content\/uploads\/2026\/03\/coq10-ubiquinone-200mg-08-510x510-1-300x300.png 300w, https:\/\/eu.intelligentlabs.org\/wp-content\/uploads\/2026\/03\/coq10-ubiquinone-200mg-08-510x510-1-150x150.png 150w, https:\/\/eu.intelligentlabs.org\/wp-content\/uploads\/2026\/03\/coq10-ubiquinone-200mg-08-510x510-1-100x100.png 100w, https:\/\/eu.intelligentlabs.org\/wp-content\/uploads\/2026\/03\/coq10-ubiquinone-200mg-08-510x510-1.png 510w\" sizes=\"auto, (max-width: 300px) 100vw, 300px\" \/>\n\t\t\t\t\t\n\t\t\t\t<\/a>\n\t\t\t\t<div class=\"product-details content-bg entry-content-wrap\">\n\t\t\t\t\t<a href=\"https:\/\/eu.intelligentlabs.org\/fr-fr\/produit\/coq10-ubiquinone-200mg\/\" class=\"wc-block-grid__product-title-link\">\n\t\t\t\t\t\t<div class=\"wc-block-grid__product-title\">CoQ10 Ubiquinone 200mg<\/div>\n\t\t\t\t\t<\/a>\n\t\t\t\t\t\n\t\t\t\t\t<div class=\"wc-block-grid__product-price price\"><span class=\"woocommerce-Price-amount amount\">23,72&nbsp;<span class=\"woocommerce-Price-currencySymbol\">&euro;<\/span><\/span><small class=\"wcsatt-sub-options\"> <span class=\"wcsatt-dash\">\u2014<\/span> ou <del aria-hidden=\"true\"><span class=\"woocommerce-Price-amount amount\">23,72&nbsp;<span class=\"woocommerce-Price-currencySymbol\">&euro;<\/span><\/span><\/del> <span class=\"screen-reader-text\">Le prix initial \u00e9tait\u00a0: 23,72&nbsp;&euro;.<\/span><ins aria-hidden=\"true\"><span class=\"woocommerce-Price-amount amount\">21,35&nbsp;<span class=\"woocommerce-Price-currencySymbol\">&euro;<\/span><\/span><\/ins><span class=\"screen-reader-text\">Le prix actuel est\u00a0: 21,35&nbsp;&euro;.<\/span> <span class=\"subscription-details\"> chaque 4 mois<\/span><\/small><\/div>\n\t\t\t\t\t<div class=\"wp-block-button wc-block-grid__product-add-to-cart\"><a href=\"\/fr-fr\/wp-json\/wp\/v2\/pages\/129156?add-to-cart=262118\" aria-label=\"Ajouter au panier\u00a0: &ldquo;CoQ10 Ubiquinone 200mg&rdquo;\" data-quantity=\"1\" data-product_id=\"262118\" data-product_sku=\"IL-FR-COQ10\" rel=\"nofollow\" class=\"wp-block-button__link add_to_cart_button ajax_add_to_cart\">Ajouter au panier<span class=\"kadence-svg-iconset svg-baseline\"><svg aria-hidden=\"true\" class=\"kadence-svg-icon kadence-arrow-right-alt-svg\" fill=\"currentColor\" version=\"1.1\" xmlns=\"http:\/\/www.w3.org\/2000\/svg\" width=\"27\" height=\"28\" viewBox=\"0 0 27 28\"><title>Continuer<\/title><path d=\"M27 13.953c0 0.141-0.063 0.281-0.156 0.375l-6 5.531c-0.156 0.141-0.359 0.172-0.547 0.094-0.172-0.078-0.297-0.25-0.297-0.453v-3.5h-19.5c-0.281 0-0.5-0.219-0.5-0.5v-3c0-0.281 0.219-0.5 0.5-0.5h19.5v-3.5c0-0.203 0.109-0.375 0.297-0.453s0.391-0.047 0.547 0.078l6 5.469c0.094 0.094 0.156 0.219 0.156 0.359v0z\"><\/path>\n\t\t\t\t<\/svg><\/span><span class=\"kadence-svg-iconset svg-baseline\"><svg class=\"kadence-svg-icon kadence-spinner-svg\" fill=\"currentColor\" version=\"1.1\" xmlns=\"http:\/\/www.w3.org\/2000\/svg\" width=\"16\" height=\"16\" viewBox=\"0 0 16 16\"><title>Chargement<\/title><path d=\"M16 6h-6l2.243-2.243c-1.133-1.133-2.64-1.757-4.243-1.757s-3.109 0.624-4.243 1.757c-1.133 1.133-1.757 2.64-1.757 4.243s0.624 3.109 1.757 4.243c1.133 1.133 2.64 1.757 4.243 1.757s3.109-0.624 4.243-1.757c0.095-0.095 0.185-0.192 0.273-0.292l1.505 1.317c-1.466 1.674-3.62 2.732-6.020 2.732-4.418 0-8-3.582-8-8s3.582-8 8-8c2.209 0 4.209 0.896 5.656 2.344l2.343-2.344v6z\"><\/path>\n\t\t\t\t<\/svg><\/span><span class=\"kadence-svg-iconset svg-baseline\"><svg class=\"kadence-svg-icon kadence-check-svg\" fill=\"currentColor\" version=\"1.1\" xmlns=\"http:\/\/www.w3.org\/2000\/svg\" width=\"16\" height=\"16\" viewBox=\"0 0 16 16\"><title>Termin\u00e9<\/title><path d=\"M14 2.5l-8.5 8.5-3.5-3.5-1.5 1.5 5 5 10-10z\"><\/path>\n\t\t\t\t<\/svg><\/span><\/a><\/div>\n\t\t\t\t<\/div>\n\t\t\t<\/li><li class=\"wc-block-grid__product entry loop-entry content-bg woo-archive-action-on-hover woo-archive-btn-text product-loop-boxed woo-archive-image-hover-none\"><a href=\"https:\/\/eu.intelligentlabs.org\/fr-fr\/produit\/lions-mane-mushroom-extract\/\" class=\"wc-block-grid__product-link woocommerce-loop-image-link woocommerce-LoopProduct-link woocommerce-loop-product__link\">\n\t\t\t\t\t<img loading=\"lazy\" decoding=\"async\" width=\"300\" height=\"300\" src=\"https:\/\/eu.intelligentlabs.org\/wp-content\/uploads\/2025\/06\/Lions-Mane-_UK_render_front-White-BG-300x300.png\" class=\"attachment-woocommerce_thumbnail size-woocommerce_thumbnail\" alt=\"Lion&#039;s Mane Mushroom Extract\" srcset=\"https:\/\/eu.intelligentlabs.org\/wp-content\/uploads\/2025\/06\/Lions-Mane-_UK_render_front-White-BG-300x300.png 300w, https:\/\/eu.intelligentlabs.org\/wp-content\/uploads\/2025\/06\/Lions-Mane-_UK_render_front-White-BG-150x150.png 150w, https:\/\/eu.intelligentlabs.org\/wp-content\/uploads\/2025\/06\/Lions-Mane-_UK_render_front-White-BG-768x768.png 768w, https:\/\/eu.intelligentlabs.org\/wp-content\/uploads\/2025\/06\/Lions-Mane-_UK_render_front-White-BG-700x700.png 700w, https:\/\/eu.intelligentlabs.org\/wp-content\/uploads\/2025\/06\/Lions-Mane-_UK_render_front-White-BG-600x600.png 600w, https:\/\/eu.intelligentlabs.org\/wp-content\/uploads\/2025\/06\/Lions-Mane-_UK_render_front-White-BG-100x100.png 100w, https:\/\/eu.intelligentlabs.org\/wp-content\/uploads\/2025\/06\/Lions-Mane-_UK_render_front-White-BG.png 1000w\" sizes=\"auto, (max-width: 300px) 100vw, 300px\" \/>\n\t\t\t\t\t\n\t\t\t\t<\/a>\n\t\t\t\t<div class=\"product-details content-bg entry-content-wrap\">\n\t\t\t\t\t<a href=\"https:\/\/eu.intelligentlabs.org\/fr-fr\/produit\/lions-mane-mushroom-extract\/\" class=\"wc-block-grid__product-title-link\">\n\t\t\t\t\t\t<div class=\"wc-block-grid__product-title\">Lion&#8217;s Mane Mushroom Extract<\/div>\n\t\t\t\t\t<\/a>\n\t\t\t\t\t\n\t\t\t\t\t<div class=\"wc-block-grid__product-price price\"><span class=\"woocommerce-Price-amount amount\">17,57&nbsp;<span class=\"woocommerce-Price-currencySymbol\">&euro;<\/span><\/span><small class=\"wcsatt-sub-options\"> <span class=\"wcsatt-dash\">\u2014<\/span> ou <del aria-hidden=\"true\"><span class=\"woocommerce-Price-amount amount\">17,57&nbsp;<span class=\"woocommerce-Price-currencySymbol\">&euro;<\/span><\/span><\/del> <span class=\"screen-reader-text\">Le prix initial \u00e9tait\u00a0: 17,57&nbsp;&euro;.<\/span><ins aria-hidden=\"true\"><span class=\"woocommerce-Price-amount amount\">15,81&nbsp;<span class=\"woocommerce-Price-currencySymbol\">&euro;<\/span><\/span><\/ins><span class=\"screen-reader-text\">Le prix actuel est\u00a0: 15,81&nbsp;&euro;.<\/span> <span class=\"subscription-details\"> chaque 2 mois<\/span><\/small><\/div>\n\t\t\t\t\t<div class=\"wp-block-button wc-block-grid__product-add-to-cart\"><a href=\"\/fr-fr\/wp-json\/wp\/v2\/pages\/129156?add-to-cart=135677\" aria-label=\"Ajouter au panier\u00a0: &ldquo;Lion&#039;s Mane Mushroom Extract&rdquo;\" data-quantity=\"1\" data-product_id=\"135677\" data-product_sku=\"IL-UK-LIONSMANE\" rel=\"nofollow\" class=\"wp-block-button__link add_to_cart_button ajax_add_to_cart\">Ajouter au panier<span class=\"kadence-svg-iconset svg-baseline\"><svg aria-hidden=\"true\" class=\"kadence-svg-icon kadence-arrow-right-alt-svg\" fill=\"currentColor\" version=\"1.1\" xmlns=\"http:\/\/www.w3.org\/2000\/svg\" width=\"27\" height=\"28\" viewBox=\"0 0 27 28\"><title>Continuer<\/title><path d=\"M27 13.953c0 0.141-0.063 0.281-0.156 0.375l-6 5.531c-0.156 0.141-0.359 0.172-0.547 0.094-0.172-0.078-0.297-0.25-0.297-0.453v-3.5h-19.5c-0.281 0-0.5-0.219-0.5-0.5v-3c0-0.281 0.219-0.5 0.5-0.5h19.5v-3.5c0-0.203 0.109-0.375 0.297-0.453s0.391-0.047 0.547 0.078l6 5.469c0.094 0.094 0.156 0.219 0.156 0.359v0z\"><\/path>\n\t\t\t\t<\/svg><\/span><span class=\"kadence-svg-iconset svg-baseline\"><svg class=\"kadence-svg-icon kadence-spinner-svg\" fill=\"currentColor\" version=\"1.1\" xmlns=\"http:\/\/www.w3.org\/2000\/svg\" width=\"16\" height=\"16\" viewBox=\"0 0 16 16\"><title>Chargement<\/title><path d=\"M16 6h-6l2.243-2.243c-1.133-1.133-2.64-1.757-4.243-1.757s-3.109 0.624-4.243 1.757c-1.133 1.133-1.757 2.64-1.757 4.243s0.624 3.109 1.757 4.243c1.133 1.133 2.64 1.757 4.243 1.757s3.109-0.624 4.243-1.757c0.095-0.095 0.185-0.192 0.273-0.292l1.505 1.317c-1.466 1.674-3.62 2.732-6.020 2.732-4.418 0-8-3.582-8-8s3.582-8 8-8c2.209 0 4.209 0.896 5.656 2.344l2.343-2.344v6z\"><\/path>\n\t\t\t\t<\/svg><\/span><span class=\"kadence-svg-iconset svg-baseline\"><svg class=\"kadence-svg-icon kadence-check-svg\" fill=\"currentColor\" version=\"1.1\" xmlns=\"http:\/\/www.w3.org\/2000\/svg\" width=\"16\" height=\"16\" viewBox=\"0 0 16 16\"><title>Termin\u00e9<\/title><path d=\"M14 2.5l-8.5 8.5-3.5-3.5-1.5 1.5 5 5 10-10z\"><\/path>\n\t\t\t\t<\/svg><\/span><\/a><\/div>\n\t\t\t\t<\/div>\n\t\t\t<\/li><li class=\"wc-block-grid__product entry loop-entry content-bg woo-archive-action-on-hover woo-archive-btn-text product-loop-boxed woo-archive-image-hover-none\"><a href=\"https:\/\/eu.intelligentlabs.org\/fr-fr\/produit\/phosphatidylserine-100-mg\/\" class=\"wc-block-grid__product-link woocommerce-loop-image-link woocommerce-LoopProduct-link woocommerce-loop-product__link\">\n\t\t\t\t\t<img loading=\"lazy\" decoding=\"async\" width=\"300\" height=\"300\" src=\"https:\/\/eu.intelligentlabs.org\/wp-content\/uploads\/2025\/05\/Phospha_FR-Front-White-BG-300x300.png\" class=\"attachment-woocommerce_thumbnail size-woocommerce_thumbnail\" alt=\"Phosphatidyls\u00e9rine 100 mg\" srcset=\"https:\/\/eu.intelligentlabs.org\/wp-content\/uploads\/2025\/05\/Phospha_FR-Front-White-BG-300x300.png 300w, https:\/\/eu.intelligentlabs.org\/wp-content\/uploads\/2025\/05\/Phospha_FR-Front-White-BG-150x150.png 150w, https:\/\/eu.intelligentlabs.org\/wp-content\/uploads\/2025\/05\/Phospha_FR-Front-White-BG-768x768.png 768w, https:\/\/eu.intelligentlabs.org\/wp-content\/uploads\/2025\/05\/Phospha_FR-Front-White-BG-700x700.png 700w, https:\/\/eu.intelligentlabs.org\/wp-content\/uploads\/2025\/05\/Phospha_FR-Front-White-BG-600x600.png 600w, https:\/\/eu.intelligentlabs.org\/wp-content\/uploads\/2025\/05\/Phospha_FR-Front-White-BG-100x100.png 100w, https:\/\/eu.intelligentlabs.org\/wp-content\/uploads\/2025\/05\/Phospha_FR-Front-White-BG.png 1000w\" sizes=\"auto, (max-width: 300px) 100vw, 300px\" \/>\n\t\t\t\t\t\n\t\t\t\t<\/a>\n\t\t\t\t<div class=\"product-details content-bg entry-content-wrap\">\n\t\t\t\t\t<a href=\"https:\/\/eu.intelligentlabs.org\/fr-fr\/produit\/phosphatidylserine-100-mg\/\" class=\"wc-block-grid__product-title-link\">\n\t\t\t\t\t\t<div class=\"wc-block-grid__product-title\">Phosphatidyls\u00e9rine 100 mg<\/div>\n\t\t\t\t\t<\/a>\n\t\t\t\t\t\n\t\t\t\t\t<div class=\"wc-block-grid__product-price price\"><span class=\"woocommerce-Price-amount amount\">26,99&nbsp;<span class=\"woocommerce-Price-currencySymbol\">&euro;<\/span><\/span><small class=\"wcsatt-sub-options\"> <span class=\"wcsatt-dash\">\u2014<\/span> ou <del aria-hidden=\"true\"><span class=\"woocommerce-Price-amount amount\">26,99&nbsp;<span class=\"woocommerce-Price-currencySymbol\">&euro;<\/span><\/span><\/del> <span class=\"screen-reader-text\">Le prix initial \u00e9tait\u00a0: 26,99&nbsp;&euro;.<\/span><ins aria-hidden=\"true\"><span class=\"woocommerce-Price-amount amount\">24,29&nbsp;<span class=\"woocommerce-Price-currencySymbol\">&euro;<\/span><\/span><\/ins><span class=\"screen-reader-text\">Le prix actuel est\u00a0: 24,29&nbsp;&euro;.<\/span> <span class=\"subscription-details\"> \/ mois<\/span><\/small><\/div>\n\t\t\t\t\t<div class=\"wp-block-button wc-block-grid__product-add-to-cart\"><a href=\"\/fr-fr\/wp-json\/wp\/v2\/pages\/129156?add-to-cart=133842\" aria-label=\"Ajouter au panier\u00a0: &ldquo;Phosphatidyls\u00e9rine 100 mg&rdquo;\" data-quantity=\"1\" data-product_id=\"133842\" data-product_sku=\"IL-FR-PHOSPH\" rel=\"nofollow\" class=\"wp-block-button__link add_to_cart_button ajax_add_to_cart\">Ajouter au panier<span class=\"kadence-svg-iconset svg-baseline\"><svg aria-hidden=\"true\" class=\"kadence-svg-icon kadence-arrow-right-alt-svg\" fill=\"currentColor\" version=\"1.1\" xmlns=\"http:\/\/www.w3.org\/2000\/svg\" width=\"27\" height=\"28\" viewBox=\"0 0 27 28\"><title>Continuer<\/title><path d=\"M27 13.953c0 0.141-0.063 0.281-0.156 0.375l-6 5.531c-0.156 0.141-0.359 0.172-0.547 0.094-0.172-0.078-0.297-0.25-0.297-0.453v-3.5h-19.5c-0.281 0-0.5-0.219-0.5-0.5v-3c0-0.281 0.219-0.5 0.5-0.5h19.5v-3.5c0-0.203 0.109-0.375 0.297-0.453s0.391-0.047 0.547 0.078l6 5.469c0.094 0.094 0.156 0.219 0.156 0.359v0z\"><\/path>\n\t\t\t\t<\/svg><\/span><span class=\"kadence-svg-iconset svg-baseline\"><svg class=\"kadence-svg-icon kadence-spinner-svg\" fill=\"currentColor\" version=\"1.1\" xmlns=\"http:\/\/www.w3.org\/2000\/svg\" width=\"16\" height=\"16\" viewBox=\"0 0 16 16\"><title>Chargement<\/title><path d=\"M16 6h-6l2.243-2.243c-1.133-1.133-2.64-1.757-4.243-1.757s-3.109 0.624-4.243 1.757c-1.133 1.133-1.757 2.64-1.757 4.243s0.624 3.109 1.757 4.243c1.133 1.133 2.64 1.757 4.243 1.757s3.109-0.624 4.243-1.757c0.095-0.095 0.185-0.192 0.273-0.292l1.505 1.317c-1.466 1.674-3.62 2.732-6.020 2.732-4.418 0-8-3.582-8-8s3.582-8 8-8c2.209 0 4.209 0.896 5.656 2.344l2.343-2.344v6z\"><\/path>\n\t\t\t\t<\/svg><\/span><span class=\"kadence-svg-iconset svg-baseline\"><svg class=\"kadence-svg-icon kadence-check-svg\" fill=\"currentColor\" version=\"1.1\" xmlns=\"http:\/\/www.w3.org\/2000\/svg\" width=\"16\" height=\"16\" viewBox=\"0 0 16 16\"><title>Termin\u00e9<\/title><path d=\"M14 2.5l-8.5 8.5-3.5-3.5-1.5 1.5 5 5 10-10z\"><\/path>\n\t\t\t\t<\/svg><\/span><\/a><\/div>\n\t\t\t\t<\/div>\n\t\t\t<\/li><li class=\"wc-block-grid__product entry loop-entry content-bg woo-archive-action-on-hover woo-archive-btn-text product-loop-boxed woo-archive-image-hover-none\"><a href=\"https:\/\/eu.intelligentlabs.org\/fr-fr\/produit\/extrait-de-champignon-criniere-de-lion\/\" class=\"wc-block-grid__product-link woocommerce-loop-image-link woocommerce-LoopProduct-link woocommerce-loop-product__link\">\n\t\t\t\t\t<img loading=\"lazy\" decoding=\"async\" width=\"300\" height=\"300\" src=\"https:\/\/eu.intelligentlabs.org\/wp-content\/uploads\/2025\/05\/Lion-Mane-FR-front-White-BG-300x300.png\" class=\"attachment-woocommerce_thumbnail size-woocommerce_thumbnail\" alt=\"Extrait de champignon crini\u00e8re de lion\" srcset=\"https:\/\/eu.intelligentlabs.org\/wp-content\/uploads\/2025\/05\/Lion-Mane-FR-front-White-BG-300x300.png 300w, https:\/\/eu.intelligentlabs.org\/wp-content\/uploads\/2025\/05\/Lion-Mane-FR-front-White-BG-150x150.png 150w, https:\/\/eu.intelligentlabs.org\/wp-content\/uploads\/2025\/05\/Lion-Mane-FR-front-White-BG-768x768.png 768w, https:\/\/eu.intelligentlabs.org\/wp-content\/uploads\/2025\/05\/Lion-Mane-FR-front-White-BG-700x700.png 700w, https:\/\/eu.intelligentlabs.org\/wp-content\/uploads\/2025\/05\/Lion-Mane-FR-front-White-BG-600x600.png 600w, https:\/\/eu.intelligentlabs.org\/wp-content\/uploads\/2025\/05\/Lion-Mane-FR-front-White-BG-100x100.png 100w, https:\/\/eu.intelligentlabs.org\/wp-content\/uploads\/2025\/05\/Lion-Mane-FR-front-White-BG.png 1000w\" sizes=\"auto, (max-width: 300px) 100vw, 300px\" \/>\n\t\t\t\t\t\n\t\t\t\t<\/a>\n\t\t\t\t<div class=\"product-details content-bg entry-content-wrap\">\n\t\t\t\t\t<a href=\"https:\/\/eu.intelligentlabs.org\/fr-fr\/produit\/extrait-de-champignon-criniere-de-lion\/\" class=\"wc-block-grid__product-title-link\">\n\t\t\t\t\t\t<div class=\"wc-block-grid__product-title\">Extrait de champignon crini\u00e8re de lion<\/div>\n\t\t\t\t\t<\/a>\n\t\t\t\t\t\n\t\t\t\t\t<div class=\"wc-block-grid__product-price price\"><span class=\"woocommerce-Price-amount amount\">19,99&nbsp;<span class=\"woocommerce-Price-currencySymbol\">&euro;<\/span><\/span><small class=\"wcsatt-sub-options\"> <span class=\"wcsatt-dash\">\u2014<\/span> ou <del aria-hidden=\"true\"><span class=\"woocommerce-Price-amount amount\">19,99&nbsp;<span class=\"woocommerce-Price-currencySymbol\">&euro;<\/span><\/span><\/del> <span class=\"screen-reader-text\">Le prix initial \u00e9tait\u00a0: 19,99&nbsp;&euro;.<\/span><ins aria-hidden=\"true\"><span class=\"woocommerce-Price-amount amount\">17,99&nbsp;<span class=\"woocommerce-Price-currencySymbol\">&euro;<\/span><\/span><\/ins><span class=\"screen-reader-text\">Le prix actuel est\u00a0: 17,99&nbsp;&euro;.<\/span> <span class=\"subscription-details\"> chaque 2 mois<\/span><\/small><\/div>\n\t\t\t\t\t<div class=\"wp-block-button wc-block-grid__product-add-to-cart\"><a href=\"\/fr-fr\/wp-json\/wp\/v2\/pages\/129156?add-to-cart=133838\" aria-label=\"Ajouter au panier\u00a0: &ldquo;Extrait de champignon crini\u00e8re de lion&rdquo;\" data-quantity=\"1\" data-product_id=\"133838\" data-product_sku=\"IL-FR-LIONMANE\" rel=\"nofollow\" class=\"wp-block-button__link add_to_cart_button ajax_add_to_cart\">Ajouter au panier<span class=\"kadence-svg-iconset svg-baseline\"><svg aria-hidden=\"true\" class=\"kadence-svg-icon kadence-arrow-right-alt-svg\" fill=\"currentColor\" version=\"1.1\" xmlns=\"http:\/\/www.w3.org\/2000\/svg\" width=\"27\" height=\"28\" viewBox=\"0 0 27 28\"><title>Continuer<\/title><path d=\"M27 13.953c0 0.141-0.063 0.281-0.156 0.375l-6 5.531c-0.156 0.141-0.359 0.172-0.547 0.094-0.172-0.078-0.297-0.25-0.297-0.453v-3.5h-19.5c-0.281 0-0.5-0.219-0.5-0.5v-3c0-0.281 0.219-0.5 0.5-0.5h19.5v-3.5c0-0.203 0.109-0.375 0.297-0.453s0.391-0.047 0.547 0.078l6 5.469c0.094 0.094 0.156 0.219 0.156 0.359v0z\"><\/path>\n\t\t\t\t<\/svg><\/span><span class=\"kadence-svg-iconset svg-baseline\"><svg class=\"kadence-svg-icon kadence-spinner-svg\" fill=\"currentColor\" version=\"1.1\" xmlns=\"http:\/\/www.w3.org\/2000\/svg\" width=\"16\" height=\"16\" viewBox=\"0 0 16 16\"><title>Chargement<\/title><path d=\"M16 6h-6l2.243-2.243c-1.133-1.133-2.64-1.757-4.243-1.757s-3.109 0.624-4.243 1.757c-1.133 1.133-1.757 2.64-1.757 4.243s0.624 3.109 1.757 4.243c1.133 1.133 2.64 1.757 4.243 1.757s3.109-0.624 4.243-1.757c0.095-0.095 0.185-0.192 0.273-0.292l1.505 1.317c-1.466 1.674-3.62 2.732-6.020 2.732-4.418 0-8-3.582-8-8s3.582-8 8-8c2.209 0 4.209 0.896 5.656 2.344l2.343-2.344v6z\"><\/path>\n\t\t\t\t<\/svg><\/span><span class=\"kadence-svg-iconset svg-baseline\"><svg class=\"kadence-svg-icon kadence-check-svg\" fill=\"currentColor\" version=\"1.1\" xmlns=\"http:\/\/www.w3.org\/2000\/svg\" width=\"16\" height=\"16\" viewBox=\"0 0 16 16\"><title>Termin\u00e9<\/title><path d=\"M14 2.5l-8.5 8.5-3.5-3.5-1.5 1.5 5 5 10-10z\"><\/path>\n\t\t\t\t<\/svg><\/span><\/a><\/div>\n\t\t\t\t<\/div>\n\t\t\t<\/li><\/ul><\/div><\/div>\n<\/div>\n","protected":false},"excerpt":{"rendered":"","protected":false},"author":2,"featured_media":0,"parent":0,"menu_order":0,"comment_status":"closed","ping_status":"closed","template":"","meta":{"_kad_blocks_custom_css":"","_kad_blocks_head_custom_js":"","_kad_blocks_body_custom_js":"","_kad_blocks_footer_custom_js":"","_kad_post_transparent":"","_kad_post_title":"","_kad_post_layout":"","_kad_post_sidebar_id":"","_kad_post_content_style":"","_kad_post_vertical_padding":"","_kad_post_feature":"","_kad_post_feature_position":"","_kad_post_header":false,"_kad_post_footer":false,"_kad_post_classname":"","footnotes":""},"coauthors":[1016],"class_list":["post-129156","page","type-page","status-publish","hentry"],"taxonomy_info":[],"featured_image_src_large":false,"author_info":{"display_name":"David Pashley","author_link":"https:\/\/eu.intelligentlabs.org\/fr-fr\/author\/david\/"},"comment_info":0,"wpml":{"language":"fr-fr","is_original":false,"original_post_id":129686,"translations":{"bg-bg":{"id":225404,"language":"bg-bg","is_original":false},"cs-cz":{"id":221989,"language":"cs-cz","is_original":false},"da-dk":{"id":225221,"language":"da-dk","is_original":false},"de-at":{"id":170968,"language":"de-at","is_original":false},"de-de":{"id":225243,"language":"de-de","is_original":false},"el-cy":{"id":229305,"language":"el-cy","is_original":false},"el-gr":{"id":228896,"language":"el-gr","is_original":false},"en-gb":{"id":129686,"language":"en-gb","is_original":true},"en-ie":{"id":225239,"language":"en-ie","is_original":false},"en-mt":{"id":225240,"language":"en-mt","is_original":false},"es-es":{"id":225241,"language":"es-es","is_original":false},"et-ee":{"id":229247,"language":"et-ee","is_original":false},"fi-fi":{"id":237880,"language":"fi-fi","is_original":false},"fr-fr":{"id":129156,"language":"fr-fr","is_original":false},"fr-lu":{"id":218540,"language":"fr-lu","is_original":false},"hu-hu":{"id":223882,"language":"hu-hu","is_original":false},"it-it":{"id":129650,"language":"it-it","is_original":false},"lt-lt":{"id":237160,"language":"lt-lt","is_original":false},"lv-lv":{"id":230276,"language":"lv-lv","is_original":false},"nl-be":{"id":217881,"language":"nl-be","is_original":false},"nl-nl":{"id":215313,"language":"nl-nl","is_original":false},"pl-pl":{"id":216444,"language":"pl-pl","is_original":false},"pt-pt":{"id":197916,"language":"pt-pt","is_original":false},"sk-sk":{"id":242341,"language":"sk-sk","is_original":false},"sl-si":{"id":253876,"language":"sl-si","is_original":false},"sv-se":{"id":223131,"language":"sv-se","is_original":false}}},"_links":{"self":[{"href":"https:\/\/eu.intelligentlabs.org\/fr-fr\/wp-json\/wp\/v2\/pages\/129156","targetHints":{"allow":["GET"]}}],"collection":[{"href":"https:\/\/eu.intelligentlabs.org\/fr-fr\/wp-json\/wp\/v2\/pages"}],"about":[{"href":"https:\/\/eu.intelligentlabs.org\/fr-fr\/wp-json\/wp\/v2\/types\/page"}],"author":[{"embeddable":true,"href":"https:\/\/eu.intelligentlabs.org\/fr-fr\/wp-json\/wp\/v2\/users\/2"}],"replies":[{"embeddable":true,"href":"https:\/\/eu.intelligentlabs.org\/fr-fr\/wp-json\/wp\/v2\/comments?post=129156"}],"version-history":[{"count":2,"href":"https:\/\/eu.intelligentlabs.org\/fr-fr\/wp-json\/wp\/v2\/pages\/129156\/revisions"}],"predecessor-version":[{"id":225236,"href":"https:\/\/eu.intelligentlabs.org\/fr-fr\/wp-json\/wp\/v2\/pages\/129156\/revisions\/225236"}],"wp:attachment":[{"href":"https:\/\/eu.intelligentlabs.org\/fr-fr\/wp-json\/wp\/v2\/media?parent=129156"}],"wp:term":[{"taxonomy":"author","embeddable":true,"href":"https:\/\/eu.intelligentlabs.org\/fr-fr\/wp-json\/wp\/v2\/coauthors?post=129156"}],"curies":[{"name":"wp","href":"https:\/\/api.w.org\/{rel}","templated":true}]}}