{"id":133871,"date":"2025-05-30T11:19:48","date_gmt":"2025-05-30T11:19:48","guid":{"rendered":"https:\/\/eu.intelligentlabs.org\/product\/omega-3-premium\/"},"modified":"2026-03-27T17:14:27","modified_gmt":"2026-03-27T17:14:27","slug":"aceite-pescado-omega-3","status":"publish","type":"product","link":"https:\/\/eu.intelligentlabs.org\/es-es\/producto\/aceite-pescado-omega-3\/","title":{"rendered":"Omega-3 Ultra Puro"},"content":{"rendered":"","protected":false},"excerpt":{"rendered":"<p>Para el apoyo del cerebro, la sangre y el sistema cardiovascular*<\/p>\n<ul>\n<li>2250 mg de aceite de pescado con triglic\u00e9ridos de alta calidad<\/li>\n<li>Relaci\u00f3n EPA:DHA 3:2 (1224 mg de EPA \/ 816 mg de DHA)<\/li>\n<li>Refinado para eliminar todas las impurezas y lograr pureza<\/li>\n<li>120 c\u00e1psulas, 3 c\u00e1psulas por raci\u00f3n<\/li>\n<li>Una botella contiene suministro para 40 d\u00edas<\/li>\n<li>Condiciones justas de devoluci\u00f3n y reembolso<\/li>\n<li>Env\u00edo gratis<\/li>\n<\/ul>\n","protected":false},"featured_media":133320,"comment_status":"closed","ping_status":"closed","template":"","meta":{"_kad_blocks_custom_css":"","_kad_blocks_head_custom_js":"","_kad_blocks_body_custom_js":"","_kad_blocks_footer_custom_js":"","_kad_post_transparent":"default","_kad_post_title":"","_kad_post_layout":"default","_kad_post_sidebar_id":"","_kad_post_content_style":"default","_kad_post_vertical_padding":"default","_kad_post_feature":"","_kad_post_feature_position":"","_kad_post_header":false,"_kad_post_footer":false,"_kad_post_classname":""},"product_brand":[],"product_cat":[974],"product_tag":[845],"class_list":{"0":"post-133871","1":"product","2":"type-product","3":"status-publish","4":"has-post-thumbnail","6":"product_cat-antioxidantes","7":"product_tag-omega-3-es-es","8":"has-subscription-plans","10":"first","11":"instock","12":"taxable","13":"shipping-taxable","14":"purchasable","15":"product-type-simple","16":"entry","17":"content-bg","18":"loop-entry"},"taxonomy_info":{"product_cat":[{"value":974,"label":"Antioxidantes"}],"product_tag":[{"value":845,"label":"omega 3"}]},"featured_image_src_large":["https:\/\/eu.intelligentlabs.org\/wp-content\/uploads\/2025\/06\/omega3-es-front.webp",1000,1000,false],"author_info":[],"comment_info":0,"wpml":{"language":"es-es","is_original":true,"original_post_id":133871,"translations":{"es-es":{"id":133871,"language":"es-es","is_original":true},"pt-pt":{"id":170758,"language":"pt-pt","is_original":false}}},"_links":{"self":[{"href":"https:\/\/eu.intelligentlabs.org\/es-es\/wp-json\/wp\/v2\/product\/133871","targetHints":{"allow":["GET"]}}],"collection":[{"href":"https:\/\/eu.intelligentlabs.org\/es-es\/wp-json\/wp\/v2\/product"}],"about":[{"href":"https:\/\/eu.intelligentlabs.org\/es-es\/wp-json\/wp\/v2\/types\/product"}],"replies":[{"embeddable":true,"href":"https:\/\/eu.intelligentlabs.org\/es-es\/wp-json\/wp\/v2\/comments?post=133871"}],"wp:featuredmedia":[{"embeddable":true,"href":"https:\/\/eu.intelligentlabs.org\/es-es\/wp-json\/wp\/v2\/media\/133320"}],"wp:attachment":[{"href":"https:\/\/eu.intelligentlabs.org\/es-es\/wp-json\/wp\/v2\/media?parent=133871"}],"wp:term":[{"taxonomy":"product_brand","embeddable":true,"href":"https:\/\/eu.intelligentlabs.org\/es-es\/wp-json\/wp\/v2\/product_brand?post=133871"},{"taxonomy":"product_cat","embeddable":true,"href":"https:\/\/eu.intelligentlabs.org\/es-es\/wp-json\/wp\/v2\/product_cat?post=133871"},{"taxonomy":"product_tag","embeddable":true,"href":"https:\/\/eu.intelligentlabs.org\/es-es\/wp-json\/wp\/v2\/product_tag?post=133871"}],"curies":[{"name":"wp","href":"https:\/\/api.w.org\/{rel}","templated":true}]}}