{"id":133870,"date":"2025-05-30T11:19:49","date_gmt":"2025-05-30T11:19:49","guid":{"rendered":"https:\/\/eu.intelligentlabs.org\/product\/1-mg-5-mthf-l-metiltetrafoato\/"},"modified":"2026-03-27T17:14:26","modified_gmt":"2026-03-27T17:14:26","slug":"l-metilfolato-5-mthf-1mg-quatrefolic","status":"publish","type":"product","link":"https:\/\/eu.intelligentlabs.org\/es-es\/producto\/l-metilfolato-5-mthf-1mg-quatrefolic\/","title":{"rendered":"L-Metilfolato 5 MTHF de 1 MG"},"content":{"rendered":"","protected":false},"excerpt":{"rendered":"<p><span style=\"vertical-align: inherit;\"><span style=\"vertical-align: inherit;\">1 mg de folato bioactivo para mutaciones MTHFR<\/span><\/span><\/p>\n<ul>\n<li>Folato activado en dosis altas\/\u00e1cido f\u00f3lico (vitamina B9)<\/li>\n<li>1 c\u00e1psula al d\u00eda, suministro para 4 meses por botella<\/li>\n<li>El mejor y m\u00e1s puro 5 MTHF del mercado<\/li>\n<li>SIN trigo, huevos, levadura, soja, sal, derivados animales, maltodextrina, estearato de magnesio, saborizantes artificiales ni conservantes<\/li>\n<li>Libre de OGM<\/li>\n<li>Env\u00edo gratis<\/li>\n<li>Si no te encanta el producto, tienes una garant\u00eda de devoluci\u00f3n del dinero del 100%<\/li>\n<\/ul>\n","protected":false},"featured_media":255472,"comment_status":"closed","ping_status":"closed","template":"","meta":{"_kad_blocks_custom_css":"","_kad_blocks_head_custom_js":"","_kad_blocks_body_custom_js":"","_kad_blocks_footer_custom_js":"","_kad_post_transparent":"default","_kad_post_title":"","_kad_post_layout":"default","_kad_post_sidebar_id":"","_kad_post_content_style":"default","_kad_post_vertical_padding":"default","_kad_post_feature":"","_kad_post_feature_position":"","_kad_post_header":false,"_kad_post_footer":false,"_kad_post_classname":""},"product_brand":[],"product_cat":[985],"product_tag":[844,843],"class_list":{"0":"post-133870","1":"product","2":"type-product","3":"status-publish","4":"has-post-thumbnail","6":"product_cat-mthfr-acido-folico","7":"product_tag-acido-cuaternario","8":"product_tag-l-metilfolato-es-es","9":"has-subscription-plans","11":"first","12":"instock","13":"taxable","14":"shipping-taxable","15":"purchasable","16":"product-type-simple","17":"entry","18":"content-bg","19":"loop-entry"},"taxonomy_info":{"product_cat":[{"value":985,"label":"MTHFR \/ \u00c1cido F\u00f3lico"}],"product_tag":[{"value":844,"label":"\u00e1cido cuaternario"},{"value":843,"label":"L-metilfolato"}]},"featured_image_src_large":["https:\/\/eu.intelligentlabs.org\/wp-content\/uploads\/2025\/05\/1mg-5mthf-ES-Front-White-BG.png",1000,1000,false],"author_info":[],"comment_info":0,"wpml":{"language":"es-es","is_original":true,"original_post_id":133870,"translations":{"es-es":{"id":133870,"language":"es-es","is_original":true},"pt-pt":{"id":170618,"language":"pt-pt","is_original":false}}},"_links":{"self":[{"href":"https:\/\/eu.intelligentlabs.org\/es-es\/wp-json\/wp\/v2\/product\/133870","targetHints":{"allow":["GET"]}}],"collection":[{"href":"https:\/\/eu.intelligentlabs.org\/es-es\/wp-json\/wp\/v2\/product"}],"about":[{"href":"https:\/\/eu.intelligentlabs.org\/es-es\/wp-json\/wp\/v2\/types\/product"}],"replies":[{"embeddable":true,"href":"https:\/\/eu.intelligentlabs.org\/es-es\/wp-json\/wp\/v2\/comments?post=133870"}],"wp:featuredmedia":[{"embeddable":true,"href":"https:\/\/eu.intelligentlabs.org\/es-es\/wp-json\/wp\/v2\/media\/255472"}],"wp:attachment":[{"href":"https:\/\/eu.intelligentlabs.org\/es-es\/wp-json\/wp\/v2\/media?parent=133870"}],"wp:term":[{"taxonomy":"product_brand","embeddable":true,"href":"https:\/\/eu.intelligentlabs.org\/es-es\/wp-json\/wp\/v2\/product_brand?post=133870"},{"taxonomy":"product_cat","embeddable":true,"href":"https:\/\/eu.intelligentlabs.org\/es-es\/wp-json\/wp\/v2\/product_cat?post=133870"},{"taxonomy":"product_tag","embeddable":true,"href":"https:\/\/eu.intelligentlabs.org\/es-es\/wp-json\/wp\/v2\/product_tag?post=133870"}],"curies":[{"name":"wp","href":"https:\/\/api.w.org\/{rel}","templated":true}]}}