{"id":216312,"date":"2024-08-20T10:07:44","date_gmt":"2024-08-20T09:07:44","guid":{"rendered":"https:\/\/eu.intelligentlabs.org\/politica-de-privacidad-2\/"},"modified":"2025-09-01T15:15:46","modified_gmt":"2025-09-01T14:15:46","slug":"politica-de-privacidad","status":"publish","type":"page","link":"https:\/\/eu.intelligentlabs.org\/es-es\/politica-de-privacidad\/","title":{"rendered":"Pol\u00edtica de Privacidad"},"content":{"rendered":"\n<h1 class=\"wp-block-heading\">Pol\u00edtica de Privacidad<\/h1>\n\n<p>[<span data-preserver-spaces=\"true\">\u00daltima actualizaci\u00f3n: mayo de 2018<\/span><\/p>\n\n<p><span data-preserver-spaces=\"true\">Rad One LTD (\u00abnosotros\u00bb o \u00abnuestro\u00bb) gestiona la p\u00e1gina web https:\/\/eu.intelligentlabs.org (el \u00abServicio\u00bb).<\/span><\/p>\n\n<p><span data-preserver-spaces=\"true\">Esta p\u00e1gina le informa sobre nuestras pol\u00edticas con respecto a la recopilaci\u00f3n, uso y divulgaci\u00f3n de Informaci\u00f3n Personal cuando utiliza nuestro Servicio, de acuerdo con el Reglamento General de Protecci\u00f3n de Datos de mayo de 2018 (GDPR).<\/span><\/p>\n\n<p><span data-preserver-spaces=\"true\">No utilizaremos ni compartiremos su informaci\u00f3n con nadie excepto como se describe en esta Pol\u00edtica de Privacidad.<\/span><\/p>\n\n<p><span data-preserver-spaces=\"true\">Utilizamos su informaci\u00f3n personal para proporcionar y mejorar el Servicio. Al utilizar el Servicio, usted acepta la recopilaci\u00f3n y el uso de informaci\u00f3n de acuerdo con esta Pol\u00edtica. Salvo que se defina lo contrario en esta Pol\u00edtica de Privacidad, los t\u00e9rminos utilizados en ella tienen el mismo significado que en nuestros T\u00e9rminos y Condiciones, disponibles en https:\/\/uk.intelligentlabs.org  <\/span><\/p>\n\n<h2 class=\"wp-block-heading\"><span data-preserver-spaces=\"true\">Recopilaci\u00f3n y Uso de Datos<\/span><\/h2>\n\n<p><span data-preserver-spaces=\"true\">Al utilizar nuestro Servicio, podr\u00edamos solicitarle informaci\u00f3n personal que nos permita contactarle o identificarle. Esta informaci\u00f3n puede incluir, entre otros, su direcci\u00f3n de correo electr\u00f3nico, nombre, n\u00famero de tel\u00e9fono y direcci\u00f3n postal (en adelante, \u00abInformaci\u00f3n Personal\u00bb). <\/span><\/p>\n\n<p><span data-preserver-spaces=\"true\">Su informaci\u00f3n se conserva en nuestros sistemas desde la fecha de su \u00faltima transacci\u00f3n a trav\u00e9s de nuestros servicios. Esto no afecta sus derechos como titular de los datos (Persona F\u00edsica). <\/span><\/p>\n\n<h2 class=\"wp-block-heading\"><span data-preserver-spaces=\"true\">Datos de Registro<\/span><\/h2>\n\n<p><span data-preserver-spaces=\"true\">Tambi\u00e9n podemos recopilar informaci\u00f3n que su navegador env\u00eda cada vez que visita nuestro Servicio (&#8220;Datos de Registro&#8221;). Estos Datos de Registro pueden incluir informaci\u00f3n como la direcci\u00f3n IP de su ordenador, el tipo y la versi\u00f3n del navegador, las p\u00e1ginas de nuestro Servicio que visita, la hora y fecha de su visita, el tiempo que pasa en esas p\u00e1ginas y otras estad\u00edsticas. <\/span><\/p>\n\n<p><span data-preserver-spaces=\"true\">Adem\u00e1s, podemos utilizar servicios de terceros, como Google Analytics, que recopilan, monitorizan y analizan este tipo de datos para mejorar la funcionalidad de nuestro Servicio. Estos proveedores de servicios externos tienen sus propias pol\u00edticas de privacidad que regulan el uso de dicha informaci\u00f3n. <\/span><\/p>\n\n<h2 class=\"wp-block-heading\"><span data-preserver-spaces=\"true\">Cookies<\/span><\/h2>\n\n<p><span data-preserver-spaces=\"true\">Las cookies son archivos que contienen una peque\u00f1a cantidad de datos, los cuales pueden incluir un identificador \u00fanico an\u00f3nimo. Se env\u00edan a su navegador desde un sitio web y se almacenan en el disco duro de su ordenador. <\/span><\/p>\n\n<p><span data-preserver-spaces=\"true\">Utilizamos &#8220;cookies&#8221; para recopilar informaci\u00f3n. Puede configurar su navegador para que rechace todas las cookies o para que le indique cu\u00e1ndo se env\u00eda una. Sin embargo, si no acepta las cookies, es posible que no pueda usar algunas partes de nuestro Servicio.  <\/span><\/p>\n\n<h2 class=\"wp-block-heading\"><span data-preserver-spaces=\"true\">Remarketing Conductual<\/span><\/h2>\n\n<p><span data-preserver-spaces=\"true\">Rad One LTD utiliza servicios de remarketing para mostrarle anuncios en sitios web de terceros despu\u00e9s de que haya visitado nuestro Servicio. Nosotros y nuestros proveedores externos utilizamos cookies para informar, optimizar y mostrar anuncios basados en sus visitas anteriores a nuestro Servicio. <\/span><\/p>\n\n<ul class=\"wp-block-list\">\n<li><span data-preserver-spaces=\"true\">El servicio de remarketing de Google AdWords es proporcionado por Google Inc. Puede inhabilitar Google Analytics para Publicidad Gr\u00e1fica y personalizar los anuncios de la Red de Display de Google visitando el sitio web de  <\/span><a class=\"_e75a791d-denali-editor-page-rtfLink\" href=\"http:\/\/www.google.com\/settings\/ads\" target=\"_blank\" rel=\"noopener noreferrer\"><span data-preserver-spaces=\"true\">Ajustes de Google Ads<\/span><\/a><span data-preserver-spaces=\"true\"> Google tambi\u00e9n recomienda instalar el  <\/span><a class=\"_e75a791d-denali-editor-page-rtfLink\" href=\"https:\/\/tools.google.com\/dlpage\/gaoptout\" target=\"_blank\" rel=\"noopener noreferrer\"><span data-preserver-spaces=\"true\">Complemento de Inhabilitaci\u00f3n para Navegadores de Google Analytics<\/span><\/a><span data-preserver-spaces=\"true\"> para su navegador web. El Complemento de Inhabilitaci\u00f3n para Navegadores de Google Analytics permite a los visitantes evitar que Google Analytics recopile y utilice sus datos. Para obtener m\u00e1s informaci\u00f3n sobre las pr\u00e1cticas de privacidad de Google, visite el sitio web de   <\/span><a class=\"_e75a791d-denali-editor-page-rtfLink\" href=\"http:\/\/www.google.com\/intl\/en\/policies\/privacy\/\" target=\"_blank\" rel=\"noopener noreferrer\"><span data-preserver-spaces=\"true\">Privacidad y T\u00e9rminos de Google<\/span><\/a><span data-preserver-spaces=\"true\">.<\/span><\/li>\n<\/ul>\n\n<h2 class=\"wp-block-heading\"><span data-preserver-spaces=\"true\">Proveedores de Servicios<\/span><\/h2>\n\n<p><span data-preserver-spaces=\"true\">Podemos utilizar empresas e individuos externos para facilitar nuestro Servicio, proporcionar el Servicio en nuestro nombre, realizar servicios relacionados con el Servicio o ayudarnos a analizar c\u00f3mo se utiliza nuestro Servicio.<\/span><\/p>\n\n<p><span data-preserver-spaces=\"true\">Estos terceros tienen acceso a su informaci\u00f3n personal \u00fanicamente para realizar estas tareas en nuestro nombre y est\u00e1n obligados a no divulgarla ni utilizarla para ning\u00fan otro prop\u00f3sito.<\/span><\/p>\n\n<h2 class=\"wp-block-heading\"><span data-preserver-spaces=\"true\">Comunicaciones<\/span><\/h2>\n\n<p><span data-preserver-spaces=\"true\">Podemos utilizar su informaci\u00f3n personal para contactarle a trav\u00e9s de newsletters, materiales de marketing o promocionales, y otra informaci\u00f3n que pueda ser de su inter\u00e9s. Puede optar por no recibir ninguna de estas comunicaciones siguiendo el enlace para cancelar la suscripci\u00f3n o las instrucciones que se incluyen en cualquier correo electr\u00f3nico que le enviemos. <\/span><\/p>\n\n<h2 class=\"wp-block-heading\"><span data-preserver-spaces=\"true\">Cumplimiento de la Legislaci\u00f3n<\/span><\/h2>\n\n<p><span data-preserver-spaces=\"true\">Revelaremos su Informaci\u00f3n Personal cuando as\u00ed lo requiera la ley o de conformidad con una orden de un tribunal de jurisdicci\u00f3n competente, o si creemos que dicha acci\u00f3n es necesaria para cumplir con la legislaci\u00f3n y las solicitudes razonables de las fuerzas del orden, as\u00ed como para proteger la seguridad o integridad de nuestro Servicio.<\/span><\/p>\n\n<h2 class=\"wp-block-heading\"><span data-preserver-spaces=\"true\">Transacci\u00f3n Corporativa<\/span><\/h2>\n\n<p><span data-preserver-spaces=\"true\">Si Rad One LTD participa en una fusi\u00f3n, adquisici\u00f3n o venta de activos, su Informaci\u00f3n Personal podr\u00eda ser transferida. Le notificaremos antes de que su Informaci\u00f3n Personal sea transferida y est\u00e9 sujeta a una Pol\u00edtica de Privacidad diferente. En caso de dicha transferencia de informaci\u00f3n, sus derechos bajo la Ley de Protecci\u00f3n de Datos de 1998 no se ver\u00e1n afectados.  <\/span><\/p>\n\n<h2 class=\"wp-block-heading\"><span data-preserver-spaces=\"true\">Seguridad<\/span><\/h2>\n\n<p><span data-preserver-spaces=\"true\">La seguridad de su Informaci\u00f3n Personal es importante para nosotros, pero recuerde que ning\u00fan m\u00e9todo de transmisi\u00f3n por Internet ni de almacenamiento electr\u00f3nico es 100% seguro. Aunque nos esforzamos por utilizar medios comercialmente aceptables para proteger su Informaci\u00f3n Personal, no podemos garantizar su seguridad absoluta. Por lo tanto, no ofrecemos garant\u00edas sobre el nivel de seguridad de sus datos, salvo que siempre actuaremos de conformidad con la legislaci\u00f3n pertinente del Reino Unido y la UE.  <\/span><\/p>\n\n<h2 class=\"wp-block-heading\"><span data-preserver-spaces=\"true\">Transferencia Internacional<\/span><\/h2>\n\n<p><span data-preserver-spaces=\"true\">Su informaci\u00f3n, incluida la Informaci\u00f3n Personal, puede transferirse y mantenerse en ordenadores ubicados fuera de su estado, provincia, pa\u00eds u otra jurisdicci\u00f3n gubernamental donde las leyes de protecci\u00f3n de datos pueden diferir de las de su jurisdicci\u00f3n.<\/span><\/p>\n\n<p><span data-preserver-spaces=\"true\">Si se encuentra fuera del Reino Unido y decide proporcionarnos informaci\u00f3n, tenga en cuenta que transferimos la informaci\u00f3n, incluida la Informaci\u00f3n Personal, al Reino Unido y la procesamos all\u00ed.<\/span><\/p>\n\n<p><span data-preserver-spaces=\"true\">Su consentimiento a esta Pol\u00edtica de Privacidad, seguido del env\u00edo de dicha informaci\u00f3n, representa su aceptaci\u00f3n de dicha transferencia.<\/span><\/p>\n\n<p><span data-preserver-spaces=\"true\">En caso de que surja una disputa con respecto a la transferencia internacional de datos, usted acepta que los tribunales de Inglaterra y Gales tendr\u00e1n jurisdicci\u00f3n exclusiva sobre el asunto.<\/span><\/p>\n\n<h2 class=\"wp-block-heading\"><span data-preserver-spaces=\"true\">Sus derechos Individuales<\/span><\/h2>\n\n<h3 class=\"wp-block-heading\"><span data-preserver-spaces=\"true\">\u2013 Su derecho a ser informado<\/span><\/h3>\n\n<p><span data-preserver-spaces=\"true\">Este aviso de privacidad forma parte del proceso en el que usted tiene derecho a estar informado. Si recopilamos informaci\u00f3n de terceros que usted nos haya proporcionado, se la proporcionaremos en un plazo razonable, pero no m\u00e1s tarde de un mes. <\/span><\/p>\n\n<h3 class=\"wp-block-heading\"><span data-preserver-spaces=\"true\">\u2013 Su derecho de acceso<\/span><\/h3>\n\n<p><span data-preserver-spaces=\"true\">Tiene derecho a obtener confirmaci\u00f3n de que sus datos est\u00e1n siendo tratados. Tambi\u00e9n tiene derecho a acceder a sus datos personales y a verificar la licitud del tratamiento. <\/span><\/p>\n\n<p><span data-preserver-spaces=\"true\">Toda solicitud es gratuita; sin embargo, podr\u00edamos cobrar una tarifa razonable si la solicitud es excesiva. Tambi\u00e9n podr\u00edamos cobrar si se realizan solicitudes posteriores para la misma informaci\u00f3n. <\/span><\/p>\n\n<p><span data-preserver-spaces=\"true\">Nos aseguraremos de que cualquier solicitud de acceso de un interesado a sus datos se procese dentro del mes siguiente a su recepci\u00f3n.<\/span><\/p>\n\n<p><span data-preserver-spaces=\"true\">Como parte de este proceso, necesitaremos verificar su identidad por medios razonables. Generalmente, esto se hace por correo postal o electr\u00f3nico. <\/span><\/p>\n\n<h3 class=\"wp-block-heading\"><span data-preserver-spaces=\"true\">\u2013 Su derecho de rectificaci\u00f3n<\/span><\/h3>\n\n<p><span data-preserver-spaces=\"true\">Tiene derecho a que se corrija o complete cualquier informaci\u00f3n inexacta si est\u00e1 incompleta. Puede hacerlo verbalmente al asesor o por escrito. <\/span><\/p>\n\n<p><span data-preserver-spaces=\"true\">Corregiremos cualquier dato que conservemos en el plazo de un mes a partir de la notificaci\u00f3n. No le cobraremos por modificar o corregir sus datos, a menos que sean excesivos. <\/span><\/p>\n\n<p><span data-preserver-spaces=\"true\">Es posible que necesitemos verificar su identidad para realizar los cambios solicitados.<\/span><\/p>\n\n<p><span data-preserver-spaces=\"true\">Si hemos proporcionado esta informaci\u00f3n a otras partes, nos comunicaremos con cada una de ellas individualmente para actualizar sus registros de sus datos.<\/span><\/p>\n\n<h3 class=\"wp-block-heading\"><span data-preserver-spaces=\"true\">\u2013 Su derecho al borrado<\/span><\/h3>\n\n<p><span data-preserver-spaces=\"true\">Tiene derecho a que se borren sus datos personales. Esto se conoce como su derecho al olvido. Puede solicitarlo por escrito.  <\/span><\/p>\n\n<p><span data-preserver-spaces=\"true\">Responderemos a cualquier solicitud dentro de un mes desde la recepci\u00f3n de la solicitud.<\/span><\/p>\n\n<p><span data-preserver-spaces=\"true\">No le cobraremos por borrar sus datos. Tambi\u00e9n necesitaremos verificar la identidad de cada persona que ejerza el derecho al olvido. <\/span><span data-preserver-spaces=\"true\"> <\/span><\/p>\n\n<h3 class=\"wp-block-heading\"><span data-preserver-spaces=\"true\">\u2013 Su derecho a restringir el procesamiento<\/span><\/h3>\n\n<p><span data-preserver-spaces=\"true\">Tiene derecho a solicitar que restrinjamos o dejemos de usar su informaci\u00f3n personal. Podemos seguir almacenando la informaci\u00f3n, pero dejaremos de usarla. <\/span><\/p>\n\n<p><span data-preserver-spaces=\"true\">Su solicitud podr\u00e1 realizarse por escrito y ser\u00e1 respondida sin demora indebida y en un plazo m\u00e1ximo de un mes a partir de la fecha de la solicitud.<\/span><\/p>\n\n<h3 class=\"wp-block-heading\"><span data-preserver-spaces=\"true\">\u2013 Su derecho a objetar<\/span><\/h3>\n\n<p><span data-preserver-spaces=\"true\">Tiene derecho a oponerse al uso de sus datos personales. Si desea que dejemos de utilizarlos, lo haremos sin demora. <\/span><\/p>\n\n<h3 class=\"wp-block-heading\"><span data-preserver-spaces=\"true\">\u2013 Su derecho a presentar una queja<\/span><span data-preserver-spaces=\"true\"> <\/span><\/h3>\n\n<p><span data-preserver-spaces=\"true\">Si tiene una queja sobre nuestro uso de su informaci\u00f3n, puede comunicarse con la Oficina del Comisionado de Informaci\u00f3n a trav\u00e9s de su sitio web en www.ico.org\/concerns o escribirles a:<\/span><span data-preserver-spaces=\"true\">  <\/span><\/p>\n\n<p><span data-preserver-spaces=\"true\">Information Commissioner\u2019s Office<\/span><br\/><span data-preserver-spaces=\"true\">Wycliffe House<\/span><br\/><span data-preserver-spaces=\"true\">Water Lane<\/span><br\/><span data-preserver-spaces=\"true\">Wilmslow<\/span><br\/><span data-preserver-spaces=\"true\">Cheshire<\/span><br\/><span data-preserver-spaces=\"true\">SK9 5AF<\/span><br\/><span data-preserver-spaces=\"true\">United Kingdom <\/span> <\/p>\n\n<h2 class=\"wp-block-heading\"><span data-preserver-spaces=\"true\">Enlaces a Otros Sitios Web<\/span><\/h2>\n\n<p><span data-preserver-spaces=\"true\">Nuestro Servicio puede contener enlaces a otros sitios web no operados por nosotros. Si hace clic en un enlace de un tercero, ser\u00e1 redirigido a su sitio web. Le recomendamos encarecidamente que revise la Pol\u00edtica de Privacidad de cada sitio web que visite.  <\/span><\/p>\n\n<p><span data-preserver-spaces=\"true\">No tenemos control ni asumimos ninguna responsabilidad por el contenido, las pol\u00edticas de privacidad o las pr\u00e1cticas de sitios web o servicios de terceros.<\/span><\/p>\n\n<h2 class=\"wp-block-heading\"><span data-preserver-spaces=\"true\">Privacidad Infantil<\/span><\/h2>\n\n<p><span data-preserver-spaces=\"true\">Nuestro Servicio no est\u00e1 dirigido a ninguna persona menor de 13 a\u00f1os (\u201cNi\u00f1os\u201d).<\/span><\/p>\n\n<p><span data-preserver-spaces=\"true\">No recopilamos intencionalmente informaci\u00f3n personal identificable de menores de 13 a\u00f1os. Si usted es padre, madre o tutor y sabe que sus hijos nos han proporcionado Informaci\u00f3n Personal, p\u00f3ngase en contacto con nosotros. Si detectamos que hemos recopilado Informaci\u00f3n Personal de menores de 13 a\u00f1os sin verificar el consentimiento parental, tomaremos medidas para eliminarla de nuestros servidores.  <\/span><\/p>\n\n<h2 class=\"wp-block-heading\"><span data-preserver-spaces=\"true\">Cambios en esta Pol\u00edtica de privacidad<\/span><\/h2>\n\n<p><span data-preserver-spaces=\"true\">Podemos actualizar nuestra Pol\u00edtica de Privacidad peri\u00f3dicamente. Le notificaremos cualquier cambio publicando la nueva Pol\u00edtica de Privacidad en esta p\u00e1gina. <\/span><\/p>\n\n<p><span data-preserver-spaces=\"true\">Le recomendamos revisar esta Pol\u00edtica de Privacidad peri\u00f3dicamente para estar al tanto de cualquier cambio. Los cambios a esta Pol\u00edtica de Privacidad entran en vigor al publicarse en esta p\u00e1gina. <\/span><\/p>\n\n<p><span data-preserver-spaces=\"true\">Si realizamos alg\u00fan cambio sustancial a esta Pol\u00edtica de Privacidad, se lo notificaremos a trav\u00e9s de la direcci\u00f3n de correo electr\u00f3nico que nos ha proporcionado o colocando un aviso destacado en nuestro sitio web.<\/span><\/p>\n\n<h2 class=\"wp-block-heading\"><span data-preserver-spaces=\"true\">Jurisdicci\u00f3n<\/span><\/h2>\n\n<p><span data-preserver-spaces=\"true\">Esta Pol\u00edtica se regir\u00e1 e interpretar\u00e1 de conformidad con las leyes de Inglaterra y Gales sin tener en cuenta sus disposiciones sobre conflicto de leyes.<\/span><\/p>\n\n<h2 class=\"wp-block-heading\"><span data-preserver-spaces=\"true\">Contacta con Nosotros<\/span><\/h2>\n\n<p><span data-preserver-spaces=\"true\">Si tienes cualquier pregunta sobre esta Pol\u00edtica de Privacidad, <\/span><a class=\"_e75a791d-denali-editor-page-rtfLink\" href=\"https:\/\/eu.intelligentlabs.org\/es-es\/contacta-con-nosotros\/\" target=\"_blank\" rel=\"noopener noreferrer\"><span data-preserver-spaces=\"true\">contacta con nosotros<\/span><\/a>: <span data-preserver-spaces=\"true\">support@intelligentlabs.org<\/span><\/p>\n\n<p><span data-preserver-spaces=\"true\">Tambi\u00e9n puede contactarnos por correo postal en nuestra direcci\u00f3n registrada:<\/span><\/p>\n\n<p><span data-preserver-spaces=\"true\">32 Barnmead<\/span><br\/><span data-preserver-spaces=\"true\">Haywards Heath<\/span><br\/><span data-preserver-spaces=\"true\">England<\/span><br\/><span data-preserver-spaces=\"true\">RH16 1UZ<\/span><br\/><span data-preserver-spaces=\"true\">United Kingdom<\/span><\/p>\n","protected":false},"excerpt":{"rendered":"<p>Pol\u00edtica de Privacidad [\u00daltima actualizaci\u00f3n: mayo de 2018 Rad One LTD (\u00abnosotros\u00bb o \u00abnuestro\u00bb) gestiona la p\u00e1gina web https:\/\/eu.intelligentlabs.org (el \u00abServicio\u00bb). Esta p\u00e1gina le informa sobre nuestras pol\u00edticas con respecto a la recopilaci\u00f3n, uso y divulgaci\u00f3n de Informaci\u00f3n Personal cuando utiliza nuestro Servicio, de acuerdo con el Reglamento General de Protecci\u00f3n de Datos de mayo&#8230;<\/p>\n","protected":false},"author":1,"featured_media":0,"parent":0,"menu_order":0,"comment_status":"closed","ping_status":"closed","template":"","meta":{"_kad_blocks_custom_css":"","_kad_blocks_head_custom_js":"","_kad_blocks_body_custom_js":"","_kad_blocks_footer_custom_js":"","_kad_post_transparent":"","_kad_post_title":"","_kad_post_layout":"","_kad_post_sidebar_id":"","_kad_post_content_style":"","_kad_post_vertical_padding":"","_kad_post_feature":"","_kad_post_feature_position":"","_kad_post_header":false,"_kad_post_footer":false,"_kad_post_classname":"","footnotes":""},"coauthors":[1036],"class_list":["post-216312","page","type-page","status-publish","hentry"],"taxonomy_info":[],"featured_image_src_large":false,"author_info":{"display_name":"Rus Hughes","author_link":"https:\/\/eu.intelligentlabs.org\/es-es\/author\/admin\/"},"comment_info":0,"wpml":{"language":"es-es","is_original":false,"original_post_id":129692,"translations":{"bg-bg":{"id":225423,"language":"bg-bg","is_original":false},"cs-cz":{"id":221642,"language":"cs-cz","is_original":false},"da-dk":{"id":222058,"language":"da-dk","is_original":false},"de-at":{"id":216323,"language":"de-at","is_original":false},"de-de":{"id":216294,"language":"de-de","is_original":false},"el-cy":{"id":229307,"language":"el-cy","is_original":false},"el-gr":{"id":228885,"language":"el-gr","is_original":false},"en-gb":{"id":129692,"language":"en-gb","is_original":true},"en-ie":{"id":213912,"language":"en-ie","is_original":false},"en-mt":{"id":213913,"language":"en-mt","is_original":false},"es-es":{"id":216312,"language":"es-es","is_original":false},"et-ee":{"id":229237,"language":"et-ee","is_original":false},"fi-fi":{"id":237872,"language":"fi-fi","is_original":false},"fr-fr":{"id":215154,"language":"fr-fr","is_original":false},"fr-lu":{"id":218543,"language":"fr-lu","is_original":false},"hu-hu":{"id":223887,"language":"hu-hu","is_original":false},"it-it":{"id":216316,"language":"it-it","is_original":false},"lt-lt":{"id":230794,"language":"lt-lt","is_original":false},"lv-lv":{"id":229918,"language":"lv-lv","is_original":false},"nl-be":{"id":217884,"language":"nl-be","is_original":false},"nl-nl":{"id":215151,"language":"nl-nl","is_original":false},"pl-pl":{"id":216512,"language":"pl-pl","is_original":false},"pt-pt":{"id":213907,"language":"pt-pt","is_original":false},"ro-ro":{"id":237607,"language":"ro-ro","is_original":false},"sk-sk":{"id":242329,"language":"sk-sk","is_original":false},"sl-si":{"id":253860,"language":"sl-si","is_original":false},"sv-se":{"id":223092,"language":"sv-se","is_original":false}}},"_links":{"self":[{"href":"https:\/\/eu.intelligentlabs.org\/es-es\/wp-json\/wp\/v2\/pages\/216312","targetHints":{"allow":["GET"]}}],"collection":[{"href":"https:\/\/eu.intelligentlabs.org\/es-es\/wp-json\/wp\/v2\/pages"}],"about":[{"href":"https:\/\/eu.intelligentlabs.org\/es-es\/wp-json\/wp\/v2\/types\/page"}],"author":[{"embeddable":true,"href":"https:\/\/eu.intelligentlabs.org\/es-es\/wp-json\/wp\/v2\/users\/1"}],"replies":[{"embeddable":true,"href":"https:\/\/eu.intelligentlabs.org\/es-es\/wp-json\/wp\/v2\/comments?post=216312"}],"version-history":[{"count":6,"href":"https:\/\/eu.intelligentlabs.org\/es-es\/wp-json\/wp\/v2\/pages\/216312\/revisions"}],"predecessor-version":[{"id":218854,"href":"https:\/\/eu.intelligentlabs.org\/es-es\/wp-json\/wp\/v2\/pages\/216312\/revisions\/218854"}],"wp:attachment":[{"href":"https:\/\/eu.intelligentlabs.org\/es-es\/wp-json\/wp\/v2\/media?parent=216312"}],"wp:term":[{"taxonomy":"author","embeddable":true,"href":"https:\/\/eu.intelligentlabs.org\/es-es\/wp-json\/wp\/v2\/coauthors?post=216312"}],"curies":[{"name":"wp","href":"https:\/\/api.w.org\/{rel}","templated":true}]}}