{"id":133314,"date":"2025-05-30T11:19:49","date_gmt":"2025-05-30T11:19:49","guid":{"rendered":"https:\/\/eu.intelligentlabs.org\/?post_type=product&#038;p=133314"},"modified":"2026-04-01T09:20:39","modified_gmt":"2026-04-01T08:20:39","slug":"magenhance-magnesium-complex","status":"publish","type":"product","link":"https:\/\/eu.intelligentlabs.org\/de-de\/produkt\/magenhance-magnesium-complex\/","title":{"rendered":"MagEnhance Magnesium Komplex"},"content":{"rendered":"","protected":false},"excerpt":{"rendered":"<p>Mit Magnesium-L-Threonat, Magnesium-Glycinat und Magnesium-Taurat<\/p>\n<ul>\n<li>Leicht absorbierbare Formen von Magnesium mit geringstem Risiko von Nebenwirkungen<\/li>\n<li>Magnesium-L-Threonat f\u00f6rdert die Lernf\u00e4higkeit und die Ged\u00e4chtnisleistung<\/li>\n<li>Magnesiumtaurat beruhigt die Nerven und hilft beim Einschlafen<\/li>\n<li>Magnesiumglycinat verhindert einen niedrigen Magnesiumspiegel im K\u00f6rper<\/li>\n<li>90 Kapseln pro Flasche, 30-Tage-Vorrat<\/li>\n<li>Faire R\u00fcckgabe und Erstattungsbedingungen<\/li>\n<\/ul>\n","protected":false},"featured_media":255364,"comment_status":"closed","ping_status":"closed","template":"","meta":{"_kad_blocks_custom_css":"","_kad_blocks_head_custom_js":"","_kad_blocks_body_custom_js":"","_kad_blocks_footer_custom_js":"","_kad_post_transparent":"default","_kad_post_title":"","_kad_post_layout":"default","_kad_post_sidebar_id":"","_kad_post_content_style":"default","_kad_post_vertical_padding":"default","_kad_post_feature":"","_kad_post_feature_position":"","_kad_post_header":false,"_kad_post_footer":false,"_kad_post_classname":""},"product_brand":[],"product_cat":[987],"product_tag":[],"class_list":{"0":"post-133314","1":"product","2":"type-product","3":"status-publish","4":"has-post-thumbnail","6":"product_cat-stimmung-schlaf","7":"has-subscription-plans","9":"first","10":"instock","11":"taxable","12":"shipping-taxable","13":"purchasable","14":"product-type-simple","15":"entry","16":"content-bg","17":"loop-entry"},"taxonomy_info":{"product_cat":[{"value":987,"label":"Stimmung \/ Schlaf"}]},"featured_image_src_large":["https:\/\/eu.intelligentlabs.org\/wp-content\/uploads\/2025\/05\/MagEhnahce_DE-Front-White-BG.png",1000,1000,false],"author_info":[],"comment_info":0,"wpml":{"language":"de-de","is_original":true,"original_post_id":133314,"translations":{"cs-cz":{"id":221902,"language":"cs-cz","is_original":false},"da-dk":{"id":222773,"language":"da-dk","is_original":false},"de-at":{"id":167711,"language":"de-at","is_original":false},"de-de":{"id":133314,"language":"de-de","is_original":true},"el-cy":{"id":229345,"language":"el-cy","is_original":false},"el-gr":{"id":228937,"language":"el-gr","is_original":false},"en-ie":{"id":167150,"language":"en-ie","is_original":false},"en-mt":{"id":167393,"language":"en-mt","is_original":false},"et-ee":{"id":229750,"language":"et-ee","is_original":false},"fi-fi":{"id":238205,"language":"fi-fi","is_original":false},"hu-hu":{"id":224516,"language":"hu-hu","is_original":false},"lt-lt":{"id":237275,"language":"lt-lt","is_original":false},"lv-lv":{"id":230446,"language":"lv-lv","is_original":false},"nl-be":{"id":217953,"language":"nl-be","is_original":false},"nl-nl":{"id":190931,"language":"nl-nl","is_original":false},"pl-pl":{"id":171249,"language":"pl-pl","is_original":false},"ro-ro":{"id":237769,"language":"ro-ro","is_original":false},"sk-sk":{"id":249095,"language":"sk-sk","is_original":false},"sl-si":{"id":242433,"language":"sl-si","is_original":false},"sv-se":{"id":223417,"language":"sv-se","is_original":false}}},"_links":{"self":[{"href":"https:\/\/eu.intelligentlabs.org\/de-de\/wp-json\/wp\/v2\/product\/133314","targetHints":{"allow":["GET"]}}],"collection":[{"href":"https:\/\/eu.intelligentlabs.org\/de-de\/wp-json\/wp\/v2\/product"}],"about":[{"href":"https:\/\/eu.intelligentlabs.org\/de-de\/wp-json\/wp\/v2\/types\/product"}],"replies":[{"embeddable":true,"href":"https:\/\/eu.intelligentlabs.org\/de-de\/wp-json\/wp\/v2\/comments?post=133314"}],"wp:featuredmedia":[{"embeddable":true,"href":"https:\/\/eu.intelligentlabs.org\/de-de\/wp-json\/wp\/v2\/media\/255364"}],"wp:attachment":[{"href":"https:\/\/eu.intelligentlabs.org\/de-de\/wp-json\/wp\/v2\/media?parent=133314"}],"wp:term":[{"taxonomy":"product_brand","embeddable":true,"href":"https:\/\/eu.intelligentlabs.org\/de-de\/wp-json\/wp\/v2\/product_brand?post=133314"},{"taxonomy":"product_cat","embeddable":true,"href":"https:\/\/eu.intelligentlabs.org\/de-de\/wp-json\/wp\/v2\/product_cat?post=133314"},{"taxonomy":"product_tag","embeddable":true,"href":"https:\/\/eu.intelligentlabs.org\/de-de\/wp-json\/wp\/v2\/product_tag?post=133314"}],"curies":[{"name":"wp","href":"https:\/\/api.w.org\/{rel}","templated":true}]}}