{"id":133310,"date":"2025-05-30T11:19:49","date_gmt":"2025-05-30T11:19:49","guid":{"rendered":"https:\/\/eu.intelligentlabs.org\/?post_type=product&#038;p=133310"},"modified":"2026-03-27T17:41:35","modified_gmt":"2026-03-27T17:41:35","slug":"lebendkulturen-sunfiber-fos-frauen","status":"publish","type":"product","link":"https:\/\/eu.intelligentlabs.org\/de-de\/produkt\/lebendkulturen-sunfiber-fos-frauen\/","title":{"rendered":"Lebendkulturen mit Ballaststoffen f\u00fcr Frauen"},"content":{"rendered":"","protected":false},"excerpt":{"rendered":"<p>F\u00fcr die Gesundheit des Verdauungstraktes, der Vagina und des Harntraktes*<\/p>\n<ul>\n<li>Mindestens 6 Milliarden KBE pro Kapsel<\/li>\n<li>4 patentierte lebende Kulturst\u00e4mme, die speziell f\u00fcr die Darmgesundheit von Frauen ausgew\u00e4hlt wurden<\/li>\n<li>Mit Crantiva\u2122 Cranberry-Saftpulver und D-Mannose<\/li>\n<li>Jede Kapsel enth\u00e4lt Sunfiber\u00ae und FOS Ballaststoffe<\/li>\n<li>60 Kapseln pro Flasche, 60-Tage-Vorrat<\/li>\n<li>Faire R\u00fcckgabe- und R\u00fcckerstattungsrichtlinien<\/li>\n<\/ul>\n","protected":false},"featured_media":133552,"comment_status":"closed","ping_status":"closed","template":"","meta":{"_kad_blocks_custom_css":"","_kad_blocks_head_custom_js":"","_kad_blocks_body_custom_js":"","_kad_blocks_footer_custom_js":"","_kad_post_transparent":"default","_kad_post_title":"","_kad_post_layout":"default","_kad_post_sidebar_id":"","_kad_post_content_style":"default","_kad_post_vertical_padding":"default","_kad_post_feature":"","_kad_post_feature_position":"","_kad_post_header":false,"_kad_post_footer":false,"_kad_post_classname":""},"product_brand":[],"product_cat":[966],"product_tag":[],"class_list":{"0":"post-133310","1":"product","2":"type-product","3":"status-publish","4":"has-post-thumbnail","6":"product_cat-lebende-kulturen","7":"has-subscription-plans","9":"first","10":"instock","11":"taxable","12":"shipping-taxable","13":"purchasable","14":"product-type-simple","15":"entry","16":"content-bg","17":"loop-entry"},"taxonomy_info":{"product_cat":[{"value":966,"label":"Lebende Kulturen"}]},"featured_image_src_large":["https:\/\/eu.intelligentlabs.org\/wp-content\/uploads\/2025\/05\/wompro-main.jpg",1000,1000,false],"author_info":[],"comment_info":0,"wpml":{"language":"de-de","is_original":true,"original_post_id":133310,"translations":{"bg-bg":{"id":225531,"language":"bg-bg","is_original":false},"cs-cz":{"id":221944,"language":"cs-cz","is_original":false},"da-dk":{"id":222838,"language":"da-dk","is_original":false},"de-at":{"id":167671,"language":"de-at","is_original":false},"de-de":{"id":133310,"language":"de-de","is_original":true},"el-cy":{"id":229360,"language":"el-cy","is_original":false},"el-gr":{"id":229036,"language":"el-gr","is_original":false},"en-ie":{"id":167318,"language":"en-ie","is_original":false},"en-mt":{"id":167493,"language":"en-mt","is_original":false},"et-ee":{"id":229670,"language":"et-ee","is_original":false},"fi-fi":{"id":238237,"language":"fi-fi","is_original":false},"hu-hu":{"id":223927,"language":"hu-hu","is_original":false},"lt-lt":{"id":237370,"language":"lt-lt","is_original":false},"lv-lv":{"id":230512,"language":"lv-lv","is_original":false},"nl-be":{"id":217922,"language":"nl-be","is_original":false},"nl-nl":{"id":216152,"language":"nl-nl","is_original":false},"pl-pl":{"id":171283,"language":"pl-pl","is_original":false},"ro-ro":{"id":237716,"language":"ro-ro","is_original":false},"sk-sk":{"id":253028,"language":"sk-sk","is_original":false},"sl-si":{"id":242381,"language":"sl-si","is_original":false},"sv-se":{"id":223600,"language":"sv-se","is_original":false}}},"_links":{"self":[{"href":"https:\/\/eu.intelligentlabs.org\/de-de\/wp-json\/wp\/v2\/product\/133310","targetHints":{"allow":["GET"]}}],"collection":[{"href":"https:\/\/eu.intelligentlabs.org\/de-de\/wp-json\/wp\/v2\/product"}],"about":[{"href":"https:\/\/eu.intelligentlabs.org\/de-de\/wp-json\/wp\/v2\/types\/product"}],"replies":[{"embeddable":true,"href":"https:\/\/eu.intelligentlabs.org\/de-de\/wp-json\/wp\/v2\/comments?post=133310"}],"wp:featuredmedia":[{"embeddable":true,"href":"https:\/\/eu.intelligentlabs.org\/de-de\/wp-json\/wp\/v2\/media\/133552"}],"wp:attachment":[{"href":"https:\/\/eu.intelligentlabs.org\/de-de\/wp-json\/wp\/v2\/media?parent=133310"}],"wp:term":[{"taxonomy":"product_brand","embeddable":true,"href":"https:\/\/eu.intelligentlabs.org\/de-de\/wp-json\/wp\/v2\/product_brand?post=133310"},{"taxonomy":"product_cat","embeddable":true,"href":"https:\/\/eu.intelligentlabs.org\/de-de\/wp-json\/wp\/v2\/product_cat?post=133310"},{"taxonomy":"product_tag","embeddable":true,"href":"https:\/\/eu.intelligentlabs.org\/de-de\/wp-json\/wp\/v2\/product_tag?post=133310"}],"curies":[{"name":"wp","href":"https:\/\/api.w.org\/{rel}","templated":true}]}}