{"id":133302,"date":"2025-05-30T11:19:48","date_gmt":"2025-05-30T11:19:48","guid":{"rendered":"https:\/\/eu.intelligentlabs.org\/?post_type=product&#038;p=133302"},"modified":"2026-03-27T17:46:25","modified_gmt":"2026-03-27T17:46:25","slug":"omega-3-fish-oil","status":"publish","type":"product","link":"https:\/\/eu.intelligentlabs.org\/de-de\/produkt\/omega-3-fish-oil\/","title":{"rendered":"Premium Omega 3"},"content":{"rendered":"","protected":false},"excerpt":{"rendered":"<p>F\u00fcr Gehirn, Blut und kardiovaskul\u00e4re Unterst\u00fctzung*<\/p>\n<ul>\n<li>2.250mg hochwertiges Triglycerid-Fisch\u00f6l<\/li>\n<li>3:2 EPA:DHA Verh\u00e4ltnis (1.224 mg EPA \/ 816 mg DHA)<\/li>\n<li>Raffiniert, um alle Verunreinigungen f\u00fcr Reinheit zu entfernen<\/li>\n<li>120 softgels per bottle, 40-day supply<\/li>\n<li>Faire R\u00fcckgabe- und Erstattungsbedingungen<\/li>\n<\/ul>\n","protected":false},"featured_media":255406,"comment_status":"closed","ping_status":"closed","template":"","meta":{"_kad_blocks_custom_css":"","_kad_blocks_head_custom_js":"","_kad_blocks_body_custom_js":"","_kad_blocks_footer_custom_js":"","_kad_post_transparent":"default","_kad_post_title":"","_kad_post_layout":"default","_kad_post_sidebar_id":"","_kad_post_content_style":"default","_kad_post_vertical_padding":"default","_kad_post_feature":"","_kad_post_feature_position":"","_kad_post_header":false,"_kad_post_footer":false,"_kad_post_classname":""},"product_brand":[],"product_cat":[972],"product_tag":[761],"class_list":{"0":"post-133302","1":"product","2":"type-product","3":"status-publish","4":"has-post-thumbnail","6":"product_cat-antioxidantien","7":"product_tag-omega-3","8":"has-subscription-plans","10":"first","11":"instock","12":"taxable","13":"shipping-taxable","14":"purchasable","15":"product-type-simple","16":"entry","17":"content-bg","18":"loop-entry"},"taxonomy_info":{"product_cat":[{"value":972,"label":"Antioxidantien"}],"product_tag":[{"value":761,"label":"omega 3"}]},"featured_image_src_large":["https:\/\/eu.intelligentlabs.org\/wp-content\/uploads\/2025\/05\/Omega3_DE-Front-White-BG.png",1000,1000,false],"author_info":[],"comment_info":0,"wpml":{"language":"de-de","is_original":true,"original_post_id":133302,"translations":{"bg-bg":{"id":225564,"language":"bg-bg","is_original":false},"cs-cz":{"id":221925,"language":"cs-cz","is_original":false},"da-dk":{"id":222801,"language":"da-dk","is_original":false},"de-at":{"id":169205,"language":"de-at","is_original":false},"de-de":{"id":133302,"language":"de-de","is_original":true},"el-cy":{"id":229392,"language":"el-cy","is_original":false},"el-gr":{"id":228970,"language":"el-gr","is_original":false},"en-ie":{"id":167213,"language":"en-ie","is_original":false},"en-mt":{"id":167477,"language":"en-mt","is_original":false},"et-ee":{"id":229769,"language":"et-ee","is_original":false},"fi-fi":{"id":238257,"language":"fi-fi","is_original":false},"hu-hu":{"id":224866,"language":"hu-hu","is_original":false},"lt-lt":{"id":237306,"language":"lt-lt","is_original":false},"lv-lv":{"id":230497,"language":"lv-lv","is_original":false},"nl-be":{"id":217985,"language":"nl-be","is_original":false},"nl-nl":{"id":197549,"language":"nl-nl","is_original":false},"ro-ro":{"id":237807,"language":"ro-ro","is_original":false},"sk-sk":{"id":250028,"language":"sk-sk","is_original":false},"sl-si":{"id":242478,"language":"sl-si","is_original":false},"sv-se":{"id":262202,"language":"sv-se","is_original":false}}},"_links":{"self":[{"href":"https:\/\/eu.intelligentlabs.org\/de-de\/wp-json\/wp\/v2\/product\/133302","targetHints":{"allow":["GET"]}}],"collection":[{"href":"https:\/\/eu.intelligentlabs.org\/de-de\/wp-json\/wp\/v2\/product"}],"about":[{"href":"https:\/\/eu.intelligentlabs.org\/de-de\/wp-json\/wp\/v2\/types\/product"}],"replies":[{"embeddable":true,"href":"https:\/\/eu.intelligentlabs.org\/de-de\/wp-json\/wp\/v2\/comments?post=133302"}],"wp:featuredmedia":[{"embeddable":true,"href":"https:\/\/eu.intelligentlabs.org\/de-de\/wp-json\/wp\/v2\/media\/255406"}],"wp:attachment":[{"href":"https:\/\/eu.intelligentlabs.org\/de-de\/wp-json\/wp\/v2\/media?parent=133302"}],"wp:term":[{"taxonomy":"product_brand","embeddable":true,"href":"https:\/\/eu.intelligentlabs.org\/de-de\/wp-json\/wp\/v2\/product_brand?post=133302"},{"taxonomy":"product_cat","embeddable":true,"href":"https:\/\/eu.intelligentlabs.org\/de-de\/wp-json\/wp\/v2\/product_cat?post=133302"},{"taxonomy":"product_tag","embeddable":true,"href":"https:\/\/eu.intelligentlabs.org\/de-de\/wp-json\/wp\/v2\/product_tag?post=133302"}],"curies":[{"name":"wp","href":"https:\/\/api.w.org\/{rel}","templated":true}]}}